{"id":1794,"date":"2025-02-07T17:53:02","date_gmt":"2025-02-07T17:53:02","guid":{"rendered":"https:\/\/carreraymartinez.co\/?page_id=1794"},"modified":"2025-02-07T18:11:55","modified_gmt":"2025-02-07T18:11:55","slug":"islawa","status":"publish","type":"page","link":"https:\/\/carmarbg.com\/index.php\/home\/asesorias-y-consultorias\/consultorias-y-asesorias-en-proyectos-hoteleros-y-residenciales\/islawa\/","title":{"rendered":"Proyecto Islawa en Bar\u00fa"},"content":{"rendered":"\t\t<div data-elementor-type=\"wp-page\" data-elementor-id=\"1794\" class=\"elementor elementor-1794\">\n\t\t\t\t\t\t<section class=\"elementor-section elementor-top-section elementor-element elementor-element-ee301fa elementor-section-boxed elementor-section-height-default elementor-section-height-default\" data-id=\"ee301fa\" data-element_type=\"section\" data-e-type=\"section\">\n\t\t\t\t\t\t<div class=\"elementor-container elementor-column-gap-default\">\n\t\t\t\t\t<div class=\"elementor-column elementor-col-100 elementor-top-column elementor-element elementor-element-43a5ff5\" data-id=\"43a5ff5\" data-element_type=\"column\" data-e-type=\"column\">\n\t\t\t<div class=\"elementor-widget-wrap elementor-element-populated\">\n\t\t\t\t\t\t<div class=\"elementor-element elementor-element-1de4219 elementor-widget elementor-widget-text-editor\" data-id=\"1de4219\" data-element_type=\"widget\" data-e-type=\"widget\" data-widget_type=\"text-editor.default\">\n\t\t\t\t<div class=\"elementor-widget-container\">\n\t\t\t\t\t\t\t\t\t<p>Nuestro acompa\u00f1amiento en este hermoso proyecto inici\u00f3 con la especificaci\u00f3n detallada de acabados arquitect\u00f3nicos, equipos de cocina, mobiliario, decoraci\u00f3n y dotaci\u00f3n del hotel; <b>coordinaci\u00f3n de compras, apoyo con contratistas y montaje final<\/b>. De igual manera hicimos la coordinaci\u00f3n con el equipo de la empresa operadora, hasta la entrega final para su apertura.<\/p>\t\t\t\t\t\t\t\t<\/div>\n\t\t\t\t<\/div>\n\t\t\t\t\t<\/div>\n\t\t<\/div>\n\t\t\t\t\t<\/div>\n\t\t<\/section>\n\t\t\t\t<section class=\"elementor-section elementor-top-section elementor-element elementor-element-535c665 elementor-section-boxed elementor-section-height-default elementor-section-height-default\" data-id=\"535c665\" data-element_type=\"section\" data-e-type=\"section\">\n\t\t\t\t\t\t<div class=\"elementor-container elementor-column-gap-default\">\n\t\t\t\t\t<div class=\"elementor-column elementor-col-50 elementor-top-column elementor-element elementor-element-ae31ef8\" data-id=\"ae31ef8\" data-element_type=\"column\" data-e-type=\"column\">\n\t\t\t<div class=\"elementor-widget-wrap elementor-element-populated\">\n\t\t\t\t\t\t<div class=\"elementor-element elementor-element-d64af78 elementor-widget__width-initial elementor-widget elementor-widget-image\" data-id=\"d64af78\" data-element_type=\"widget\" data-e-type=\"widget\" data-widget_type=\"image.default\">\n\t\t\t\t<div class=\"elementor-widget-container\">\n\t\t\t\t\t\t\t\t\t\t\t\t\t\t\t<img fetchpriority=\"high\" decoding=\"async\" width=\"768\" height=\"1024\" src=\"https:\/\/carmarbg.com\/wp-content\/uploads\/2025\/02\/WhatsApp-Image-2025-02-07-at-12.41.29-PM-768x1024.jpeg\" class=\"attachment-large size-large wp-image-1823\" alt=\"\" srcset=\"https:\/\/carmarbg.com\/wp-content\/uploads\/2025\/02\/WhatsApp-Image-2025-02-07-at-12.41.29-PM-768x1024.jpeg 768w, https:\/\/carmarbg.com\/wp-content\/uploads\/2025\/02\/WhatsApp-Image-2025-02-07-at-12.41.29-PM-225x300.jpeg 225w, https:\/\/carmarbg.com\/wp-content\/uploads\/2025\/02\/WhatsApp-Image-2025-02-07-at-12.41.29-PM.jpeg 960w\" sizes=\"(max-width: 768px) 100vw, 768px\" \/>\t\t\t\t\t\t\t\t\t\t\t\t\t\t\t<\/div>\n\t\t\t\t<\/div>\n\t\t\t\t\t<\/div>\n\t\t<\/div>\n\t\t\t\t<div class=\"elementor-column elementor-col-50 elementor-top-column elementor-element elementor-element-6277cd3\" data-id=\"6277cd3\" data-element_type=\"column\" data-e-type=\"column\">\n\t\t\t<div class=\"elementor-widget-wrap elementor-element-populated\">\n\t\t\t\t\t\t<div class=\"elementor-element elementor-element-8026be5 elementor-widget elementor-widget-image\" data-id=\"8026be5\" data-element_type=\"widget\" data-e-type=\"widget\" data-widget_type=\"image.default\">\n\t\t\t\t<div class=\"elementor-widget-container\">\n\t\t\t\t\t\t\t\t\t\t\t\t\t\t\t<img decoding=\"async\" width=\"1024\" height=\"682\" src=\"https:\/\/carmarbg.com\/wp-content\/uploads\/2025\/02\/WhatsApp-Image-2025-02-07-at-12.39.50-PM-1-1024x682.jpeg\" class=\"attachment-large size-large wp-image-1818\" alt=\"\" srcset=\"https:\/\/carmarbg.com\/wp-content\/uploads\/2025\/02\/WhatsApp-Image-2025-02-07-at-12.39.50-PM-1-1024x682.jpeg 1024w, https:\/\/carmarbg.com\/wp-content\/uploads\/2025\/02\/WhatsApp-Image-2025-02-07-at-12.39.50-PM-1-300x200.jpeg 300w, https:\/\/carmarbg.com\/wp-content\/uploads\/2025\/02\/WhatsApp-Image-2025-02-07-at-12.39.50-PM-1-768x511.jpeg 768w, https:\/\/carmarbg.com\/wp-content\/uploads\/2025\/02\/WhatsApp-Image-2025-02-07-at-12.39.50-PM-1.jpeg 1280w\" sizes=\"(max-width: 1024px) 100vw, 1024px\" \/>\t\t\t\t\t\t\t\t\t\t\t\t\t\t\t<\/div>\n\t\t\t\t<\/div>\n\t\t\t\t<div class=\"elementor-element elementor-element-66c0252 elementor-widget__width-initial elementor-widget elementor-widget-image\" data-id=\"66c0252\" data-element_type=\"widget\" data-e-type=\"widget\" data-widget_type=\"image.default\">\n\t\t\t\t<div class=\"elementor-widget-container\">\n\t\t\t\t\t\t\t\t\t\t\t\t\t\t\t<img decoding=\"async\" width=\"1024\" height=\"682\" src=\"https:\/\/carmarbg.com\/wp-content\/uploads\/2025\/02\/WhatsApp-Image-2025-02-07-at-12.39.25-PM-1-1024x682.jpeg\" class=\"attachment-large size-large wp-image-1817\" alt=\"\" srcset=\"https:\/\/carmarbg.com\/wp-content\/uploads\/2025\/02\/WhatsApp-Image-2025-02-07-at-12.39.25-PM-1-1024x682.jpeg 1024w, https:\/\/carmarbg.com\/wp-content\/uploads\/2025\/02\/WhatsApp-Image-2025-02-07-at-12.39.25-PM-1-300x200.jpeg 300w, https:\/\/carmarbg.com\/wp-content\/uploads\/2025\/02\/WhatsApp-Image-2025-02-07-at-12.39.25-PM-1-768x511.jpeg 768w, https:\/\/carmarbg.com\/wp-content\/uploads\/2025\/02\/WhatsApp-Image-2025-02-07-at-12.39.25-PM-1.jpeg 1280w\" sizes=\"(max-width: 1024px) 100vw, 1024px\" \/>\t\t\t\t\t\t\t\t\t\t\t\t\t\t\t<\/div>\n\t\t\t\t<\/div>\n\t\t\t\t\t<\/div>\n\t\t<\/div>\n\t\t\t\t\t<\/div>\n\t\t<\/section>\n\t\t\t\t<\/div>\n\t\t","protected":false},"excerpt":{"rendered":"<p>Nuestro acompa\u00f1amiento en este hermoso proyecto inici\u00f3 con la especificaci\u00f3n detallada de acabados arquitect\u00f3nicos, equipos de cocina, mobiliario, decoraci\u00f3n y dotaci\u00f3n del hotel; coordinaci\u00f3n de compras, apoyo con contratistas y montaje final. De igual manera hicimos la coordinaci\u00f3n con el equipo de la empresa operadora, hasta la entrega final para su apertura.<\/p>\n","protected":false},"author":1,"featured_media":639,"parent":807,"menu_order":0,"comment_status":"closed","ping_status":"closed","template":"","meta":{"vkexunit_cta_each_option":"","footnotes":""},"class_list":["post-1794","page","type-page","status-publish","has-post-thumbnail","hentry"],"yoast_head":"<!-- This site is optimized with the Yoast SEO plugin v27.3 - https:\/\/yoast.com\/product\/yoast-seo-wordpress\/ -->\n<title>Proyecto Islawa en Bar\u00fa - CARMAR BUSINESS GROUP<\/title>\n<meta name=\"robots\" content=\"index, follow, max-snippet:-1, max-image-preview:large, max-video-preview:-1\" \/>\n<link rel=\"canonical\" href=\"https:\/\/carmarbg.com\/index.php\/home\/asesorias-y-consultorias\/consultorias-y-asesorias-en-proyectos-hoteleros-y-residenciales\/islawa\/\" \/>\n<meta property=\"og:locale\" content=\"es_ES\" \/>\n<meta property=\"og:type\" content=\"article\" \/>\n<meta property=\"og:title\" content=\"Proyecto Islawa en Bar\u00fa - CARMAR BUSINESS GROUP\" \/>\n<meta property=\"og:description\" content=\"Nuestro acompa\u00f1amiento en este hermoso proyecto inici\u00f3 con la especificaci\u00f3n detallada de acabados arquitect\u00f3nicos, equipos de cocina, mobiliario, decoraci\u00f3n y dotaci\u00f3n del hotel; coordinaci\u00f3n de compras, apoyo con contratistas y montaje final. De igual manera hicimos la coordinaci\u00f3n con el equipo de la empresa operadora, hasta la entrega final para su apertura.\" \/>\n<meta property=\"og:url\" content=\"https:\/\/carmarbg.com\/index.php\/home\/asesorias-y-consultorias\/consultorias-y-asesorias-en-proyectos-hoteleros-y-residenciales\/islawa\/\" \/>\n<meta property=\"og:site_name\" content=\"CARMAR BUSINESS GROUP\" \/>\n<meta property=\"article:modified_time\" content=\"2025-02-07T18:11:55+00:00\" \/>\n<meta property=\"og:image\" content=\"https:\/\/carmarbg.com\/wp-content\/uploads\/2025\/02\/WhatsApp-Image-2025-02-07-at-12.41.29-PM-768x1024.jpeg\" \/>\n<meta name=\"twitter:card\" content=\"summary_large_image\" \/>\n<script type=\"application\/ld+json\" class=\"yoast-schema-graph\">{\"@context\":\"https:\\\/\\\/schema.org\",\"@graph\":[{\"@type\":\"WebPage\",\"@id\":\"https:\\\/\\\/carmarbg.com\\\/index.php\\\/home\\\/asesorias-y-consultorias\\\/consultorias-y-asesorias-en-proyectos-hoteleros-y-residenciales\\\/islawa\\\/\",\"url\":\"https:\\\/\\\/carmarbg.com\\\/index.php\\\/home\\\/asesorias-y-consultorias\\\/consultorias-y-asesorias-en-proyectos-hoteleros-y-residenciales\\\/islawa\\\/\",\"name\":\"Proyecto Islawa en Bar\u00fa - CARMAR BUSINESS GROUP\",\"isPartOf\":{\"@id\":\"https:\\\/\\\/carmarbg.com\\\/#website\"},\"primaryImageOfPage\":{\"@id\":\"https:\\\/\\\/carmarbg.com\\\/index.php\\\/home\\\/asesorias-y-consultorias\\\/consultorias-y-asesorias-en-proyectos-hoteleros-y-residenciales\\\/islawa\\\/#primaryimage\"},\"image\":{\"@id\":\"https:\\\/\\\/carmarbg.com\\\/index.php\\\/home\\\/asesorias-y-consultorias\\\/consultorias-y-asesorias-en-proyectos-hoteleros-y-residenciales\\\/islawa\\\/#primaryimage\"},\"thumbnailUrl\":\"https:\\\/\\\/carmarbg.com\\\/wp-content\\\/uploads\\\/2021\\\/06\\\/CARRERA-MARTINEZ.jpg\",\"datePublished\":\"2025-02-07T17:53:02+00:00\",\"dateModified\":\"2025-02-07T18:11:55+00:00\",\"breadcrumb\":{\"@id\":\"https:\\\/\\\/carmarbg.com\\\/index.php\\\/home\\\/asesorias-y-consultorias\\\/consultorias-y-asesorias-en-proyectos-hoteleros-y-residenciales\\\/islawa\\\/#breadcrumb\"},\"inLanguage\":\"es\",\"potentialAction\":[{\"@type\":\"ReadAction\",\"target\":[\"https:\\\/\\\/carmarbg.com\\\/index.php\\\/home\\\/asesorias-y-consultorias\\\/consultorias-y-asesorias-en-proyectos-hoteleros-y-residenciales\\\/islawa\\\/\"]}]},{\"@type\":\"ImageObject\",\"inLanguage\":\"es\",\"@id\":\"https:\\\/\\\/carmarbg.com\\\/index.php\\\/home\\\/asesorias-y-consultorias\\\/consultorias-y-asesorias-en-proyectos-hoteleros-y-residenciales\\\/islawa\\\/#primaryimage\",\"url\":\"https:\\\/\\\/carmarbg.com\\\/wp-content\\\/uploads\\\/2021\\\/06\\\/CARRERA-MARTINEZ.jpg\",\"contentUrl\":\"https:\\\/\\\/carmarbg.com\\\/wp-content\\\/uploads\\\/2021\\\/06\\\/CARRERA-MARTINEZ.jpg\",\"width\":1280,\"height\":720},{\"@type\":\"BreadcrumbList\",\"@id\":\"https:\\\/\\\/carmarbg.com\\\/index.php\\\/home\\\/asesorias-y-consultorias\\\/consultorias-y-asesorias-en-proyectos-hoteleros-y-residenciales\\\/islawa\\\/#breadcrumb\",\"itemListElement\":[{\"@type\":\"ListItem\",\"position\":1,\"name\":\"Portada\",\"item\":\"https:\\\/\\\/carmarbg.com\\\/\"},{\"@type\":\"ListItem\",\"position\":2,\"name\":\"Home\",\"item\":\"https:\\\/\\\/carmarbg.com\\\/\"},{\"@type\":\"ListItem\",\"position\":3,\"name\":\"Asesor\u00edas y Consultor\u00edas\",\"item\":\"https:\\\/\\\/carmarbg.com\\\/index.php\\\/home\\\/asesorias-y-consultorias\\\/\"},{\"@type\":\"ListItem\",\"position\":4,\"name\":\"Consultor\u00edas y asesor\u00edas en proyectos hoteleros y residenciales\",\"item\":\"https:\\\/\\\/carmarbg.com\\\/index.php\\\/home\\\/asesorias-y-consultorias\\\/consultorias-y-asesorias-en-proyectos-hoteleros-y-residenciales\\\/\"},{\"@type\":\"ListItem\",\"position\":5,\"name\":\"Proyecto Islawa en Bar\u00fa\"}]},{\"@type\":\"WebSite\",\"@id\":\"https:\\\/\\\/carmarbg.com\\\/#website\",\"url\":\"https:\\\/\\\/carmarbg.com\\\/\",\"name\":\"CARMAR BUSINESS GROUP\",\"description\":\"\",\"potentialAction\":[{\"@type\":\"SearchAction\",\"target\":{\"@type\":\"EntryPoint\",\"urlTemplate\":\"https:\\\/\\\/carmarbg.com\\\/?s={search_term_string}\"},\"query-input\":{\"@type\":\"PropertyValueSpecification\",\"valueRequired\":true,\"valueName\":\"search_term_string\"}}],\"inLanguage\":\"es\"}]}<\/script>\n<!-- \/ Yoast SEO plugin. -->","yoast_head_json":{"title":"Proyecto Islawa en Bar\u00fa - CARMAR BUSINESS GROUP","robots":{"index":"index","follow":"follow","max-snippet":"max-snippet:-1","max-image-preview":"max-image-preview:large","max-video-preview":"max-video-preview:-1"},"canonical":"https:\/\/carmarbg.com\/index.php\/home\/asesorias-y-consultorias\/consultorias-y-asesorias-en-proyectos-hoteleros-y-residenciales\/islawa\/","og_locale":"es_ES","og_type":"article","og_title":"Proyecto Islawa en Bar\u00fa - CARMAR BUSINESS GROUP","og_description":"Nuestro acompa\u00f1amiento en este hermoso proyecto inici\u00f3 con la especificaci\u00f3n detallada de acabados arquitect\u00f3nicos, equipos de cocina, mobiliario, decoraci\u00f3n y dotaci\u00f3n del hotel; coordinaci\u00f3n de compras, apoyo con contratistas y montaje final. De igual manera hicimos la coordinaci\u00f3n con el equipo de la empresa operadora, hasta la entrega final para su apertura.","og_url":"https:\/\/carmarbg.com\/index.php\/home\/asesorias-y-consultorias\/consultorias-y-asesorias-en-proyectos-hoteleros-y-residenciales\/islawa\/","og_site_name":"CARMAR BUSINESS GROUP","article_modified_time":"2025-02-07T18:11:55+00:00","og_image":[{"url":"https:\/\/carmarbg.com\/wp-content\/uploads\/2025\/02\/WhatsApp-Image-2025-02-07-at-12.41.29-PM-768x1024.jpeg","type":"","width":"","height":""}],"twitter_card":"summary_large_image","schema":{"@context":"https:\/\/schema.org","@graph":[{"@type":"WebPage","@id":"https:\/\/carmarbg.com\/index.php\/home\/asesorias-y-consultorias\/consultorias-y-asesorias-en-proyectos-hoteleros-y-residenciales\/islawa\/","url":"https:\/\/carmarbg.com\/index.php\/home\/asesorias-y-consultorias\/consultorias-y-asesorias-en-proyectos-hoteleros-y-residenciales\/islawa\/","name":"Proyecto Islawa en Bar\u00fa - CARMAR BUSINESS GROUP","isPartOf":{"@id":"https:\/\/carmarbg.com\/#website"},"primaryImageOfPage":{"@id":"https:\/\/carmarbg.com\/index.php\/home\/asesorias-y-consultorias\/consultorias-y-asesorias-en-proyectos-hoteleros-y-residenciales\/islawa\/#primaryimage"},"image":{"@id":"https:\/\/carmarbg.com\/index.php\/home\/asesorias-y-consultorias\/consultorias-y-asesorias-en-proyectos-hoteleros-y-residenciales\/islawa\/#primaryimage"},"thumbnailUrl":"https:\/\/carmarbg.com\/wp-content\/uploads\/2021\/06\/CARRERA-MARTINEZ.jpg","datePublished":"2025-02-07T17:53:02+00:00","dateModified":"2025-02-07T18:11:55+00:00","breadcrumb":{"@id":"https:\/\/carmarbg.com\/index.php\/home\/asesorias-y-consultorias\/consultorias-y-asesorias-en-proyectos-hoteleros-y-residenciales\/islawa\/#breadcrumb"},"inLanguage":"es","potentialAction":[{"@type":"ReadAction","target":["https:\/\/carmarbg.com\/index.php\/home\/asesorias-y-consultorias\/consultorias-y-asesorias-en-proyectos-hoteleros-y-residenciales\/islawa\/"]}]},{"@type":"ImageObject","inLanguage":"es","@id":"https:\/\/carmarbg.com\/index.php\/home\/asesorias-y-consultorias\/consultorias-y-asesorias-en-proyectos-hoteleros-y-residenciales\/islawa\/#primaryimage","url":"https:\/\/carmarbg.com\/wp-content\/uploads\/2021\/06\/CARRERA-MARTINEZ.jpg","contentUrl":"https:\/\/carmarbg.com\/wp-content\/uploads\/2021\/06\/CARRERA-MARTINEZ.jpg","width":1280,"height":720},{"@type":"BreadcrumbList","@id":"https:\/\/carmarbg.com\/index.php\/home\/asesorias-y-consultorias\/consultorias-y-asesorias-en-proyectos-hoteleros-y-residenciales\/islawa\/#breadcrumb","itemListElement":[{"@type":"ListItem","position":1,"name":"Portada","item":"https:\/\/carmarbg.com\/"},{"@type":"ListItem","position":2,"name":"Home","item":"https:\/\/carmarbg.com\/"},{"@type":"ListItem","position":3,"name":"Asesor\u00edas y Consultor\u00edas","item":"https:\/\/carmarbg.com\/index.php\/home\/asesorias-y-consultorias\/"},{"@type":"ListItem","position":4,"name":"Consultor\u00edas y asesor\u00edas en proyectos hoteleros y residenciales","item":"https:\/\/carmarbg.com\/index.php\/home\/asesorias-y-consultorias\/consultorias-y-asesorias-en-proyectos-hoteleros-y-residenciales\/"},{"@type":"ListItem","position":5,"name":"Proyecto Islawa en Bar\u00fa"}]},{"@type":"WebSite","@id":"https:\/\/carmarbg.com\/#website","url":"https:\/\/carmarbg.com\/","name":"CARMAR BUSINESS GROUP","description":"","potentialAction":[{"@type":"SearchAction","target":{"@type":"EntryPoint","urlTemplate":"https:\/\/carmarbg.com\/?s={search_term_string}"},"query-input":{"@type":"PropertyValueSpecification","valueRequired":true,"valueName":"search_term_string"}}],"inLanguage":"es"}]}},"_links":{"self":[{"href":"https:\/\/carmarbg.com\/index.php\/wp-json\/wp\/v2\/pages\/1794","targetHints":{"allow":["GET"]}}],"collection":[{"href":"https:\/\/carmarbg.com\/index.php\/wp-json\/wp\/v2\/pages"}],"about":[{"href":"https:\/\/carmarbg.com\/index.php\/wp-json\/wp\/v2\/types\/page"}],"author":[{"embeddable":true,"href":"https:\/\/carmarbg.com\/index.php\/wp-json\/wp\/v2\/users\/1"}],"replies":[{"embeddable":true,"href":"https:\/\/carmarbg.com\/index.php\/wp-json\/wp\/v2\/comments?post=1794"}],"version-history":[{"count":10,"href":"https:\/\/carmarbg.com\/index.php\/wp-json\/wp\/v2\/pages\/1794\/revisions"}],"predecessor-version":[{"id":1833,"href":"https:\/\/carmarbg.com\/index.php\/wp-json\/wp\/v2\/pages\/1794\/revisions\/1833"}],"up":[{"embeddable":true,"href":"https:\/\/carmarbg.com\/index.php\/wp-json\/wp\/v2\/pages\/807"}],"wp:featuredmedia":[{"embeddable":true,"href":"https:\/\/carmarbg.com\/index.php\/wp-json\/wp\/v2\/media\/639"}],"wp:attachment":[{"href":"https:\/\/carmarbg.com\/index.php\/wp-json\/wp\/v2\/media?parent=1794"}],"curies":[{"name":"wp","href":"https:\/\/api.w.org\/{rel}","templated":true}]}}