{"id":21,"date":"2021-06-26T15:21:16","date_gmt":"2021-06-26T15:21:16","guid":{"rendered":"https:\/\/holidaycleaning.parapymes.com\/wp\/home\/"},"modified":"2026-04-09T20:21:15","modified_gmt":"2026-04-09T20:21:15","slug":"home","status":"publish","type":"page","link":"https:\/\/carmarbg.com\/","title":{"rendered":"Home"},"content":{"rendered":"\t\t<div data-elementor-type=\"wp-page\" data-elementor-id=\"21\" class=\"elementor elementor-21\">\n\t\t\t\t\t\t<section class=\"elementor-section elementor-top-section elementor-element elementor-element-d4aa30c elementor-section-boxed elementor-section-height-default elementor-section-height-default\" data-id=\"d4aa30c\" data-element_type=\"section\" data-e-type=\"section\">\n\t\t\t\t\t\t<div class=\"elementor-container elementor-column-gap-default\">\n\t\t\t\t\t<div class=\"elementor-column elementor-col-66 elementor-top-column elementor-element elementor-element-e42b801\" data-id=\"e42b801\" data-element_type=\"column\" data-e-type=\"column\">\n\t\t\t<div class=\"elementor-widget-wrap elementor-element-populated\">\n\t\t\t\t\t\t<div class=\"elementor-element elementor-element-6948b8a elementor-widget elementor-widget-image\" data-id=\"6948b8a\" data-element_type=\"widget\" data-e-type=\"widget\" data-widget_type=\"image.default\">\n\t\t\t\t<div class=\"elementor-widget-container\">\n\t\t\t\t\t\t\t\t\t\t\t\t\t\t\t<img fetchpriority=\"high\" decoding=\"async\" width=\"1024\" height=\"460\" src=\"https:\/\/carmarbg.com\/wp-content\/uploads\/2026\/03\/LOGO-CARMAR-1024x460.jpg\" class=\"attachment-large size-large wp-image-4788\" alt=\"\" srcset=\"https:\/\/carmarbg.com\/wp-content\/uploads\/2026\/03\/LOGO-CARMAR-1024x460.jpg 1024w, https:\/\/carmarbg.com\/wp-content\/uploads\/2026\/03\/LOGO-CARMAR-300x135.jpg 300w, https:\/\/carmarbg.com\/wp-content\/uploads\/2026\/03\/LOGO-CARMAR-768x345.jpg 768w, https:\/\/carmarbg.com\/wp-content\/uploads\/2026\/03\/LOGO-CARMAR-1536x690.jpg 1536w, https:\/\/carmarbg.com\/wp-content\/uploads\/2026\/03\/LOGO-CARMAR.jpg 1742w\" sizes=\"(max-width: 1024px) 100vw, 1024px\" \/>\t\t\t\t\t\t\t\t\t\t\t\t\t\t\t<\/div>\n\t\t\t\t<\/div>\n\t\t\t\t\t<\/div>\n\t\t<\/div>\n\t\t\t\t<div class=\"elementor-column elementor-col-33 elementor-top-column elementor-element elementor-element-a9a05b3\" data-id=\"a9a05b3\" data-element_type=\"column\" data-e-type=\"column\">\n\t\t\t<div class=\"elementor-widget-wrap elementor-element-populated\">\n\t\t\t\t\t\t<div class=\"elementor-element elementor-element-db7e2d9 elementor-widget elementor-widget-text-editor\" data-id=\"db7e2d9\" data-element_type=\"widget\" data-e-type=\"widget\" data-widget_type=\"text-editor.default\">\n\t\t\t\t<div class=\"elementor-widget-container\">\n\t\t\t\t\t\t\t\t\t<p>En un mercado cada vez m\u00e1s competitivo, y luego de a\u00f1os de experiencia entendimos que la gesti\u00f3n efectiva de un proyecto tur\u00edstico requiere no solo de una visi\u00f3n clara y estrat\u00e9gica, sino tambi\u00e9n de un enfoque innovador y una ejecuci\u00f3n impecable. Es por eso que ofrecemos servicios de consultor\u00eda en cuatro \u00e1reas clave: modelo de negocio, gerencia estrat\u00e9gica, gerencia de obras civiles y proyectos de remodelaci\u00f3n, e interventor\u00eda de obra.<\/p>\t\t\t\t\t\t\t\t<\/div>\n\t\t\t\t<\/div>\n\t\t\t\t\t<\/div>\n\t\t<\/div>\n\t\t\t\t\t<\/div>\n\t\t<\/section>\n\t\t\t\t<section class=\"elementor-section elementor-top-section elementor-element elementor-element-6e2fc3b elementor-section-boxed elementor-section-height-default elementor-section-height-default\" data-id=\"6e2fc3b\" data-element_type=\"section\" data-e-type=\"section\">\n\t\t\t\t\t\t<div class=\"elementor-container elementor-column-gap-default\">\n\t\t\t\t\t<div class=\"elementor-column elementor-col-100 elementor-top-column elementor-element elementor-element-2db9901\" data-id=\"2db9901\" data-element_type=\"column\" data-e-type=\"column\">\n\t\t\t<div class=\"elementor-widget-wrap elementor-element-populated\">\n\t\t\t\t\t\t<div class=\"elementor-element elementor-element-f19f30d elementor-widget elementor-widget-text-editor\" data-id=\"f19f30d\" data-element_type=\"widget\" data-e-type=\"widget\" data-widget_type=\"text-editor.default\">\n\t\t\t\t<div class=\"elementor-widget-container\">\n\t\t\t\t\t\t\t\t\t<p>Nuestros expertos en consultor\u00eda empresarial tienen una amplia experiencia en el sector tur\u00edstico y comprenden los desaf\u00edos y oportunidades que enfrentan estos proyectos en el mercado actual. Trabajamos estrechamente con nuestros clientes para comprender sus necesidades espec\u00edficas y desarrollar soluciones personalizadas que impulsen su \u00e9xito.<\/p><p>Nuestra oferta de servicios incluye la revisi\u00f3n y optimizaci\u00f3n de modelos de negocio existentes, la definici\u00f3n de estrategias empresariales s\u00f3lidas, la gesti\u00f3n de obras civiles y proyectos de remodelaci\u00f3n con un enfoque en la eficiencia y la calidad, y la interventor\u00eda de obra para asegurar la correcta ejecuci\u00f3n de los proyectos. Nuestro objetivo es ayudar a nuestros clientes a alcanzar sus metas de negocio, optimizar sus operaciones y mejorar su competitividad en el mercado hotelero.<\/p><p>Si est\u00e1s buscando una consultor\u00eda empresarial especializada en el sector tur\u00edstico, estamos comprometidos en ofrecer soluciones integrales y de alto valor agregado para su empresa. Cont\u00e1ctanos hoy mismo para discutir c\u00f3mo podemos ayudarte a alcanzar sus objetivos empresariales y llevar su hotel al siguiente nivel.<\/p>\t\t\t\t\t\t\t\t<\/div>\n\t\t\t\t<\/div>\n\t\t\t\t\t<\/div>\n\t\t<\/div>\n\t\t\t\t\t<\/div>\n\t\t<\/section>\n\t\t\t\t<\/div>\n\t\t","protected":false},"excerpt":{"rendered":"<p>En un mercado cada vez m\u00e1s competitivo, y luego de a\u00f1os de experiencia entendimos que la gesti\u00f3n efectiva de un proyecto tur\u00edstico requiere no solo de una visi\u00f3n clara y estrat\u00e9gica, sino tambi\u00e9n de un enfoque innovador y una ejecuci\u00f3n impecable. Es por eso que ofrecemos servicios de consultor\u00eda en cuatro \u00e1reas clave: modelo de [&hellip;]<\/p>\n","protected":false},"author":2,"featured_media":639,"parent":0,"menu_order":0,"comment_status":"closed","ping_status":"closed","template":"elementor_theme","meta":{"vkexunit_cta_each_option":"disable","footnotes":""},"class_list":["post-21","page","type-page","status-publish","has-post-thumbnail","hentry"],"yoast_head":"<!-- This site is optimized with the Yoast SEO plugin v27.3 - https:\/\/yoast.com\/product\/yoast-seo-wordpress\/ -->\n<title>Home - CARMAR BUSINESS GROUP<\/title>\n<meta name=\"robots\" content=\"index, follow, max-snippet:-1, max-image-preview:large, max-video-preview:-1\" \/>\n<link rel=\"canonical\" href=\"https:\/\/carmarbg.com\/\" \/>\n<meta property=\"og:locale\" content=\"es_ES\" \/>\n<meta property=\"og:type\" content=\"article\" \/>\n<meta property=\"og:title\" content=\"Home - CARMAR BUSINESS GROUP\" \/>\n<meta property=\"og:description\" content=\"En un mercado cada vez m\u00e1s competitivo, y luego de a\u00f1os de experiencia entendimos que la gesti\u00f3n efectiva de un proyecto tur\u00edstico requiere no solo de una visi\u00f3n clara y estrat\u00e9gica, sino tambi\u00e9n de un enfoque innovador y una ejecuci\u00f3n impecable. Es por eso que ofrecemos servicios de consultor\u00eda en cuatro \u00e1reas clave: modelo de [&hellip;]\" \/>\n<meta property=\"og:url\" content=\"https:\/\/carmarbg.com\/\" \/>\n<meta property=\"og:site_name\" content=\"CARMAR BUSINESS GROUP\" \/>\n<meta property=\"article:modified_time\" content=\"2026-04-09T20:21:15+00:00\" \/>\n<meta property=\"og:image\" content=\"https:\/\/carmarbg.com\/wp-content\/uploads\/2021\/06\/CARRERA-MARTINEZ.jpg\" \/>\n\t<meta property=\"og:image:width\" content=\"1280\" \/>\n\t<meta property=\"og:image:height\" content=\"720\" \/>\n\t<meta property=\"og:image:type\" content=\"image\/jpeg\" \/>\n<meta name=\"twitter:card\" content=\"summary_large_image\" \/>\n<meta name=\"twitter:label1\" content=\"Tiempo de lectura\" \/>\n\t<meta name=\"twitter:data1\" content=\"2 minutos\" \/>\n<script type=\"application\/ld+json\" class=\"yoast-schema-graph\">{\"@context\":\"https:\\\/\\\/schema.org\",\"@graph\":[{\"@type\":\"WebPage\",\"@id\":\"https:\\\/\\\/carmarbg.com\\\/\",\"url\":\"https:\\\/\\\/carmarbg.com\\\/\",\"name\":\"Home - CARMAR BUSINESS GROUP\",\"isPartOf\":{\"@id\":\"https:\\\/\\\/carmarbg.com\\\/#website\"},\"primaryImageOfPage\":{\"@id\":\"https:\\\/\\\/carmarbg.com\\\/#primaryimage\"},\"image\":{\"@id\":\"https:\\\/\\\/carmarbg.com\\\/#primaryimage\"},\"thumbnailUrl\":\"https:\\\/\\\/carmarbg.com\\\/wp-content\\\/uploads\\\/2021\\\/06\\\/CARRERA-MARTINEZ.jpg\",\"datePublished\":\"2021-06-26T15:21:16+00:00\",\"dateModified\":\"2026-04-09T20:21:15+00:00\",\"breadcrumb\":{\"@id\":\"https:\\\/\\\/carmarbg.com\\\/#breadcrumb\"},\"inLanguage\":\"es\",\"potentialAction\":[{\"@type\":\"ReadAction\",\"target\":[\"https:\\\/\\\/carmarbg.com\\\/\"]}]},{\"@type\":\"ImageObject\",\"inLanguage\":\"es\",\"@id\":\"https:\\\/\\\/carmarbg.com\\\/#primaryimage\",\"url\":\"https:\\\/\\\/carmarbg.com\\\/wp-content\\\/uploads\\\/2021\\\/06\\\/CARRERA-MARTINEZ.jpg\",\"contentUrl\":\"https:\\\/\\\/carmarbg.com\\\/wp-content\\\/uploads\\\/2021\\\/06\\\/CARRERA-MARTINEZ.jpg\",\"width\":1280,\"height\":720},{\"@type\":\"BreadcrumbList\",\"@id\":\"https:\\\/\\\/carmarbg.com\\\/#breadcrumb\",\"itemListElement\":[{\"@type\":\"ListItem\",\"position\":1,\"name\":\"Portada\",\"item\":\"https:\\\/\\\/carmarbg.com\\\/\"},{\"@type\":\"ListItem\",\"position\":2,\"name\":\"Home\"}]},{\"@type\":\"WebSite\",\"@id\":\"https:\\\/\\\/carmarbg.com\\\/#website\",\"url\":\"https:\\\/\\\/carmarbg.com\\\/\",\"name\":\"CARMAR BUSINESS GROUP\",\"description\":\"\",\"potentialAction\":[{\"@type\":\"SearchAction\",\"target\":{\"@type\":\"EntryPoint\",\"urlTemplate\":\"https:\\\/\\\/carmarbg.com\\\/?s={search_term_string}\"},\"query-input\":{\"@type\":\"PropertyValueSpecification\",\"valueRequired\":true,\"valueName\":\"search_term_string\"}}],\"inLanguage\":\"es\"}]}<\/script>\n<!-- \/ Yoast SEO plugin. -->","yoast_head_json":{"title":"Home - CARMAR BUSINESS GROUP","robots":{"index":"index","follow":"follow","max-snippet":"max-snippet:-1","max-image-preview":"max-image-preview:large","max-video-preview":"max-video-preview:-1"},"canonical":"https:\/\/carmarbg.com\/","og_locale":"es_ES","og_type":"article","og_title":"Home - CARMAR BUSINESS GROUP","og_description":"En un mercado cada vez m\u00e1s competitivo, y luego de a\u00f1os de experiencia entendimos que la gesti\u00f3n efectiva de un proyecto tur\u00edstico requiere no solo de una visi\u00f3n clara y estrat\u00e9gica, sino tambi\u00e9n de un enfoque innovador y una ejecuci\u00f3n impecable. Es por eso que ofrecemos servicios de consultor\u00eda en cuatro \u00e1reas clave: modelo de [&hellip;]","og_url":"https:\/\/carmarbg.com\/","og_site_name":"CARMAR BUSINESS GROUP","article_modified_time":"2026-04-09T20:21:15+00:00","og_image":[{"width":1280,"height":720,"url":"https:\/\/carmarbg.com\/wp-content\/uploads\/2021\/06\/CARRERA-MARTINEZ.jpg","type":"image\/jpeg"}],"twitter_card":"summary_large_image","twitter_misc":{"Tiempo de lectura":"2 minutos"},"schema":{"@context":"https:\/\/schema.org","@graph":[{"@type":"WebPage","@id":"https:\/\/carmarbg.com\/","url":"https:\/\/carmarbg.com\/","name":"Home - CARMAR BUSINESS GROUP","isPartOf":{"@id":"https:\/\/carmarbg.com\/#website"},"primaryImageOfPage":{"@id":"https:\/\/carmarbg.com\/#primaryimage"},"image":{"@id":"https:\/\/carmarbg.com\/#primaryimage"},"thumbnailUrl":"https:\/\/carmarbg.com\/wp-content\/uploads\/2021\/06\/CARRERA-MARTINEZ.jpg","datePublished":"2021-06-26T15:21:16+00:00","dateModified":"2026-04-09T20:21:15+00:00","breadcrumb":{"@id":"https:\/\/carmarbg.com\/#breadcrumb"},"inLanguage":"es","potentialAction":[{"@type":"ReadAction","target":["https:\/\/carmarbg.com\/"]}]},{"@type":"ImageObject","inLanguage":"es","@id":"https:\/\/carmarbg.com\/#primaryimage","url":"https:\/\/carmarbg.com\/wp-content\/uploads\/2021\/06\/CARRERA-MARTINEZ.jpg","contentUrl":"https:\/\/carmarbg.com\/wp-content\/uploads\/2021\/06\/CARRERA-MARTINEZ.jpg","width":1280,"height":720},{"@type":"BreadcrumbList","@id":"https:\/\/carmarbg.com\/#breadcrumb","itemListElement":[{"@type":"ListItem","position":1,"name":"Portada","item":"https:\/\/carmarbg.com\/"},{"@type":"ListItem","position":2,"name":"Home"}]},{"@type":"WebSite","@id":"https:\/\/carmarbg.com\/#website","url":"https:\/\/carmarbg.com\/","name":"CARMAR BUSINESS GROUP","description":"","potentialAction":[{"@type":"SearchAction","target":{"@type":"EntryPoint","urlTemplate":"https:\/\/carmarbg.com\/?s={search_term_string}"},"query-input":{"@type":"PropertyValueSpecification","valueRequired":true,"valueName":"search_term_string"}}],"inLanguage":"es"}]}},"_links":{"self":[{"href":"https:\/\/carmarbg.com\/index.php\/wp-json\/wp\/v2\/pages\/21","targetHints":{"allow":["GET"]}}],"collection":[{"href":"https:\/\/carmarbg.com\/index.php\/wp-json\/wp\/v2\/pages"}],"about":[{"href":"https:\/\/carmarbg.com\/index.php\/wp-json\/wp\/v2\/types\/page"}],"author":[{"embeddable":true,"href":"https:\/\/carmarbg.com\/index.php\/wp-json\/wp\/v2\/users\/2"}],"replies":[{"embeddable":true,"href":"https:\/\/carmarbg.com\/index.php\/wp-json\/wp\/v2\/comments?post=21"}],"version-history":[{"count":122,"href":"https:\/\/carmarbg.com\/index.php\/wp-json\/wp\/v2\/pages\/21\/revisions"}],"predecessor-version":[{"id":4955,"href":"https:\/\/carmarbg.com\/index.php\/wp-json\/wp\/v2\/pages\/21\/revisions\/4955"}],"wp:featuredmedia":[{"embeddable":true,"href":"https:\/\/carmarbg.com\/index.php\/wp-json\/wp\/v2\/media\/639"}],"wp:attachment":[{"href":"https:\/\/carmarbg.com\/index.php\/wp-json\/wp\/v2\/media?parent=21"}],"curies":[{"name":"wp","href":"https:\/\/api.w.org\/{rel}","templated":true}]}}