{"id":265,"date":"2021-06-30T17:44:17","date_gmt":"2021-06-30T17:44:17","guid":{"rendered":"https:\/\/holidaycleaning.parapymes.com\/wp\/?page_id=265"},"modified":"2023-08-18T20:12:21","modified_gmt":"2023-08-18T20:12:21","slug":"adminturismo","status":"publish","type":"page","link":"https:\/\/carmarbg.com\/index.php\/home\/adminturismo\/","title":{"rendered":"Administraci\u00f3n de viviendas tur\u00edsticas"},"content":{"rendered":"\t\t<div data-elementor-type=\"wp-page\" data-elementor-id=\"265\" class=\"elementor elementor-265\">\n\t\t\t\t\t\t<section class=\"elementor-section elementor-top-section elementor-element elementor-element-453c05b elementor-section-boxed elementor-section-height-default elementor-section-height-default\" data-id=\"453c05b\" data-element_type=\"section\" data-e-type=\"section\">\n\t\t\t\t\t\t<div class=\"elementor-container elementor-column-gap-default\">\n\t\t\t\t\t<div class=\"elementor-column elementor-col-100 elementor-top-column elementor-element elementor-element-29fd9e3\" data-id=\"29fd9e3\" data-element_type=\"column\" data-e-type=\"column\">\n\t\t\t<div class=\"elementor-widget-wrap elementor-element-populated\">\n\t\t\t\t\t\t<div class=\"elementor-element elementor-element-a4e01be elementor-widget elementor-widget-heading\" data-id=\"a4e01be\" data-element_type=\"widget\" data-e-type=\"widget\" data-widget_type=\"heading.default\">\n\t\t\t\t<div class=\"elementor-widget-container\">\n\t\t\t\t\t<h2 class=\"elementor-heading-title elementor-size-default\">Razones que nos inspiran<\/h2>\t\t\t\t<\/div>\n\t\t\t\t<\/div>\n\t\t\t\t\t<\/div>\n\t\t<\/div>\n\t\t\t\t\t<\/div>\n\t\t<\/section>\n\t\t\t\t<section class=\"elementor-section elementor-top-section elementor-element elementor-element-fa021d8 elementor-section-boxed elementor-section-height-default elementor-section-height-default\" data-id=\"fa021d8\" data-element_type=\"section\" data-e-type=\"section\">\n\t\t\t\t\t\t<div class=\"elementor-container elementor-column-gap-default\">\n\t\t\t\t\t<div class=\"elementor-column elementor-col-100 elementor-top-column elementor-element elementor-element-96274f2\" data-id=\"96274f2\" data-element_type=\"column\" data-e-type=\"column\">\n\t\t\t<div class=\"elementor-widget-wrap elementor-element-populated\">\n\t\t\t\t\t\t<div class=\"elementor-element elementor-element-8e2f0d0 elementor-widget elementor-widget-text-editor\" data-id=\"8e2f0d0\" data-element_type=\"widget\" data-e-type=\"widget\" data-widget_type=\"text-editor.default\">\n\t\t\t\t<div class=\"elementor-widget-container\">\n\t\t\t\t\t\t\t\t\t<p>La participaci\u00f3n en proyectos hoteleros y de viviendas tur\u00edsticas como proveedores o haciendo la gerencia de fin de obra y empalme con operaci\u00f3n; nos ha preparado para aportar valor en la administraci\u00f3n de viviendas tur\u00edsticas, entendiendo sus necesidades y requerimientos; comprometi\u00e9ndonos con un manejo impecable del inmueble tanto para nuestro cliente que es el propietario, como para sus visitantes o hu\u00e9spedes.\u00a0<\/p><p>Tenemos gran experiencia en manejo de clientes, en manejo de plataformas, de situaciones con visitantes, en tener una propiedad adecuada con un alto est\u00e1ndar para satisfacci\u00f3n y comodidad de quien la use, y velamos por la seguridad de la propiedad y de sus usuarios.<\/p>\t\t\t\t\t\t\t\t<\/div>\n\t\t\t\t<\/div>\n\t\t\t\t\t<\/div>\n\t\t<\/div>\n\t\t\t\t\t<\/div>\n\t\t<\/section>\n\t\t\t\t<section class=\"elementor-section elementor-top-section elementor-element elementor-element-b7b564f elementor-section-boxed elementor-section-height-default elementor-section-height-default\" data-id=\"b7b564f\" data-element_type=\"section\" data-e-type=\"section\">\n\t\t\t\t\t\t<div class=\"elementor-container elementor-column-gap-default\">\n\t\t\t\t\t<div class=\"elementor-column elementor-col-33 elementor-top-column elementor-element elementor-element-80517ec\" data-id=\"80517ec\" data-element_type=\"column\" data-e-type=\"column\">\n\t\t\t<div class=\"elementor-widget-wrap elementor-element-populated\">\n\t\t\t\t\t\t<div class=\"elementor-element elementor-element-78fb929 elementor-position-top elementor-widget elementor-widget-image-box\" data-id=\"78fb929\" data-element_type=\"widget\" data-e-type=\"widget\" data-widget_type=\"image-box.default\">\n\t\t\t\t<div class=\"elementor-widget-container\">\n\t\t\t\t\t<div class=\"elementor-image-box-wrapper\"><figure class=\"elementor-image-box-img\"><a href=\"https:\/\/carmarbg.com\/index.php\/home\/servicios\/supervision-2\/\" tabindex=\"-1\"><img fetchpriority=\"high\" decoding=\"async\" width=\"284\" height=\"303\" src=\"https:\/\/carmarbg.com\/wp-content\/uploads\/2021\/06\/Supervision.gif\" class=\"attachment-medium_large size-medium_large wp-image-123\" alt=\"\" \/><\/a><\/figure><div class=\"elementor-image-box-content\"><h3 class=\"elementor-image-box-title\"><a href=\"https:\/\/carmarbg.com\/index.php\/home\/servicios\/supervision-2\/\">Coanfitri\u00f3n<\/a><\/h3><p class=\"elementor-image-box-description\">Como administradores de viviendas tur\u00edsticas, velamos de manera integral por la propiedad, garantizando la tranquilidad del propietario y de sus visitantes. <\/p><\/div><\/div>\t\t\t\t<\/div>\n\t\t\t\t<\/div>\n\t\t\t\t\t<\/div>\n\t\t<\/div>\n\t\t\t\t<div class=\"elementor-column elementor-col-33 elementor-top-column elementor-element elementor-element-0c76dde\" data-id=\"0c76dde\" data-element_type=\"column\" data-e-type=\"column\">\n\t\t\t<div class=\"elementor-widget-wrap elementor-element-populated\">\n\t\t\t\t\t\t<div class=\"elementor-element elementor-element-34fcfc8 elementor-position-top elementor-widget elementor-widget-image-box\" data-id=\"34fcfc8\" data-element_type=\"widget\" data-e-type=\"widget\" data-widget_type=\"image-box.default\">\n\t\t\t\t<div class=\"elementor-widget-container\">\n\t\t\t\t\t<div class=\"elementor-image-box-wrapper\"><figure class=\"elementor-image-box-img\"><a href=\"https:\/\/carmarbg.com\/index.php\/home\/adminturismo\/servicios-adminhouse\/clean\/\" tabindex=\"-1\"><img decoding=\"async\" width=\"301\" height=\"314\" src=\"https:\/\/carmarbg.com\/wp-content\/uploads\/2021\/06\/aseo.gif\" class=\"attachment-large size-large wp-image-128\" alt=\"\" \/><\/a><\/figure><div class=\"elementor-image-box-content\"><h3 class=\"elementor-image-box-title\"><a href=\"https:\/\/carmarbg.com\/index.php\/home\/adminturismo\/servicios-adminhouse\/clean\/\">Limpieza <\/a><\/h3><p class=\"elementor-image-box-description\">Entendemos que el \u00e9xito de una buena experiencia es especialmente por el cuidado de los detalles, de la limpieza y el orden en que se encuentre una propiedad. <\/p><\/div><\/div>\t\t\t\t<\/div>\n\t\t\t\t<\/div>\n\t\t\t\t\t<\/div>\n\t\t<\/div>\n\t\t\t\t<div class=\"elementor-column elementor-col-33 elementor-top-column elementor-element elementor-element-6b7c2ea\" data-id=\"6b7c2ea\" data-element_type=\"column\" data-e-type=\"column\">\n\t\t\t<div class=\"elementor-widget-wrap elementor-element-populated\">\n\t\t\t\t\t\t<div class=\"elementor-element elementor-element-e4db9d7 elementor-position-top elementor-widget elementor-widget-image-box\" data-id=\"e4db9d7\" data-element_type=\"widget\" data-e-type=\"widget\" data-widget_type=\"image-box.default\">\n\t\t\t\t<div class=\"elementor-widget-container\">\n\t\t\t\t\t<div class=\"elementor-image-box-wrapper\"><figure class=\"elementor-image-box-img\"><a href=\"https:\/\/carmarbg.com\/index.php\/home\/adminturismo\/servicios-adminhouse\/maintenance\/\" tabindex=\"-1\"><img decoding=\"async\" width=\"304\" height=\"298\" src=\"https:\/\/carmarbg.com\/wp-content\/uploads\/2021\/06\/Mantenimiento-1.gif\" class=\"attachment-medium_large size-medium_large wp-image-130\" alt=\"\" \/><\/a><\/figure><div class=\"elementor-image-box-content\"><h3 class=\"elementor-image-box-title\"><a href=\"https:\/\/carmarbg.com\/index.php\/home\/adminturismo\/servicios-adminhouse\/maintenance\/\">Mantenimiento<\/a><\/h3><p class=\"elementor-image-box-description\">Damos importancia al plan de mantenimiento de equipos, ventaner\u00eda y baterias de ba\u00f1o, para evitar da\u00f1os y costos mayores a futuro. <\/p><\/div><\/div>\t\t\t\t<\/div>\n\t\t\t\t<\/div>\n\t\t\t\t\t<\/div>\n\t\t<\/div>\n\t\t\t\t\t<\/div>\n\t\t<\/section>\n\t\t\t\t<section class=\"elementor-section elementor-top-section elementor-element elementor-element-0e3db6b elementor-section-boxed elementor-section-height-default elementor-section-height-default\" data-id=\"0e3db6b\" data-element_type=\"section\" data-e-type=\"section\">\n\t\t\t\t\t\t<div class=\"elementor-container elementor-column-gap-default\">\n\t\t\t\t\t<div class=\"elementor-column elementor-col-33 elementor-top-column elementor-element elementor-element-2ea3052\" data-id=\"2ea3052\" data-element_type=\"column\" data-e-type=\"column\">\n\t\t\t<div class=\"elementor-widget-wrap elementor-element-populated\">\n\t\t\t\t\t\t<div class=\"elementor-element elementor-element-1f01da7 elementor-position-top elementor-widget elementor-widget-image-box\" data-id=\"1f01da7\" data-element_type=\"widget\" data-e-type=\"widget\" data-widget_type=\"image-box.default\">\n\t\t\t\t<div class=\"elementor-widget-container\">\n\t\t\t\t\t<div class=\"elementor-image-box-wrapper\"><figure class=\"elementor-image-box-img\"><a href=\"https:\/\/carmarbg.com\/index.php\/home\/adminturismo\/servicios-adminhouse\/staging\/\" tabindex=\"-1\"><img loading=\"lazy\" decoding=\"async\" width=\"286\" height=\"244\" src=\"https:\/\/carmarbg.com\/wp-content\/uploads\/2021\/06\/Puestaenescena-e1683146407534.gif\" class=\"attachment-medium_large size-medium_large wp-image-139\" alt=\"\" \/><\/a><\/figure><div class=\"elementor-image-box-content\"><h3 class=\"elementor-image-box-title\"><a href=\"https:\/\/carmarbg.com\/index.php\/home\/adminturismo\/servicios-adminhouse\/staging\/\">Montaje<\/a><\/h3><p class=\"elementor-image-box-description\">Nos encanta !!! Ayudar a dise\u00f1ar, definir, comprar y montar el equipamiento de las propiedades. Entendemos el gusto del cliente, el uso de la propiedad y unimos estilos, experiencia y optimizaci\u00f3n de presupuesto para lograr un gran resultado.<\/p><\/div><\/div>\t\t\t\t<\/div>\n\t\t\t\t<\/div>\n\t\t\t\t\t<\/div>\n\t\t<\/div>\n\t\t\t\t<div class=\"elementor-column elementor-col-33 elementor-top-column elementor-element elementor-element-eaebb1b\" data-id=\"eaebb1b\" data-element_type=\"column\" data-e-type=\"column\">\n\t\t\t<div class=\"elementor-widget-wrap elementor-element-populated\">\n\t\t\t\t\t\t<div class=\"elementor-element elementor-element-67c3292 elementor-position-top elementor-widget elementor-widget-image-box\" data-id=\"67c3292\" data-element_type=\"widget\" data-e-type=\"widget\" data-widget_type=\"image-box.default\">\n\t\t\t\t<div class=\"elementor-widget-container\">\n\t\t\t\t\t<div class=\"elementor-image-box-wrapper\"><figure class=\"elementor-image-box-img\"><a href=\"https:\/\/carmarbg.com\/index.php\/home\/adminturismo\/servicios-adminhouse\/emergency\/\" tabindex=\"-1\"><img loading=\"lazy\" decoding=\"async\" width=\"301\" height=\"311\" src=\"https:\/\/carmarbg.com\/wp-content\/uploads\/2021\/06\/Urgencias.gif\" class=\"attachment-medium_large size-medium_large wp-image-137\" alt=\"\" \/><\/a><\/figure><div class=\"elementor-image-box-content\"><h3 class=\"elementor-image-box-title\"><a href=\"https:\/\/carmarbg.com\/index.php\/home\/adminturismo\/servicios-adminhouse\/emergency\/\">Emergencias<\/a><\/h3><p class=\"elementor-image-box-description\">Contamos con servicio t\u00e9cnico de urgencia para momentos puntuales donde es vital atender lo m\u00e1s r\u00e1pido posible, emergencias de plomer\u00eda, electrodom\u00e9sticos y carpinter\u00eda especialmente.<\/p><\/div><\/div>\t\t\t\t<\/div>\n\t\t\t\t<\/div>\n\t\t\t\t\t<\/div>\n\t\t<\/div>\n\t\t\t\t<div class=\"elementor-column elementor-col-33 elementor-top-column elementor-element elementor-element-f41572f\" data-id=\"f41572f\" data-element_type=\"column\" data-e-type=\"column\">\n\t\t\t<div class=\"elementor-widget-wrap elementor-element-populated\">\n\t\t\t\t\t\t<div class=\"elementor-element elementor-element-dff9a89 elementor-position-top elementor-widget elementor-widget-image-box\" data-id=\"dff9a89\" data-element_type=\"widget\" data-e-type=\"widget\" data-widget_type=\"image-box.default\">\n\t\t\t\t<div class=\"elementor-widget-container\">\n\t\t\t\t\t<div class=\"elementor-image-box-wrapper\"><figure class=\"elementor-image-box-img\"><a href=\"https:\/\/carmarbg.com\/index.php\/home\/adminturismo\/servicios-adminhouse\/remodeling\/\" tabindex=\"-1\"><img loading=\"lazy\" decoding=\"async\" width=\"293\" height=\"322\" src=\"https:\/\/carmarbg.com\/wp-content\/uploads\/2021\/06\/remodela.gif\" class=\"attachment-1536x1536 size-1536x1536 wp-image-138\" alt=\"\" \/><\/a><\/figure><div class=\"elementor-image-box-content\"><h3 class=\"elementor-image-box-title\"><a href=\"https:\/\/carmarbg.com\/index.php\/home\/adminturismo\/servicios-adminhouse\/remodeling\/\">Remodelaci\u00f3n<\/a><\/h3><p class=\"elementor-image-box-description\">Es importante dar vida a las propiedades remodelando algunos espacios no solo cuando los requieran, sino tambien para impactar de manera diferente a nuevos visitantes. <\/p><\/div><\/div>\t\t\t\t<\/div>\n\t\t\t\t<\/div>\n\t\t\t\t\t<\/div>\n\t\t<\/div>\n\t\t\t\t\t<\/div>\n\t\t<\/section>\n\t\t\t\t<\/div>\n\t\t","protected":false},"excerpt":{"rendered":"<p>Razones que nos inspiran La participaci\u00f3n en proyectos hoteleros y de viviendas tur\u00edsticas como proveedores o haciendo la gerencia de fin de obra y empalme con operaci\u00f3n; nos ha preparado para aportar valor en la administraci\u00f3n de viviendas tur\u00edsticas, entendiendo sus necesidades y requerimientos; comprometi\u00e9ndonos con un manejo impecable del inmueble tanto para nuestro cliente [&hellip;]<\/p>\n","protected":false},"author":2,"featured_media":639,"parent":21,"menu_order":0,"comment_status":"closed","ping_status":"closed","template":"elementor_theme","meta":{"vkexunit_cta_each_option":"400","footnotes":""},"class_list":["post-265","page","type-page","status-publish","has-post-thumbnail","hentry"],"yoast_head":"<!-- This site is optimized with the Yoast SEO plugin v27.3 - https:\/\/yoast.com\/product\/yoast-seo-wordpress\/ -->\n<title>Administraci\u00f3n de viviendas tur\u00edsticas - CARMAR BUSINESS GROUP<\/title>\n<meta name=\"robots\" content=\"index, follow, max-snippet:-1, max-image-preview:large, max-video-preview:-1\" \/>\n<link rel=\"canonical\" href=\"https:\/\/carmarbg.com\/index.php\/home\/adminturismo\/\" \/>\n<meta property=\"og:locale\" content=\"es_ES\" \/>\n<meta property=\"og:type\" content=\"article\" \/>\n<meta property=\"og:title\" content=\"Administraci\u00f3n de viviendas tur\u00edsticas - CARMAR BUSINESS GROUP\" \/>\n<meta property=\"og:description\" content=\"Razones que nos inspiran La participaci\u00f3n en proyectos hoteleros y de viviendas tur\u00edsticas como proveedores o haciendo la gerencia de fin de obra y empalme con operaci\u00f3n; nos ha preparado para aportar valor en la administraci\u00f3n de viviendas tur\u00edsticas, entendiendo sus necesidades y requerimientos; comprometi\u00e9ndonos con un manejo impecable del inmueble tanto para nuestro cliente [&hellip;]\" \/>\n<meta property=\"og:url\" content=\"https:\/\/carmarbg.com\/index.php\/home\/adminturismo\/\" \/>\n<meta property=\"og:site_name\" content=\"CARMAR BUSINESS GROUP\" \/>\n<meta property=\"article:modified_time\" content=\"2023-08-18T20:12:21+00:00\" \/>\n<meta property=\"og:image\" content=\"https:\/\/carmarbg.com\/wp-content\/uploads\/2021\/06\/Supervision.gif\" \/>\n<meta name=\"twitter:card\" content=\"summary_large_image\" \/>\n<meta name=\"twitter:label1\" content=\"Tiempo de lectura\" \/>\n\t<meta name=\"twitter:data1\" content=\"1 minuto\" \/>\n<script type=\"application\/ld+json\" class=\"yoast-schema-graph\">{\"@context\":\"https:\\\/\\\/schema.org\",\"@graph\":[{\"@type\":\"WebPage\",\"@id\":\"https:\\\/\\\/carmarbg.com\\\/index.php\\\/home\\\/adminturismo\\\/\",\"url\":\"https:\\\/\\\/carmarbg.com\\\/index.php\\\/home\\\/adminturismo\\\/\",\"name\":\"Administraci\u00f3n de viviendas tur\u00edsticas - CARMAR BUSINESS GROUP\",\"isPartOf\":{\"@id\":\"https:\\\/\\\/carmarbg.com\\\/#website\"},\"primaryImageOfPage\":{\"@id\":\"https:\\\/\\\/carmarbg.com\\\/index.php\\\/home\\\/adminturismo\\\/#primaryimage\"},\"image\":{\"@id\":\"https:\\\/\\\/carmarbg.com\\\/index.php\\\/home\\\/adminturismo\\\/#primaryimage\"},\"thumbnailUrl\":\"https:\\\/\\\/carmarbg.com\\\/wp-content\\\/uploads\\\/2021\\\/06\\\/CARRERA-MARTINEZ.jpg\",\"datePublished\":\"2021-06-30T17:44:17+00:00\",\"dateModified\":\"2023-08-18T20:12:21+00:00\",\"breadcrumb\":{\"@id\":\"https:\\\/\\\/carmarbg.com\\\/index.php\\\/home\\\/adminturismo\\\/#breadcrumb\"},\"inLanguage\":\"es\",\"potentialAction\":[{\"@type\":\"ReadAction\",\"target\":[\"https:\\\/\\\/carmarbg.com\\\/index.php\\\/home\\\/adminturismo\\\/\"]}]},{\"@type\":\"ImageObject\",\"inLanguage\":\"es\",\"@id\":\"https:\\\/\\\/carmarbg.com\\\/index.php\\\/home\\\/adminturismo\\\/#primaryimage\",\"url\":\"https:\\\/\\\/carmarbg.com\\\/wp-content\\\/uploads\\\/2021\\\/06\\\/CARRERA-MARTINEZ.jpg\",\"contentUrl\":\"https:\\\/\\\/carmarbg.com\\\/wp-content\\\/uploads\\\/2021\\\/06\\\/CARRERA-MARTINEZ.jpg\",\"width\":1280,\"height\":720},{\"@type\":\"BreadcrumbList\",\"@id\":\"https:\\\/\\\/carmarbg.com\\\/index.php\\\/home\\\/adminturismo\\\/#breadcrumb\",\"itemListElement\":[{\"@type\":\"ListItem\",\"position\":1,\"name\":\"Portada\",\"item\":\"https:\\\/\\\/carmarbg.com\\\/\"},{\"@type\":\"ListItem\",\"position\":2,\"name\":\"Home\",\"item\":\"https:\\\/\\\/carmarbg.com\\\/\"},{\"@type\":\"ListItem\",\"position\":3,\"name\":\"Administraci\u00f3n de viviendas tur\u00edsticas\"}]},{\"@type\":\"WebSite\",\"@id\":\"https:\\\/\\\/carmarbg.com\\\/#website\",\"url\":\"https:\\\/\\\/carmarbg.com\\\/\",\"name\":\"CARMAR BUSINESS GROUP\",\"description\":\"\",\"potentialAction\":[{\"@type\":\"SearchAction\",\"target\":{\"@type\":\"EntryPoint\",\"urlTemplate\":\"https:\\\/\\\/carmarbg.com\\\/?s={search_term_string}\"},\"query-input\":{\"@type\":\"PropertyValueSpecification\",\"valueRequired\":true,\"valueName\":\"search_term_string\"}}],\"inLanguage\":\"es\"}]}<\/script>\n<!-- \/ Yoast SEO plugin. -->","yoast_head_json":{"title":"Administraci\u00f3n de viviendas tur\u00edsticas - CARMAR BUSINESS GROUP","robots":{"index":"index","follow":"follow","max-snippet":"max-snippet:-1","max-image-preview":"max-image-preview:large","max-video-preview":"max-video-preview:-1"},"canonical":"https:\/\/carmarbg.com\/index.php\/home\/adminturismo\/","og_locale":"es_ES","og_type":"article","og_title":"Administraci\u00f3n de viviendas tur\u00edsticas - CARMAR BUSINESS GROUP","og_description":"Razones que nos inspiran La participaci\u00f3n en proyectos hoteleros y de viviendas tur\u00edsticas como proveedores o haciendo la gerencia de fin de obra y empalme con operaci\u00f3n; nos ha preparado para aportar valor en la administraci\u00f3n de viviendas tur\u00edsticas, entendiendo sus necesidades y requerimientos; comprometi\u00e9ndonos con un manejo impecable del inmueble tanto para nuestro cliente [&hellip;]","og_url":"https:\/\/carmarbg.com\/index.php\/home\/adminturismo\/","og_site_name":"CARMAR BUSINESS GROUP","article_modified_time":"2023-08-18T20:12:21+00:00","og_image":[{"url":"https:\/\/carmarbg.com\/wp-content\/uploads\/2021\/06\/Supervision.gif","type":"","width":"","height":""}],"twitter_card":"summary_large_image","twitter_misc":{"Tiempo de lectura":"1 minuto"},"schema":{"@context":"https:\/\/schema.org","@graph":[{"@type":"WebPage","@id":"https:\/\/carmarbg.com\/index.php\/home\/adminturismo\/","url":"https:\/\/carmarbg.com\/index.php\/home\/adminturismo\/","name":"Administraci\u00f3n de viviendas tur\u00edsticas - CARMAR BUSINESS GROUP","isPartOf":{"@id":"https:\/\/carmarbg.com\/#website"},"primaryImageOfPage":{"@id":"https:\/\/carmarbg.com\/index.php\/home\/adminturismo\/#primaryimage"},"image":{"@id":"https:\/\/carmarbg.com\/index.php\/home\/adminturismo\/#primaryimage"},"thumbnailUrl":"https:\/\/carmarbg.com\/wp-content\/uploads\/2021\/06\/CARRERA-MARTINEZ.jpg","datePublished":"2021-06-30T17:44:17+00:00","dateModified":"2023-08-18T20:12:21+00:00","breadcrumb":{"@id":"https:\/\/carmarbg.com\/index.php\/home\/adminturismo\/#breadcrumb"},"inLanguage":"es","potentialAction":[{"@type":"ReadAction","target":["https:\/\/carmarbg.com\/index.php\/home\/adminturismo\/"]}]},{"@type":"ImageObject","inLanguage":"es","@id":"https:\/\/carmarbg.com\/index.php\/home\/adminturismo\/#primaryimage","url":"https:\/\/carmarbg.com\/wp-content\/uploads\/2021\/06\/CARRERA-MARTINEZ.jpg","contentUrl":"https:\/\/carmarbg.com\/wp-content\/uploads\/2021\/06\/CARRERA-MARTINEZ.jpg","width":1280,"height":720},{"@type":"BreadcrumbList","@id":"https:\/\/carmarbg.com\/index.php\/home\/adminturismo\/#breadcrumb","itemListElement":[{"@type":"ListItem","position":1,"name":"Portada","item":"https:\/\/carmarbg.com\/"},{"@type":"ListItem","position":2,"name":"Home","item":"https:\/\/carmarbg.com\/"},{"@type":"ListItem","position":3,"name":"Administraci\u00f3n de viviendas tur\u00edsticas"}]},{"@type":"WebSite","@id":"https:\/\/carmarbg.com\/#website","url":"https:\/\/carmarbg.com\/","name":"CARMAR BUSINESS GROUP","description":"","potentialAction":[{"@type":"SearchAction","target":{"@type":"EntryPoint","urlTemplate":"https:\/\/carmarbg.com\/?s={search_term_string}"},"query-input":{"@type":"PropertyValueSpecification","valueRequired":true,"valueName":"search_term_string"}}],"inLanguage":"es"}]}},"_links":{"self":[{"href":"https:\/\/carmarbg.com\/index.php\/wp-json\/wp\/v2\/pages\/265","targetHints":{"allow":["GET"]}}],"collection":[{"href":"https:\/\/carmarbg.com\/index.php\/wp-json\/wp\/v2\/pages"}],"about":[{"href":"https:\/\/carmarbg.com\/index.php\/wp-json\/wp\/v2\/types\/page"}],"author":[{"embeddable":true,"href":"https:\/\/carmarbg.com\/index.php\/wp-json\/wp\/v2\/users\/2"}],"replies":[{"embeddable":true,"href":"https:\/\/carmarbg.com\/index.php\/wp-json\/wp\/v2\/comments?post=265"}],"version-history":[{"count":63,"href":"https:\/\/carmarbg.com\/index.php\/wp-json\/wp\/v2\/pages\/265\/revisions"}],"predecessor-version":[{"id":1496,"href":"https:\/\/carmarbg.com\/index.php\/wp-json\/wp\/v2\/pages\/265\/revisions\/1496"}],"up":[{"embeddable":true,"href":"https:\/\/carmarbg.com\/index.php\/wp-json\/wp\/v2\/pages\/21"}],"wp:featuredmedia":[{"embeddable":true,"href":"https:\/\/carmarbg.com\/index.php\/wp-json\/wp\/v2\/media\/639"}],"wp:attachment":[{"href":"https:\/\/carmarbg.com\/index.php\/wp-json\/wp\/v2\/media?parent=265"}],"curies":[{"name":"wp","href":"https:\/\/api.w.org\/{rel}","templated":true}]}}