{"id":289,"date":"2021-07-01T17:15:59","date_gmt":"2021-07-01T22:15:59","guid":{"rendered":"https:\/\/holidaycleaning.parapymes.com\/wp\/?page_id=289"},"modified":"2023-08-16T22:07:23","modified_gmt":"2023-08-16T22:07:23","slug":"clean","status":"publish","type":"page","link":"https:\/\/carmarbg.com\/index.php\/home\/adminturismo\/servicios-adminhouse\/clean\/","title":{"rendered":"Servicio de Limpieza"},"content":{"rendered":"\t\t<div data-elementor-type=\"wp-page\" data-elementor-id=\"289\" class=\"elementor elementor-289\">\n\t\t\t\t\t\t<section class=\"elementor-section elementor-top-section elementor-element elementor-element-ada26fd elementor-section-boxed elementor-section-height-default elementor-section-height-default\" data-id=\"ada26fd\" data-element_type=\"section\" data-e-type=\"section\">\n\t\t\t\t\t\t<div class=\"elementor-container elementor-column-gap-default\">\n\t\t\t\t\t<div class=\"elementor-column elementor-col-100 elementor-top-column elementor-element elementor-element-375e8c5\" data-id=\"375e8c5\" data-element_type=\"column\" data-e-type=\"column\">\n\t\t\t<div class=\"elementor-widget-wrap elementor-element-populated\">\n\t\t\t\t\t\t<div class=\"elementor-element elementor-element-de6b1c9 elementor-widget elementor-widget-text-editor\" data-id=\"de6b1c9\" data-element_type=\"widget\" data-e-type=\"widget\" data-widget_type=\"text-editor.default\">\n\t\t\t\t<div class=\"elementor-widget-container\">\n\t\t\t\t\t\t\t\t\t<p>En Carrer\u00e1 &amp; Mart\u00ednez nos comprometemos a delinear, implantar y ejecutar un servicio de limpieza y desinfecci\u00f3n \u00f3ptimo, que garantice un alto est\u00e1ndar y proporcione a nuestros clientes y a sus hu\u00e9spedes total confianza y satisfacci\u00f3n.\u00a0<\/p><p>La periodicidad del servicio es acorde a las necesidades del cliente y a la ocupaci\u00f3n seg\u00fan corresponda.\u00a0<\/p><p>Hacemos un aporte m\u00ednimo de responsabilidad ambiental con detalles como el manejo adecuado de residuos y cuidado de la lencer\u00eda.\u00a0<\/p>\t\t\t\t\t\t\t\t<\/div>\n\t\t\t\t<\/div>\n\t\t\t\t<div class=\"elementor-element elementor-element-be2b9d4 elementor-widget elementor-widget-image\" data-id=\"be2b9d4\" data-element_type=\"widget\" data-e-type=\"widget\" data-widget_type=\"image.default\">\n\t\t\t\t<div class=\"elementor-widget-container\">\n\t\t\t\t\t\t\t\t\t\t\t\t\t\t\t<img fetchpriority=\"high\" decoding=\"async\" width=\"1024\" height=\"683\" src=\"https:\/\/carmarbg.com\/wp-content\/uploads\/2021\/07\/pexels-matilda-wormwood-4098778-scaled-1-1024x683.jpg\" class=\"attachment-large size-large wp-image-325\" alt=\"\" srcset=\"https:\/\/carmarbg.com\/wp-content\/uploads\/2021\/07\/pexels-matilda-wormwood-4098778-scaled-1-1024x683.jpg 1024w, https:\/\/carmarbg.com\/wp-content\/uploads\/2021\/07\/pexels-matilda-wormwood-4098778-scaled-1-300x200.jpg 300w, https:\/\/carmarbg.com\/wp-content\/uploads\/2021\/07\/pexels-matilda-wormwood-4098778-scaled-1-768x512.jpg 768w, https:\/\/carmarbg.com\/wp-content\/uploads\/2021\/07\/pexels-matilda-wormwood-4098778-scaled-1-1536x1025.jpg 1536w, https:\/\/carmarbg.com\/wp-content\/uploads\/2021\/07\/pexels-matilda-wormwood-4098778-scaled-1-2048x1366.jpg 2048w\" sizes=\"(max-width: 1024px) 100vw, 1024px\" \/>\t\t\t\t\t\t\t\t\t\t\t\t\t\t\t<\/div>\n\t\t\t\t<\/div>\n\t\t\t\t\t<\/div>\n\t\t<\/div>\n\t\t\t\t\t<\/div>\n\t\t<\/section>\n\t\t\t\t<\/div>\n\t\t","protected":false},"excerpt":{"rendered":"<p>En Carrer\u00e1 &amp; Mart\u00ednez nos comprometemos a delinear, implantar y ejecutar un servicio de limpieza y desinfecci\u00f3n \u00f3ptimo, que garantice un alto est\u00e1ndar y proporcione a nuestros clientes y a sus hu\u00e9spedes total confianza y satisfacci\u00f3n.\u00a0 La periodicidad del servicio es acorde a las necesidades del cliente y a la ocupaci\u00f3n seg\u00fan corresponda.\u00a0 Hacemos un [&hellip;]<\/p>\n","protected":false},"author":2,"featured_media":128,"parent":738,"menu_order":1,"comment_status":"closed","ping_status":"closed","template":"","meta":{"vkexunit_cta_each_option":"400","footnotes":""},"class_list":["post-289","page","type-page","status-publish","has-post-thumbnail","hentry"],"yoast_head":"<!-- This site is optimized with the Yoast SEO plugin v27.3 - https:\/\/yoast.com\/product\/yoast-seo-wordpress\/ -->\n<title>Servicio de Limpieza - CARMAR BUSINESS GROUP<\/title>\n<meta name=\"robots\" content=\"index, follow, max-snippet:-1, max-image-preview:large, max-video-preview:-1\" \/>\n<link rel=\"canonical\" href=\"https:\/\/carmarbg.com\/index.php\/home\/adminturismo\/servicios-adminhouse\/clean\/\" \/>\n<meta property=\"og:locale\" content=\"es_ES\" \/>\n<meta property=\"og:type\" content=\"article\" \/>\n<meta property=\"og:title\" content=\"Servicio de Limpieza - CARMAR BUSINESS GROUP\" \/>\n<meta property=\"og:description\" content=\"En Carrer\u00e1 &amp; Mart\u00ednez nos comprometemos a delinear, implantar y ejecutar un servicio de limpieza y desinfecci\u00f3n \u00f3ptimo, que garantice un alto est\u00e1ndar y proporcione a nuestros clientes y a sus hu\u00e9spedes total confianza y satisfacci\u00f3n.\u00a0 La periodicidad del servicio es acorde a las necesidades del cliente y a la ocupaci\u00f3n seg\u00fan corresponda.\u00a0 Hacemos un [&hellip;]\" \/>\n<meta property=\"og:url\" content=\"https:\/\/carmarbg.com\/index.php\/home\/adminturismo\/servicios-adminhouse\/clean\/\" \/>\n<meta property=\"og:site_name\" content=\"CARMAR BUSINESS GROUP\" \/>\n<meta property=\"article:modified_time\" content=\"2023-08-16T22:07:23+00:00\" \/>\n<meta property=\"og:image\" content=\"https:\/\/carmarbg.com\/wp-content\/uploads\/2021\/06\/aseo.gif\" \/>\n\t<meta property=\"og:image:width\" content=\"301\" \/>\n\t<meta property=\"og:image:height\" content=\"314\" \/>\n\t<meta property=\"og:image:type\" content=\"image\/gif\" \/>\n<meta name=\"twitter:card\" content=\"summary_large_image\" \/>\n<meta name=\"twitter:label1\" content=\"Tiempo de lectura\" \/>\n\t<meta name=\"twitter:data1\" content=\"1 minuto\" \/>\n<script type=\"application\/ld+json\" class=\"yoast-schema-graph\">{\"@context\":\"https:\\\/\\\/schema.org\",\"@graph\":[{\"@type\":\"WebPage\",\"@id\":\"https:\\\/\\\/carmarbg.com\\\/index.php\\\/home\\\/adminturismo\\\/servicios-adminhouse\\\/clean\\\/\",\"url\":\"https:\\\/\\\/carmarbg.com\\\/index.php\\\/home\\\/adminturismo\\\/servicios-adminhouse\\\/clean\\\/\",\"name\":\"Servicio de Limpieza - CARMAR BUSINESS GROUP\",\"isPartOf\":{\"@id\":\"https:\\\/\\\/carmarbg.com\\\/#website\"},\"primaryImageOfPage\":{\"@id\":\"https:\\\/\\\/carmarbg.com\\\/index.php\\\/home\\\/adminturismo\\\/servicios-adminhouse\\\/clean\\\/#primaryimage\"},\"image\":{\"@id\":\"https:\\\/\\\/carmarbg.com\\\/index.php\\\/home\\\/adminturismo\\\/servicios-adminhouse\\\/clean\\\/#primaryimage\"},\"thumbnailUrl\":\"https:\\\/\\\/carmarbg.com\\\/wp-content\\\/uploads\\\/2021\\\/06\\\/aseo.gif\",\"datePublished\":\"2021-07-01T22:15:59+00:00\",\"dateModified\":\"2023-08-16T22:07:23+00:00\",\"breadcrumb\":{\"@id\":\"https:\\\/\\\/carmarbg.com\\\/index.php\\\/home\\\/adminturismo\\\/servicios-adminhouse\\\/clean\\\/#breadcrumb\"},\"inLanguage\":\"es\",\"potentialAction\":[{\"@type\":\"ReadAction\",\"target\":[\"https:\\\/\\\/carmarbg.com\\\/index.php\\\/home\\\/adminturismo\\\/servicios-adminhouse\\\/clean\\\/\"]}]},{\"@type\":\"ImageObject\",\"inLanguage\":\"es\",\"@id\":\"https:\\\/\\\/carmarbg.com\\\/index.php\\\/home\\\/adminturismo\\\/servicios-adminhouse\\\/clean\\\/#primaryimage\",\"url\":\"https:\\\/\\\/carmarbg.com\\\/wp-content\\\/uploads\\\/2021\\\/06\\\/aseo.gif\",\"contentUrl\":\"https:\\\/\\\/carmarbg.com\\\/wp-content\\\/uploads\\\/2021\\\/06\\\/aseo.gif\",\"width\":301,\"height\":314},{\"@type\":\"BreadcrumbList\",\"@id\":\"https:\\\/\\\/carmarbg.com\\\/index.php\\\/home\\\/adminturismo\\\/servicios-adminhouse\\\/clean\\\/#breadcrumb\",\"itemListElement\":[{\"@type\":\"ListItem\",\"position\":1,\"name\":\"Portada\",\"item\":\"https:\\\/\\\/carmarbg.com\\\/\"},{\"@type\":\"ListItem\",\"position\":2,\"name\":\"Home\",\"item\":\"https:\\\/\\\/carmarbg.com\\\/\"},{\"@type\":\"ListItem\",\"position\":3,\"name\":\"Administraci\u00f3n de viviendas tur\u00edsticas\",\"item\":\"https:\\\/\\\/carmarbg.com\\\/index.php\\\/home\\\/adminturismo\\\/\"},{\"@type\":\"ListItem\",\"position\":4,\"name\":\"ADMINHOUSE\",\"item\":\"https:\\\/\\\/carmarbg.com\\\/index.php\\\/home\\\/adminturismo\\\/servicios-adminhouse\\\/\"},{\"@type\":\"ListItem\",\"position\":5,\"name\":\"Servicio de Limpieza\"}]},{\"@type\":\"WebSite\",\"@id\":\"https:\\\/\\\/carmarbg.com\\\/#website\",\"url\":\"https:\\\/\\\/carmarbg.com\\\/\",\"name\":\"CARMAR BUSINESS GROUP\",\"description\":\"\",\"potentialAction\":[{\"@type\":\"SearchAction\",\"target\":{\"@type\":\"EntryPoint\",\"urlTemplate\":\"https:\\\/\\\/carmarbg.com\\\/?s={search_term_string}\"},\"query-input\":{\"@type\":\"PropertyValueSpecification\",\"valueRequired\":true,\"valueName\":\"search_term_string\"}}],\"inLanguage\":\"es\"}]}<\/script>\n<!-- \/ Yoast SEO plugin. -->","yoast_head_json":{"title":"Servicio de Limpieza - CARMAR BUSINESS GROUP","robots":{"index":"index","follow":"follow","max-snippet":"max-snippet:-1","max-image-preview":"max-image-preview:large","max-video-preview":"max-video-preview:-1"},"canonical":"https:\/\/carmarbg.com\/index.php\/home\/adminturismo\/servicios-adminhouse\/clean\/","og_locale":"es_ES","og_type":"article","og_title":"Servicio de Limpieza - CARMAR BUSINESS GROUP","og_description":"En Carrer\u00e1 &amp; Mart\u00ednez nos comprometemos a delinear, implantar y ejecutar un servicio de limpieza y desinfecci\u00f3n \u00f3ptimo, que garantice un alto est\u00e1ndar y proporcione a nuestros clientes y a sus hu\u00e9spedes total confianza y satisfacci\u00f3n.\u00a0 La periodicidad del servicio es acorde a las necesidades del cliente y a la ocupaci\u00f3n seg\u00fan corresponda.\u00a0 Hacemos un [&hellip;]","og_url":"https:\/\/carmarbg.com\/index.php\/home\/adminturismo\/servicios-adminhouse\/clean\/","og_site_name":"CARMAR BUSINESS GROUP","article_modified_time":"2023-08-16T22:07:23+00:00","og_image":[{"width":301,"height":314,"url":"https:\/\/carmarbg.com\/wp-content\/uploads\/2021\/06\/aseo.gif","type":"image\/gif"}],"twitter_card":"summary_large_image","twitter_misc":{"Tiempo de lectura":"1 minuto"},"schema":{"@context":"https:\/\/schema.org","@graph":[{"@type":"WebPage","@id":"https:\/\/carmarbg.com\/index.php\/home\/adminturismo\/servicios-adminhouse\/clean\/","url":"https:\/\/carmarbg.com\/index.php\/home\/adminturismo\/servicios-adminhouse\/clean\/","name":"Servicio de Limpieza - CARMAR BUSINESS GROUP","isPartOf":{"@id":"https:\/\/carmarbg.com\/#website"},"primaryImageOfPage":{"@id":"https:\/\/carmarbg.com\/index.php\/home\/adminturismo\/servicios-adminhouse\/clean\/#primaryimage"},"image":{"@id":"https:\/\/carmarbg.com\/index.php\/home\/adminturismo\/servicios-adminhouse\/clean\/#primaryimage"},"thumbnailUrl":"https:\/\/carmarbg.com\/wp-content\/uploads\/2021\/06\/aseo.gif","datePublished":"2021-07-01T22:15:59+00:00","dateModified":"2023-08-16T22:07:23+00:00","breadcrumb":{"@id":"https:\/\/carmarbg.com\/index.php\/home\/adminturismo\/servicios-adminhouse\/clean\/#breadcrumb"},"inLanguage":"es","potentialAction":[{"@type":"ReadAction","target":["https:\/\/carmarbg.com\/index.php\/home\/adminturismo\/servicios-adminhouse\/clean\/"]}]},{"@type":"ImageObject","inLanguage":"es","@id":"https:\/\/carmarbg.com\/index.php\/home\/adminturismo\/servicios-adminhouse\/clean\/#primaryimage","url":"https:\/\/carmarbg.com\/wp-content\/uploads\/2021\/06\/aseo.gif","contentUrl":"https:\/\/carmarbg.com\/wp-content\/uploads\/2021\/06\/aseo.gif","width":301,"height":314},{"@type":"BreadcrumbList","@id":"https:\/\/carmarbg.com\/index.php\/home\/adminturismo\/servicios-adminhouse\/clean\/#breadcrumb","itemListElement":[{"@type":"ListItem","position":1,"name":"Portada","item":"https:\/\/carmarbg.com\/"},{"@type":"ListItem","position":2,"name":"Home","item":"https:\/\/carmarbg.com\/"},{"@type":"ListItem","position":3,"name":"Administraci\u00f3n de viviendas tur\u00edsticas","item":"https:\/\/carmarbg.com\/index.php\/home\/adminturismo\/"},{"@type":"ListItem","position":4,"name":"ADMINHOUSE","item":"https:\/\/carmarbg.com\/index.php\/home\/adminturismo\/servicios-adminhouse\/"},{"@type":"ListItem","position":5,"name":"Servicio de Limpieza"}]},{"@type":"WebSite","@id":"https:\/\/carmarbg.com\/#website","url":"https:\/\/carmarbg.com\/","name":"CARMAR BUSINESS GROUP","description":"","potentialAction":[{"@type":"SearchAction","target":{"@type":"EntryPoint","urlTemplate":"https:\/\/carmarbg.com\/?s={search_term_string}"},"query-input":{"@type":"PropertyValueSpecification","valueRequired":true,"valueName":"search_term_string"}}],"inLanguage":"es"}]}},"_links":{"self":[{"href":"https:\/\/carmarbg.com\/index.php\/wp-json\/wp\/v2\/pages\/289","targetHints":{"allow":["GET"]}}],"collection":[{"href":"https:\/\/carmarbg.com\/index.php\/wp-json\/wp\/v2\/pages"}],"about":[{"href":"https:\/\/carmarbg.com\/index.php\/wp-json\/wp\/v2\/types\/page"}],"author":[{"embeddable":true,"href":"https:\/\/carmarbg.com\/index.php\/wp-json\/wp\/v2\/users\/2"}],"replies":[{"embeddable":true,"href":"https:\/\/carmarbg.com\/index.php\/wp-json\/wp\/v2\/comments?post=289"}],"version-history":[{"count":20,"href":"https:\/\/carmarbg.com\/index.php\/wp-json\/wp\/v2\/pages\/289\/revisions"}],"predecessor-version":[{"id":1418,"href":"https:\/\/carmarbg.com\/index.php\/wp-json\/wp\/v2\/pages\/289\/revisions\/1418"}],"up":[{"embeddable":true,"href":"https:\/\/carmarbg.com\/index.php\/wp-json\/wp\/v2\/pages\/738"}],"wp:featuredmedia":[{"embeddable":true,"href":"https:\/\/carmarbg.com\/index.php\/wp-json\/wp\/v2\/media\/128"}],"wp:attachment":[{"href":"https:\/\/carmarbg.com\/index.php\/wp-json\/wp\/v2\/media?parent=289"}],"curies":[{"name":"wp","href":"https:\/\/api.w.org\/{rel}","templated":true}]}}