{"id":291,"date":"2021-07-01T17:16:22","date_gmt":"2021-07-01T17:16:22","guid":{"rendered":"https:\/\/holidaycleaning.parapymes.com\/wp\/?page_id=291"},"modified":"2023-08-18T20:19:01","modified_gmt":"2023-08-18T20:19:01","slug":"maintenance","status":"publish","type":"page","link":"https:\/\/carmarbg.com\/index.php\/home\/adminturismo\/servicios-adminhouse\/maintenance\/","title":{"rendered":"Mantenimiento"},"content":{"rendered":"\t\t<div data-elementor-type=\"wp-page\" data-elementor-id=\"291\" class=\"elementor elementor-291\">\n\t\t\t\t\t\t<section class=\"elementor-section elementor-top-section elementor-element elementor-element-114cd2d elementor-section-boxed elementor-section-height-default elementor-section-height-default\" data-id=\"114cd2d\" data-element_type=\"section\" data-e-type=\"section\">\n\t\t\t\t\t\t<div class=\"elementor-container elementor-column-gap-default\">\n\t\t\t\t\t<div class=\"elementor-column elementor-col-100 elementor-top-column elementor-element elementor-element-10927d2\" data-id=\"10927d2\" data-element_type=\"column\" data-e-type=\"column\">\n\t\t\t<div class=\"elementor-widget-wrap elementor-element-populated\">\n\t\t\t\t\t\t<div class=\"elementor-element elementor-element-669277f elementor-widget elementor-widget-text-editor\" data-id=\"669277f\" data-element_type=\"widget\" data-e-type=\"widget\" data-widget_type=\"text-editor.default\">\n\t\t\t\t<div class=\"elementor-widget-container\">\n\t\t\t\t\t\t\t\t\t<p><span style=\"color: var( --e-global-color-text ); font-family: var( --e-global-typography-text-font-family ), Sans-serif; font-weight: var( --e-global-typography-text-font-weight ); font-size: var(--vk-size-text);\">El mantenimiento de un inmueble va directamente ligado a la seguridad y comodidad de quienes lo habitan, siendo de vital importancia el plan de mantenimiento peri\u00f3dico del sistema de aire acondicionado, bater\u00eda de ba\u00f1os, electrodom\u00e9sticos, ventaner\u00eda, pisos, pintura, iluminaci\u00f3n,\u00a0 cieloraso; y en igual importancia es clave el mantenimiento y lavado permanente de mobiliario, cortinas y decoraci\u00f3n.\u00a0<\/span><\/p><p style=\"margin-bottom: var(--vk-margin-element-bottom); line-height: var(--vk-line-height);\">Contamos con un equipo t\u00e9cnico, proveedores y contratistas con los que podemos ejecutar las actividades requeridas para el mantenimiento de propiedades residenciales, tur\u00edsticas o institucionales.\u00a0<\/p><div><span style=\"color: var( --e-global-color-text ); font-family: var( --e-global-typography-text-font-family ), Sans-serif; font-weight: var( --e-global-typography-text-font-weight ); font-size: var(--vk-size-text);\">Ser sostenibles con el medio ambiente es optimizar sistemas, te ayudamos a evaluar consumo de agua y energ\u00eda para buscar mejoras en tu inmueble.\u00a0<\/span><\/div>\t\t\t\t\t\t\t\t<\/div>\n\t\t\t\t<\/div>\n\t\t\t\t\t<\/div>\n\t\t<\/div>\n\t\t\t\t\t<\/div>\n\t\t<\/section>\n\t\t\t\t<section class=\"elementor-section elementor-top-section elementor-element elementor-element-953e23a elementor-section-boxed elementor-section-height-default elementor-section-height-default\" data-id=\"953e23a\" data-element_type=\"section\" data-e-type=\"section\">\n\t\t\t\t\t\t<div class=\"elementor-container elementor-column-gap-default\">\n\t\t\t\t\t<div class=\"elementor-column elementor-col-33 elementor-top-column elementor-element elementor-element-9d4136b\" data-id=\"9d4136b\" data-element_type=\"column\" data-e-type=\"column\">\n\t\t\t<div class=\"elementor-widget-wrap elementor-element-populated\">\n\t\t\t\t\t\t<div class=\"elementor-element elementor-element-26c574c elementor-position-top elementor-widget elementor-widget-image-box\" data-id=\"26c574c\" data-element_type=\"widget\" data-e-type=\"widget\" data-widget_type=\"image-box.default\">\n\t\t\t\t<div class=\"elementor-widget-container\">\n\t\t\t\t\t<div class=\"elementor-image-box-wrapper\"><figure class=\"elementor-image-box-img\"><img fetchpriority=\"high\" decoding=\"async\" width=\"250\" height=\"250\" src=\"https:\/\/carmarbg.com\/wp-content\/uploads\/2022\/04\/Electricista.jpg\" class=\"attachment-full size-full wp-image-588\" alt=\"\" srcset=\"https:\/\/carmarbg.com\/wp-content\/uploads\/2022\/04\/Electricista.jpg 250w, https:\/\/carmarbg.com\/wp-content\/uploads\/2022\/04\/Electricista-150x150.jpg 150w\" sizes=\"(max-width: 250px) 100vw, 250px\" \/><\/figure><div class=\"elementor-image-box-content\"><h3 class=\"elementor-image-box-title\">Electrico<\/h3><\/div><\/div>\t\t\t\t<\/div>\n\t\t\t\t<\/div>\n\t\t\t\t\t<\/div>\n\t\t<\/div>\n\t\t\t\t<div class=\"elementor-column elementor-col-33 elementor-top-column elementor-element elementor-element-01c0581\" data-id=\"01c0581\" data-element_type=\"column\" data-e-type=\"column\">\n\t\t\t<div class=\"elementor-widget-wrap elementor-element-populated\">\n\t\t\t\t\t\t<div class=\"elementor-element elementor-element-cdebd1f elementor-position-top elementor-widget elementor-widget-image-box\" data-id=\"cdebd1f\" data-element_type=\"widget\" data-e-type=\"widget\" data-widget_type=\"image-box.default\">\n\t\t\t\t<div class=\"elementor-widget-container\">\n\t\t\t\t\t<div class=\"elementor-image-box-wrapper\"><figure class=\"elementor-image-box-img\"><img decoding=\"async\" width=\"250\" height=\"250\" src=\"https:\/\/carmarbg.com\/wp-content\/uploads\/2022\/04\/Plomero.jpg\" class=\"attachment-full size-full wp-image-586\" alt=\"\" srcset=\"https:\/\/carmarbg.com\/wp-content\/uploads\/2022\/04\/Plomero.jpg 250w, https:\/\/carmarbg.com\/wp-content\/uploads\/2022\/04\/Plomero-150x150.jpg 150w\" sizes=\"(max-width: 250px) 100vw, 250px\" \/><\/figure><div class=\"elementor-image-box-content\"><h3 class=\"elementor-image-box-title\">Plomer\u00eda<\/h3><\/div><\/div>\t\t\t\t<\/div>\n\t\t\t\t<\/div>\n\t\t\t\t\t<\/div>\n\t\t<\/div>\n\t\t\t\t<div class=\"elementor-column elementor-col-33 elementor-top-column elementor-element elementor-element-ec9a94e\" data-id=\"ec9a94e\" data-element_type=\"column\" data-e-type=\"column\">\n\t\t\t<div class=\"elementor-widget-wrap elementor-element-populated\">\n\t\t\t\t\t\t<div class=\"elementor-element elementor-element-43049ea elementor-position-top elementor-widget elementor-widget-image-box\" data-id=\"43049ea\" data-element_type=\"widget\" data-e-type=\"widget\" data-widget_type=\"image-box.default\">\n\t\t\t\t<div class=\"elementor-widget-container\">\n\t\t\t\t\t<div class=\"elementor-image-box-wrapper\"><figure class=\"elementor-image-box-img\"><img decoding=\"async\" width=\"250\" height=\"250\" src=\"https:\/\/carmarbg.com\/wp-content\/uploads\/2022\/04\/Albanil.jpg\" class=\"attachment-full size-full wp-image-587\" alt=\"\" srcset=\"https:\/\/carmarbg.com\/wp-content\/uploads\/2022\/04\/Albanil.jpg 250w, https:\/\/carmarbg.com\/wp-content\/uploads\/2022\/04\/Albanil-150x150.jpg 150w\" sizes=\"(max-width: 250px) 100vw, 250px\" \/><\/figure><div class=\"elementor-image-box-content\"><h3 class=\"elementor-image-box-title\">Alba\u00f1ileria<\/h3><\/div><\/div>\t\t\t\t<\/div>\n\t\t\t\t<\/div>\n\t\t\t\t\t<\/div>\n\t\t<\/div>\n\t\t\t\t\t<\/div>\n\t\t<\/section>\n\t\t\t\t<section class=\"elementor-section elementor-top-section elementor-element elementor-element-6a38576 elementor-section-boxed elementor-section-height-default elementor-section-height-default\" data-id=\"6a38576\" data-element_type=\"section\" data-e-type=\"section\">\n\t\t\t\t\t\t<div class=\"elementor-container elementor-column-gap-default\">\n\t\t\t\t\t<div class=\"elementor-column elementor-col-33 elementor-top-column elementor-element elementor-element-aa4fbb0\" data-id=\"aa4fbb0\" data-element_type=\"column\" data-e-type=\"column\">\n\t\t\t<div class=\"elementor-widget-wrap elementor-element-populated\">\n\t\t\t\t\t\t<div class=\"elementor-element elementor-element-032bd27 elementor-position-top elementor-widget elementor-widget-image-box\" data-id=\"032bd27\" data-element_type=\"widget\" data-e-type=\"widget\" data-widget_type=\"image-box.default\">\n\t\t\t\t<div class=\"elementor-widget-container\">\n\t\t\t\t\t<div class=\"elementor-image-box-wrapper\"><figure class=\"elementor-image-box-img\"><img loading=\"lazy\" decoding=\"async\" width=\"250\" height=\"250\" src=\"https:\/\/carmarbg.com\/wp-content\/uploads\/2022\/04\/electrodomesticos.jpg\" class=\"attachment-full size-full wp-image-591\" alt=\"\" srcset=\"https:\/\/carmarbg.com\/wp-content\/uploads\/2022\/04\/electrodomesticos.jpg 250w, https:\/\/carmarbg.com\/wp-content\/uploads\/2022\/04\/electrodomesticos-150x150.jpg 150w\" sizes=\"(max-width: 250px) 100vw, 250px\" \/><\/figure><div class=\"elementor-image-box-content\"><h3 class=\"elementor-image-box-title\">Equipos<\/h3><\/div><\/div>\t\t\t\t<\/div>\n\t\t\t\t<\/div>\n\t\t\t\t\t<\/div>\n\t\t<\/div>\n\t\t\t\t<div class=\"elementor-column elementor-col-33 elementor-top-column elementor-element elementor-element-82b2768\" data-id=\"82b2768\" data-element_type=\"column\" data-e-type=\"column\">\n\t\t\t<div class=\"elementor-widget-wrap elementor-element-populated\">\n\t\t\t\t\t\t<div class=\"elementor-element elementor-element-230d82f elementor-position-top elementor-widget elementor-widget-image-box\" data-id=\"230d82f\" data-element_type=\"widget\" data-e-type=\"widget\" data-widget_type=\"image-box.default\">\n\t\t\t\t<div class=\"elementor-widget-container\">\n\t\t\t\t\t<div class=\"elementor-image-box-wrapper\"><figure class=\"elementor-image-box-img\"><img loading=\"lazy\" decoding=\"async\" width=\"250\" height=\"250\" src=\"https:\/\/carmarbg.com\/wp-content\/uploads\/2022\/04\/Carpintero.jpg\" class=\"attachment-full size-full wp-image-589\" alt=\"\" srcset=\"https:\/\/carmarbg.com\/wp-content\/uploads\/2022\/04\/Carpintero.jpg 250w, https:\/\/carmarbg.com\/wp-content\/uploads\/2022\/04\/Carpintero-150x150.jpg 150w\" sizes=\"(max-width: 250px) 100vw, 250px\" \/><\/figure><div class=\"elementor-image-box-content\"><h3 class=\"elementor-image-box-title\">Carpinter\u00eda<\/h3><\/div><\/div>\t\t\t\t<\/div>\n\t\t\t\t<\/div>\n\t\t\t\t\t<\/div>\n\t\t<\/div>\n\t\t\t\t<div class=\"elementor-column elementor-col-33 elementor-top-column elementor-element elementor-element-50553cf\" data-id=\"50553cf\" data-element_type=\"column\" data-e-type=\"column\">\n\t\t\t<div class=\"elementor-widget-wrap elementor-element-populated\">\n\t\t\t\t\t\t<div class=\"elementor-element elementor-element-aae7dfd elementor-position-top elementor-widget elementor-widget-image-box\" data-id=\"aae7dfd\" data-element_type=\"widget\" data-e-type=\"widget\" data-widget_type=\"image-box.default\">\n\t\t\t\t<div class=\"elementor-widget-container\">\n\t\t\t\t\t<div class=\"elementor-image-box-wrapper\"><figure class=\"elementor-image-box-img\"><img loading=\"lazy\" decoding=\"async\" width=\"250\" height=\"250\" src=\"https:\/\/carmarbg.com\/wp-content\/uploads\/2022\/04\/pintor.jpg\" class=\"attachment-full size-full wp-image-590\" alt=\"\" srcset=\"https:\/\/carmarbg.com\/wp-content\/uploads\/2022\/04\/pintor.jpg 250w, https:\/\/carmarbg.com\/wp-content\/uploads\/2022\/04\/pintor-150x150.jpg 150w\" sizes=\"(max-width: 250px) 100vw, 250px\" \/><\/figure><div class=\"elementor-image-box-content\"><h3 class=\"elementor-image-box-title\">Pintura<\/h3><\/div><\/div>\t\t\t\t<\/div>\n\t\t\t\t<\/div>\n\t\t\t\t\t<\/div>\n\t\t<\/div>\n\t\t\t\t\t<\/div>\n\t\t<\/section>\n\t\t\t\t<section class=\"elementor-section elementor-top-section elementor-element elementor-element-406942f elementor-section-boxed elementor-section-height-default elementor-section-height-default\" data-id=\"406942f\" data-element_type=\"section\" data-e-type=\"section\">\n\t\t\t\t\t\t<div class=\"elementor-container elementor-column-gap-default\">\n\t\t\t\t\t<div class=\"elementor-column elementor-col-33 elementor-top-column elementor-element elementor-element-912b008\" data-id=\"912b008\" data-element_type=\"column\" data-e-type=\"column\">\n\t\t\t<div class=\"elementor-widget-wrap elementor-element-populated\">\n\t\t\t\t\t\t<div class=\"elementor-element elementor-element-4d19346 elementor-position-top elementor-widget elementor-widget-image-box\" data-id=\"4d19346\" data-element_type=\"widget\" data-e-type=\"widget\" data-widget_type=\"image-box.default\">\n\t\t\t\t<div class=\"elementor-widget-container\">\n\t\t\t\t\t<div class=\"elementor-image-box-wrapper\"><figure class=\"elementor-image-box-img\"><img loading=\"lazy\" decoding=\"async\" width=\"217\" height=\"308\" src=\"https:\/\/carmarbg.com\/wp-content\/uploads\/2023\/08\/VENTANA-.png\" class=\"attachment-full size-full wp-image-1498\" alt=\"\" srcset=\"https:\/\/carmarbg.com\/wp-content\/uploads\/2023\/08\/VENTANA-.png 217w, https:\/\/carmarbg.com\/wp-content\/uploads\/2023\/08\/VENTANA--211x300.png 211w\" sizes=\"(max-width: 217px) 100vw, 217px\" \/><\/figure><div class=\"elementor-image-box-content\"><h3 class=\"elementor-image-box-title\">Ventaner\u00eda<\/h3><\/div><\/div>\t\t\t\t<\/div>\n\t\t\t\t<\/div>\n\t\t\t\t\t<\/div>\n\t\t<\/div>\n\t\t\t\t<div class=\"elementor-column elementor-col-33 elementor-top-column elementor-element elementor-element-97cf988\" data-id=\"97cf988\" data-element_type=\"column\" data-e-type=\"column\">\n\t\t\t<div class=\"elementor-widget-wrap elementor-element-populated\">\n\t\t\t\t\t\t<div class=\"elementor-element elementor-element-78bebb7 elementor-position-top elementor-widget elementor-widget-image-box\" data-id=\"78bebb7\" data-element_type=\"widget\" data-e-type=\"widget\" data-widget_type=\"image-box.default\">\n\t\t\t\t<div class=\"elementor-widget-container\">\n\t\t\t\t\t<div class=\"elementor-image-box-wrapper\"><figure class=\"elementor-image-box-img\"><img loading=\"lazy\" decoding=\"async\" width=\"250\" height=\"250\" src=\"https:\/\/carmarbg.com\/wp-content\/uploads\/2022\/04\/pisos.jpg\" class=\"attachment-full size-full wp-image-592\" alt=\"\" srcset=\"https:\/\/carmarbg.com\/wp-content\/uploads\/2022\/04\/pisos.jpg 250w, https:\/\/carmarbg.com\/wp-content\/uploads\/2022\/04\/pisos-150x150.jpg 150w\" sizes=\"(max-width: 250px) 100vw, 250px\" \/><\/figure><div class=\"elementor-image-box-content\"><h3 class=\"elementor-image-box-title\">Pisos<\/h3><\/div><\/div>\t\t\t\t<\/div>\n\t\t\t\t<\/div>\n\t\t\t\t\t<\/div>\n\t\t<\/div>\n\t\t\t\t<div class=\"elementor-column elementor-col-33 elementor-top-column elementor-element elementor-element-f3112fe\" data-id=\"f3112fe\" data-element_type=\"column\" data-e-type=\"column\">\n\t\t\t<div class=\"elementor-widget-wrap elementor-element-populated\">\n\t\t\t\t\t\t<div class=\"elementor-element elementor-element-2a1d2e6 elementor-position-top elementor-widget elementor-widget-image-box\" data-id=\"2a1d2e6\" data-element_type=\"widget\" data-e-type=\"widget\" data-widget_type=\"image-box.default\">\n\t\t\t\t<div class=\"elementor-widget-container\">\n\t\t\t\t\t<div class=\"elementor-image-box-wrapper\"><figure class=\"elementor-image-box-img\"><img loading=\"lazy\" decoding=\"async\" width=\"250\" height=\"250\" src=\"https:\/\/carmarbg.com\/wp-content\/uploads\/2022\/04\/persianas.jpg\" class=\"attachment-full size-full wp-image-593\" alt=\"\" srcset=\"https:\/\/carmarbg.com\/wp-content\/uploads\/2022\/04\/persianas.jpg 250w, https:\/\/carmarbg.com\/wp-content\/uploads\/2022\/04\/persianas-150x150.jpg 150w\" sizes=\"(max-width: 250px) 100vw, 250px\" \/><\/figure><div class=\"elementor-image-box-content\"><h3 class=\"elementor-image-box-title\">Persianas<\/h3><\/div><\/div>\t\t\t\t<\/div>\n\t\t\t\t<\/div>\n\t\t\t\t\t<\/div>\n\t\t<\/div>\n\t\t\t\t\t<\/div>\n\t\t<\/section>\n\t\t\t\t<\/div>\n\t\t","protected":false},"excerpt":{"rendered":"<p>El mantenimiento de un inmueble va directamente ligado a la seguridad y comodidad de quienes lo habitan, siendo de vital importancia el plan de mantenimiento peri\u00f3dico del sistema de aire acondicionado, bater\u00eda de ba\u00f1os, electrodom\u00e9sticos, ventaner\u00eda, pisos, pintura, iluminaci\u00f3n,\u00a0 cieloraso; y en igual importancia es clave el mantenimiento y lavado permanente de mobiliario, cortinas y [&hellip;]<\/p>\n","protected":false},"author":2,"featured_media":639,"parent":738,"menu_order":2,"comment_status":"closed","ping_status":"closed","template":"","meta":{"vkexunit_cta_each_option":"400","footnotes":""},"class_list":["post-291","page","type-page","status-publish","has-post-thumbnail","hentry"],"yoast_head":"<!-- This site is optimized with the Yoast SEO plugin v27.3 - https:\/\/yoast.com\/product\/yoast-seo-wordpress\/ -->\n<title>Mantenimiento - CARMAR BUSINESS GROUP<\/title>\n<meta name=\"robots\" content=\"index, follow, max-snippet:-1, max-image-preview:large, max-video-preview:-1\" \/>\n<link rel=\"canonical\" href=\"https:\/\/carmarbg.com\/index.php\/home\/adminturismo\/servicios-adminhouse\/maintenance\/\" \/>\n<meta property=\"og:locale\" content=\"es_ES\" \/>\n<meta property=\"og:type\" content=\"article\" \/>\n<meta property=\"og:title\" content=\"Mantenimiento - CARMAR BUSINESS GROUP\" \/>\n<meta property=\"og:description\" content=\"El mantenimiento de un inmueble va directamente ligado a la seguridad y comodidad de quienes lo habitan, siendo de vital importancia el plan de mantenimiento peri\u00f3dico del sistema de aire acondicionado, bater\u00eda de ba\u00f1os, electrodom\u00e9sticos, ventaner\u00eda, pisos, pintura, iluminaci\u00f3n,\u00a0 cieloraso; y en igual importancia es clave el mantenimiento y lavado permanente de mobiliario, cortinas y [&hellip;]\" \/>\n<meta property=\"og:url\" content=\"https:\/\/carmarbg.com\/index.php\/home\/adminturismo\/servicios-adminhouse\/maintenance\/\" \/>\n<meta property=\"og:site_name\" content=\"CARMAR BUSINESS GROUP\" \/>\n<meta property=\"article:modified_time\" content=\"2023-08-18T20:19:01+00:00\" \/>\n<meta property=\"og:image\" content=\"https:\/\/carmarbg.com\/wp-content\/uploads\/2022\/04\/Electricista.jpg\" \/>\n<meta name=\"twitter:card\" content=\"summary_large_image\" \/>\n<meta name=\"twitter:label1\" content=\"Tiempo de lectura\" \/>\n\t<meta name=\"twitter:data1\" content=\"2 minutos\" \/>\n<script type=\"application\/ld+json\" class=\"yoast-schema-graph\">{\"@context\":\"https:\\\/\\\/schema.org\",\"@graph\":[{\"@type\":\"WebPage\",\"@id\":\"https:\\\/\\\/carmarbg.com\\\/index.php\\\/home\\\/adminturismo\\\/servicios-adminhouse\\\/maintenance\\\/\",\"url\":\"https:\\\/\\\/carmarbg.com\\\/index.php\\\/home\\\/adminturismo\\\/servicios-adminhouse\\\/maintenance\\\/\",\"name\":\"Mantenimiento - CARMAR BUSINESS GROUP\",\"isPartOf\":{\"@id\":\"https:\\\/\\\/carmarbg.com\\\/#website\"},\"primaryImageOfPage\":{\"@id\":\"https:\\\/\\\/carmarbg.com\\\/index.php\\\/home\\\/adminturismo\\\/servicios-adminhouse\\\/maintenance\\\/#primaryimage\"},\"image\":{\"@id\":\"https:\\\/\\\/carmarbg.com\\\/index.php\\\/home\\\/adminturismo\\\/servicios-adminhouse\\\/maintenance\\\/#primaryimage\"},\"thumbnailUrl\":\"https:\\\/\\\/carmarbg.com\\\/wp-content\\\/uploads\\\/2021\\\/06\\\/CARRERA-MARTINEZ.jpg\",\"datePublished\":\"2021-07-01T17:16:22+00:00\",\"dateModified\":\"2023-08-18T20:19:01+00:00\",\"breadcrumb\":{\"@id\":\"https:\\\/\\\/carmarbg.com\\\/index.php\\\/home\\\/adminturismo\\\/servicios-adminhouse\\\/maintenance\\\/#breadcrumb\"},\"inLanguage\":\"es\",\"potentialAction\":[{\"@type\":\"ReadAction\",\"target\":[\"https:\\\/\\\/carmarbg.com\\\/index.php\\\/home\\\/adminturismo\\\/servicios-adminhouse\\\/maintenance\\\/\"]}]},{\"@type\":\"ImageObject\",\"inLanguage\":\"es\",\"@id\":\"https:\\\/\\\/carmarbg.com\\\/index.php\\\/home\\\/adminturismo\\\/servicios-adminhouse\\\/maintenance\\\/#primaryimage\",\"url\":\"https:\\\/\\\/carmarbg.com\\\/wp-content\\\/uploads\\\/2021\\\/06\\\/CARRERA-MARTINEZ.jpg\",\"contentUrl\":\"https:\\\/\\\/carmarbg.com\\\/wp-content\\\/uploads\\\/2021\\\/06\\\/CARRERA-MARTINEZ.jpg\",\"width\":1280,\"height\":720},{\"@type\":\"BreadcrumbList\",\"@id\":\"https:\\\/\\\/carmarbg.com\\\/index.php\\\/home\\\/adminturismo\\\/servicios-adminhouse\\\/maintenance\\\/#breadcrumb\",\"itemListElement\":[{\"@type\":\"ListItem\",\"position\":1,\"name\":\"Portada\",\"item\":\"https:\\\/\\\/carmarbg.com\\\/\"},{\"@type\":\"ListItem\",\"position\":2,\"name\":\"Home\",\"item\":\"https:\\\/\\\/carmarbg.com\\\/\"},{\"@type\":\"ListItem\",\"position\":3,\"name\":\"Administraci\u00f3n de viviendas tur\u00edsticas\",\"item\":\"https:\\\/\\\/carmarbg.com\\\/index.php\\\/home\\\/adminturismo\\\/\"},{\"@type\":\"ListItem\",\"position\":4,\"name\":\"ADMINHOUSE\",\"item\":\"https:\\\/\\\/carmarbg.com\\\/index.php\\\/home\\\/adminturismo\\\/servicios-adminhouse\\\/\"},{\"@type\":\"ListItem\",\"position\":5,\"name\":\"Mantenimiento\"}]},{\"@type\":\"WebSite\",\"@id\":\"https:\\\/\\\/carmarbg.com\\\/#website\",\"url\":\"https:\\\/\\\/carmarbg.com\\\/\",\"name\":\"CARMAR BUSINESS GROUP\",\"description\":\"\",\"potentialAction\":[{\"@type\":\"SearchAction\",\"target\":{\"@type\":\"EntryPoint\",\"urlTemplate\":\"https:\\\/\\\/carmarbg.com\\\/?s={search_term_string}\"},\"query-input\":{\"@type\":\"PropertyValueSpecification\",\"valueRequired\":true,\"valueName\":\"search_term_string\"}}],\"inLanguage\":\"es\"}]}<\/script>\n<!-- \/ Yoast SEO plugin. -->","yoast_head_json":{"title":"Mantenimiento - CARMAR BUSINESS GROUP","robots":{"index":"index","follow":"follow","max-snippet":"max-snippet:-1","max-image-preview":"max-image-preview:large","max-video-preview":"max-video-preview:-1"},"canonical":"https:\/\/carmarbg.com\/index.php\/home\/adminturismo\/servicios-adminhouse\/maintenance\/","og_locale":"es_ES","og_type":"article","og_title":"Mantenimiento - CARMAR BUSINESS GROUP","og_description":"El mantenimiento de un inmueble va directamente ligado a la seguridad y comodidad de quienes lo habitan, siendo de vital importancia el plan de mantenimiento peri\u00f3dico del sistema de aire acondicionado, bater\u00eda de ba\u00f1os, electrodom\u00e9sticos, ventaner\u00eda, pisos, pintura, iluminaci\u00f3n,\u00a0 cieloraso; y en igual importancia es clave el mantenimiento y lavado permanente de mobiliario, cortinas y [&hellip;]","og_url":"https:\/\/carmarbg.com\/index.php\/home\/adminturismo\/servicios-adminhouse\/maintenance\/","og_site_name":"CARMAR BUSINESS GROUP","article_modified_time":"2023-08-18T20:19:01+00:00","og_image":[{"url":"https:\/\/carmarbg.com\/wp-content\/uploads\/2022\/04\/Electricista.jpg","type":"","width":"","height":""}],"twitter_card":"summary_large_image","twitter_misc":{"Tiempo de lectura":"2 minutos"},"schema":{"@context":"https:\/\/schema.org","@graph":[{"@type":"WebPage","@id":"https:\/\/carmarbg.com\/index.php\/home\/adminturismo\/servicios-adminhouse\/maintenance\/","url":"https:\/\/carmarbg.com\/index.php\/home\/adminturismo\/servicios-adminhouse\/maintenance\/","name":"Mantenimiento - CARMAR BUSINESS GROUP","isPartOf":{"@id":"https:\/\/carmarbg.com\/#website"},"primaryImageOfPage":{"@id":"https:\/\/carmarbg.com\/index.php\/home\/adminturismo\/servicios-adminhouse\/maintenance\/#primaryimage"},"image":{"@id":"https:\/\/carmarbg.com\/index.php\/home\/adminturismo\/servicios-adminhouse\/maintenance\/#primaryimage"},"thumbnailUrl":"https:\/\/carmarbg.com\/wp-content\/uploads\/2021\/06\/CARRERA-MARTINEZ.jpg","datePublished":"2021-07-01T17:16:22+00:00","dateModified":"2023-08-18T20:19:01+00:00","breadcrumb":{"@id":"https:\/\/carmarbg.com\/index.php\/home\/adminturismo\/servicios-adminhouse\/maintenance\/#breadcrumb"},"inLanguage":"es","potentialAction":[{"@type":"ReadAction","target":["https:\/\/carmarbg.com\/index.php\/home\/adminturismo\/servicios-adminhouse\/maintenance\/"]}]},{"@type":"ImageObject","inLanguage":"es","@id":"https:\/\/carmarbg.com\/index.php\/home\/adminturismo\/servicios-adminhouse\/maintenance\/#primaryimage","url":"https:\/\/carmarbg.com\/wp-content\/uploads\/2021\/06\/CARRERA-MARTINEZ.jpg","contentUrl":"https:\/\/carmarbg.com\/wp-content\/uploads\/2021\/06\/CARRERA-MARTINEZ.jpg","width":1280,"height":720},{"@type":"BreadcrumbList","@id":"https:\/\/carmarbg.com\/index.php\/home\/adminturismo\/servicios-adminhouse\/maintenance\/#breadcrumb","itemListElement":[{"@type":"ListItem","position":1,"name":"Portada","item":"https:\/\/carmarbg.com\/"},{"@type":"ListItem","position":2,"name":"Home","item":"https:\/\/carmarbg.com\/"},{"@type":"ListItem","position":3,"name":"Administraci\u00f3n de viviendas tur\u00edsticas","item":"https:\/\/carmarbg.com\/index.php\/home\/adminturismo\/"},{"@type":"ListItem","position":4,"name":"ADMINHOUSE","item":"https:\/\/carmarbg.com\/index.php\/home\/adminturismo\/servicios-adminhouse\/"},{"@type":"ListItem","position":5,"name":"Mantenimiento"}]},{"@type":"WebSite","@id":"https:\/\/carmarbg.com\/#website","url":"https:\/\/carmarbg.com\/","name":"CARMAR BUSINESS GROUP","description":"","potentialAction":[{"@type":"SearchAction","target":{"@type":"EntryPoint","urlTemplate":"https:\/\/carmarbg.com\/?s={search_term_string}"},"query-input":{"@type":"PropertyValueSpecification","valueRequired":true,"valueName":"search_term_string"}}],"inLanguage":"es"}]}},"_links":{"self":[{"href":"https:\/\/carmarbg.com\/index.php\/wp-json\/wp\/v2\/pages\/291","targetHints":{"allow":["GET"]}}],"collection":[{"href":"https:\/\/carmarbg.com\/index.php\/wp-json\/wp\/v2\/pages"}],"about":[{"href":"https:\/\/carmarbg.com\/index.php\/wp-json\/wp\/v2\/types\/page"}],"author":[{"embeddable":true,"href":"https:\/\/carmarbg.com\/index.php\/wp-json\/wp\/v2\/users\/2"}],"replies":[{"embeddable":true,"href":"https:\/\/carmarbg.com\/index.php\/wp-json\/wp\/v2\/comments?post=291"}],"version-history":[{"count":63,"href":"https:\/\/carmarbg.com\/index.php\/wp-json\/wp\/v2\/pages\/291\/revisions"}],"predecessor-version":[{"id":1501,"href":"https:\/\/carmarbg.com\/index.php\/wp-json\/wp\/v2\/pages\/291\/revisions\/1501"}],"up":[{"embeddable":true,"href":"https:\/\/carmarbg.com\/index.php\/wp-json\/wp\/v2\/pages\/738"}],"wp:featuredmedia":[{"embeddable":true,"href":"https:\/\/carmarbg.com\/index.php\/wp-json\/wp\/v2\/media\/639"}],"wp:attachment":[{"href":"https:\/\/carmarbg.com\/index.php\/wp-json\/wp\/v2\/media?parent=291"}],"curies":[{"name":"wp","href":"https:\/\/api.w.org\/{rel}","templated":true}]}}