{"id":293,"date":"2021-07-01T17:16:40","date_gmt":"2021-07-01T17:16:40","guid":{"rendered":"https:\/\/holidaycleaning.parapymes.com\/wp\/?page_id=293"},"modified":"2023-08-16T22:40:39","modified_gmt":"2023-08-16T22:40:39","slug":"staging","status":"publish","type":"page","link":"https:\/\/carmarbg.com\/index.php\/home\/adminturismo\/servicios-adminhouse\/staging\/","title":{"rendered":"Montaje final"},"content":{"rendered":"\t\t<div data-elementor-type=\"wp-page\" data-elementor-id=\"293\" class=\"elementor elementor-293\">\n\t\t\t\t\t\t<section class=\"elementor-section elementor-top-section elementor-element elementor-element-1a3de88 elementor-section-boxed elementor-section-height-default elementor-section-height-default\" data-id=\"1a3de88\" data-element_type=\"section\" data-e-type=\"section\">\n\t\t\t\t\t\t<div class=\"elementor-container elementor-column-gap-default\">\n\t\t\t\t\t<div class=\"elementor-column elementor-col-100 elementor-top-column elementor-element elementor-element-5095a6a\" data-id=\"5095a6a\" data-element_type=\"column\" data-e-type=\"column\">\n\t\t\t<div class=\"elementor-widget-wrap elementor-element-populated\">\n\t\t\t\t\t\t<div class=\"elementor-element elementor-element-cb177c1 elementor-widget__width-initial elementor-widget elementor-widget-text-editor\" data-id=\"cb177c1\" data-element_type=\"widget\" data-e-type=\"widget\" data-widget_type=\"text-editor.default\">\n\t\t\t\t<div class=\"elementor-widget-container\">\n\t\t\t\t\t\t\t\t\t<p>El montaje final lo llamamos tambi\u00e9n \"la puesta en escena del inmueble\".<\/p><p>Es el trabajo detallado y delicado de definir cada espacio, el mobiliario, los electrodom\u00e9sticos, la decoraci\u00f3n y la dotaci\u00f3n, pensando en su uso, en el gusto del cliente, acorde al concepto arquitect\u00f3nico de la propiedad, del lugar donde se encuentre y de las sensaciones que queremos transmitir cuando est\u00e9 listo para habitar.\u00a0<\/p><p>En esta puesta en escena podemos involucrar actividades de obra sencillas como pintar algunos muros con tonos acordes a la decoraci\u00f3n, papel de colgadura para resaltar algunos espacios, cortinas, blackouts, cambio de grifer\u00edas y mantenimiento de divisiones de ba\u00f1o.<\/p><p>Nuestro acompa\u00f1amiento va desde el dise\u00f1o, presupuesto, apoyo y\/o gesti\u00f3n de compras, personal de montaje y aseo fino para dejar la propiedad lista para su uso.\u00a0<\/p><p>\u00a0<\/p>\t\t\t\t\t\t\t\t<\/div>\n\t\t\t\t<\/div>\n\t\t\t\t\t<\/div>\n\t\t<\/div>\n\t\t\t\t\t<\/div>\n\t\t<\/section>\n\t\t\t\t<section class=\"elementor-section elementor-top-section elementor-element elementor-element-81a4fd6 elementor-section-boxed elementor-section-height-default elementor-section-height-default\" data-id=\"81a4fd6\" data-element_type=\"section\" data-e-type=\"section\">\n\t\t\t\t\t\t<div class=\"elementor-container elementor-column-gap-default\">\n\t\t\t\t\t<div class=\"elementor-column elementor-col-100 elementor-top-column elementor-element elementor-element-81f1703\" data-id=\"81f1703\" data-element_type=\"column\" data-e-type=\"column\">\n\t\t\t<div class=\"elementor-widget-wrap elementor-element-populated\">\n\t\t\t\t\t\t<div class=\"elementor-element elementor-element-ae0b223 elementor-widget elementor-widget-image-gallery\" data-id=\"ae0b223\" data-element_type=\"widget\" data-e-type=\"widget\" data-widget_type=\"image-gallery.default\">\n\t\t\t\t<div class=\"elementor-widget-container\">\n\t\t\t\t\t\t\t<div class=\"elementor-image-gallery\">\n\t\t\t\n\t\t<style type=\"text\/css\">\n\t\t\t#gallery-1 {\n\t\t\t\tmargin: auto;\n\t\t\t}\n\t\t\t#gallery-1 .gallery-item {\n\t\t\t\tfloat: left;\n\t\t\t\tmargin-top: 10px;\n\t\t\t\ttext-align: center;\n\t\t\t\twidth: 25%;\n\t\t\t}\n\t\t\t#gallery-1 img {\n\t\t\t\tborder: 2px solid #cfcfcf;\n\t\t\t}\n\t\t\t#gallery-1 .gallery-caption {\n\t\t\t\tmargin-left: 0;\n\t\t\t}\n\t\t\t\/* see gallery_shortcode() in wp-includes\/media.php *\/\n\t\t<\/style>\n\t\t<div id='gallery-1' class='gallery galleryid-293 gallery-columns-4 gallery-size-thumbnail'><dl class='gallery-item'>\n\t\t\t<dt class='gallery-icon landscape'>\n\t\t\t\t<a data-elementor-open-lightbox=\"yes\" data-elementor-lightbox-slideshow=\"ae0b223\" data-elementor-lightbox-title=\"ALTAMAR 1\" data-e-action-hash=\"#elementor-action%3Aaction%3Dlightbox%26settings%3DeyJpZCI6MTA1NCwidXJsIjoiaHR0cHM6XC9cL2Nhcm1hcmJnLmNvbVwvd3AtY29udGVudFwvdXBsb2Fkc1wvMjAyM1wvMDhcL0FMVEFNQVItMS0xLXNjYWxlZC5qcGciLCJzbGlkZXNob3ciOiJhZTBiMjIzIn0%3D\" href='https:\/\/carmarbg.com\/wp-content\/uploads\/2023\/08\/ALTAMAR-1-1-scaled.jpg'><img decoding=\"async\" width=\"150\" height=\"150\" src=\"https:\/\/carmarbg.com\/wp-content\/uploads\/2023\/08\/ALTAMAR-1-1-150x150.jpg\" class=\"attachment-thumbnail size-thumbnail\" alt=\"\" \/><\/a>\n\t\t\t<\/dt><\/dl><dl class='gallery-item'>\n\t\t\t<dt class='gallery-icon landscape'>\n\t\t\t\t<a data-elementor-open-lightbox=\"yes\" data-elementor-lightbox-slideshow=\"ae0b223\" data-elementor-lightbox-title=\"ALTAMAR 5\" data-e-action-hash=\"#elementor-action%3Aaction%3Dlightbox%26settings%3DeyJpZCI6MTA1MiwidXJsIjoiaHR0cHM6XC9cL2Nhcm1hcmJnLmNvbVwvd3AtY29udGVudFwvdXBsb2Fkc1wvMjAyM1wvMDhcL0FMVEFNQVItNS1zY2FsZWQuanBnIiwic2xpZGVzaG93IjoiYWUwYjIyMyJ9\" href='https:\/\/carmarbg.com\/wp-content\/uploads\/2023\/08\/ALTAMAR-5-scaled.jpg'><img decoding=\"async\" width=\"150\" height=\"150\" src=\"https:\/\/carmarbg.com\/wp-content\/uploads\/2023\/08\/ALTAMAR-5-150x150.jpg\" class=\"attachment-thumbnail size-thumbnail\" alt=\"\" \/><\/a>\n\t\t\t<\/dt><\/dl><dl class='gallery-item'>\n\t\t\t<dt class='gallery-icon portrait'>\n\t\t\t\t<a data-elementor-open-lightbox=\"yes\" data-elementor-lightbox-slideshow=\"ae0b223\" data-elementor-lightbox-title=\"ALTAMAR 2\" data-e-action-hash=\"#elementor-action%3Aaction%3Dlightbox%26settings%3DeyJpZCI6MTA0OSwidXJsIjoiaHR0cHM6XC9cL2Nhcm1hcmJnLmNvbVwvd3AtY29udGVudFwvdXBsb2Fkc1wvMjAyM1wvMDhcL0FMVEFNQVItMi1zY2FsZWQuanBnIiwic2xpZGVzaG93IjoiYWUwYjIyMyJ9\" href='https:\/\/carmarbg.com\/wp-content\/uploads\/2023\/08\/ALTAMAR-2-scaled.jpg'><img decoding=\"async\" width=\"150\" height=\"150\" src=\"https:\/\/carmarbg.com\/wp-content\/uploads\/2023\/08\/ALTAMAR-2-150x150.jpg\" class=\"attachment-thumbnail size-thumbnail\" alt=\"\" \/><\/a>\n\t\t\t<\/dt><\/dl><dl class='gallery-item'>\n\t\t\t<dt class='gallery-icon landscape'>\n\t\t\t\t<a data-elementor-open-lightbox=\"yes\" data-elementor-lightbox-slideshow=\"ae0b223\" data-elementor-lightbox-title=\"ALTAMAR 4\" data-e-action-hash=\"#elementor-action%3Aaction%3Dlightbox%26settings%3DeyJpZCI6MTA1MSwidXJsIjoiaHR0cHM6XC9cL2Nhcm1hcmJnLmNvbVwvd3AtY29udGVudFwvdXBsb2Fkc1wvMjAyM1wvMDhcL0FMVEFNQVItNC1zY2FsZWQuanBnIiwic2xpZGVzaG93IjoiYWUwYjIyMyJ9\" href='https:\/\/carmarbg.com\/wp-content\/uploads\/2023\/08\/ALTAMAR-4-scaled.jpg'><img loading=\"lazy\" decoding=\"async\" width=\"150\" height=\"150\" src=\"https:\/\/carmarbg.com\/wp-content\/uploads\/2023\/08\/ALTAMAR-4-150x150.jpg\" class=\"attachment-thumbnail size-thumbnail\" alt=\"\" \/><\/a>\n\t\t\t<\/dt><\/dl><br style=\"clear: both\" \/>\n\t\t<\/div>\n\t\t<\/div>\n\t\t\t\t\t\t<\/div>\n\t\t\t\t<\/div>\n\t\t\t\t\t<\/div>\n\t\t<\/div>\n\t\t\t\t\t<\/div>\n\t\t<\/section>\n\t\t\t\t<\/div>\n\t\t","protected":false},"excerpt":{"rendered":"<p>El montaje final lo llamamos tambi\u00e9n \"la puesta en escena del inmueble\". Es el trabajo detallado y delicado de definir cada espacio, el mobiliario, los electrodom\u00e9sticos, la decoraci\u00f3n y la dotaci\u00f3n, pensando en su uso, en el gusto del cliente, acorde al concepto arquitect\u00f3nico de la propiedad, del lugar donde se encuentre y de las [&hellip;]<\/p>\n","protected":false},"author":2,"featured_media":639,"parent":738,"menu_order":3,"comment_status":"closed","ping_status":"closed","template":"","meta":{"vkexunit_cta_each_option":"400","footnotes":""},"class_list":["post-293","page","type-page","status-publish","has-post-thumbnail","hentry"],"yoast_head":"<!-- This site is optimized with the Yoast SEO plugin v27.3 - https:\/\/yoast.com\/product\/yoast-seo-wordpress\/ -->\n<title>Montaje final - CARMAR BUSINESS GROUP<\/title>\n<meta name=\"description\" content=\"Existen momentos en la vida que necesitas que tu casa u oficina se vean especialmente bellas, bien sea porque tienes un evento o vas a alquilarla o venderla. Nuestro servicio de la mano de expertos te ayuda a darle ese toque de distinci\u00f3n a tu espacio para que tu evento sea todo un \u00e9xito.\" \/>\n<meta name=\"robots\" content=\"index, follow, max-snippet:-1, max-image-preview:large, max-video-preview:-1\" \/>\n<link rel=\"canonical\" href=\"https:\/\/carmarbg.com\/index.php\/home\/adminturismo\/servicios-adminhouse\/staging\/\" \/>\n<meta property=\"og:locale\" content=\"es_ES\" \/>\n<meta property=\"og:type\" content=\"article\" \/>\n<meta property=\"og:title\" content=\"Montaje final - CARMAR BUSINESS GROUP\" \/>\n<meta property=\"og:description\" content=\"Existen momentos en la vida que necesitas que tu casa u oficina se vean especialmente bellas, bien sea porque tienes un evento o vas a alquilarla o venderla. Nuestro servicio de la mano de expertos te ayuda a darle ese toque de distinci\u00f3n a tu espacio para que tu evento sea todo un \u00e9xito.\" \/>\n<meta property=\"og:url\" content=\"https:\/\/carmarbg.com\/index.php\/home\/adminturismo\/servicios-adminhouse\/staging\/\" \/>\n<meta property=\"og:site_name\" content=\"CARMAR BUSINESS GROUP\" \/>\n<meta property=\"article:modified_time\" content=\"2023-08-16T22:40:39+00:00\" \/>\n<meta property=\"og:image\" content=\"https:\/\/carmarbg.com\/wp-content\/uploads\/2023\/08\/ALTAMAR-1-1-150x150.jpg\" \/>\n<meta name=\"twitter:card\" content=\"summary_large_image\" \/>\n<meta name=\"twitter:label1\" content=\"Tiempo de lectura\" \/>\n\t<meta name=\"twitter:data1\" content=\"1 minuto\" \/>\n<script type=\"application\/ld+json\" class=\"yoast-schema-graph\">{\"@context\":\"https:\\\/\\\/schema.org\",\"@graph\":[{\"@type\":\"WebPage\",\"@id\":\"https:\\\/\\\/carmarbg.com\\\/index.php\\\/home\\\/adminturismo\\\/servicios-adminhouse\\\/staging\\\/\",\"url\":\"https:\\\/\\\/carmarbg.com\\\/index.php\\\/home\\\/adminturismo\\\/servicios-adminhouse\\\/staging\\\/\",\"name\":\"Montaje final - CARMAR BUSINESS GROUP\",\"isPartOf\":{\"@id\":\"https:\\\/\\\/carmarbg.com\\\/#website\"},\"primaryImageOfPage\":{\"@id\":\"https:\\\/\\\/carmarbg.com\\\/index.php\\\/home\\\/adminturismo\\\/servicios-adminhouse\\\/staging\\\/#primaryimage\"},\"image\":{\"@id\":\"https:\\\/\\\/carmarbg.com\\\/index.php\\\/home\\\/adminturismo\\\/servicios-adminhouse\\\/staging\\\/#primaryimage\"},\"thumbnailUrl\":\"https:\\\/\\\/carmarbg.com\\\/wp-content\\\/uploads\\\/2021\\\/06\\\/CARRERA-MARTINEZ.jpg\",\"datePublished\":\"2021-07-01T17:16:40+00:00\",\"dateModified\":\"2023-08-16T22:40:39+00:00\",\"description\":\"Existen momentos en la vida que necesitas que tu casa u oficina se vean especialmente bellas, bien sea porque tienes un evento o vas a alquilarla o venderla. Nuestro servicio de la mano de expertos te ayuda a darle ese toque de distinci\u00f3n a tu espacio para que tu evento sea todo un \u00e9xito.\",\"breadcrumb\":{\"@id\":\"https:\\\/\\\/carmarbg.com\\\/index.php\\\/home\\\/adminturismo\\\/servicios-adminhouse\\\/staging\\\/#breadcrumb\"},\"inLanguage\":\"es\",\"potentialAction\":[{\"@type\":\"ReadAction\",\"target\":[\"https:\\\/\\\/carmarbg.com\\\/index.php\\\/home\\\/adminturismo\\\/servicios-adminhouse\\\/staging\\\/\"]}]},{\"@type\":\"ImageObject\",\"inLanguage\":\"es\",\"@id\":\"https:\\\/\\\/carmarbg.com\\\/index.php\\\/home\\\/adminturismo\\\/servicios-adminhouse\\\/staging\\\/#primaryimage\",\"url\":\"https:\\\/\\\/carmarbg.com\\\/wp-content\\\/uploads\\\/2021\\\/06\\\/CARRERA-MARTINEZ.jpg\",\"contentUrl\":\"https:\\\/\\\/carmarbg.com\\\/wp-content\\\/uploads\\\/2021\\\/06\\\/CARRERA-MARTINEZ.jpg\",\"width\":1280,\"height\":720},{\"@type\":\"BreadcrumbList\",\"@id\":\"https:\\\/\\\/carmarbg.com\\\/index.php\\\/home\\\/adminturismo\\\/servicios-adminhouse\\\/staging\\\/#breadcrumb\",\"itemListElement\":[{\"@type\":\"ListItem\",\"position\":1,\"name\":\"Portada\",\"item\":\"https:\\\/\\\/carmarbg.com\\\/\"},{\"@type\":\"ListItem\",\"position\":2,\"name\":\"Home\",\"item\":\"https:\\\/\\\/carmarbg.com\\\/\"},{\"@type\":\"ListItem\",\"position\":3,\"name\":\"Administraci\u00f3n de viviendas tur\u00edsticas\",\"item\":\"https:\\\/\\\/carmarbg.com\\\/index.php\\\/home\\\/adminturismo\\\/\"},{\"@type\":\"ListItem\",\"position\":4,\"name\":\"ADMINHOUSE\",\"item\":\"https:\\\/\\\/carmarbg.com\\\/index.php\\\/home\\\/adminturismo\\\/servicios-adminhouse\\\/\"},{\"@type\":\"ListItem\",\"position\":5,\"name\":\"Montaje final\"}]},{\"@type\":\"WebSite\",\"@id\":\"https:\\\/\\\/carmarbg.com\\\/#website\",\"url\":\"https:\\\/\\\/carmarbg.com\\\/\",\"name\":\"CARMAR BUSINESS GROUP\",\"description\":\"\",\"potentialAction\":[{\"@type\":\"SearchAction\",\"target\":{\"@type\":\"EntryPoint\",\"urlTemplate\":\"https:\\\/\\\/carmarbg.com\\\/?s={search_term_string}\"},\"query-input\":{\"@type\":\"PropertyValueSpecification\",\"valueRequired\":true,\"valueName\":\"search_term_string\"}}],\"inLanguage\":\"es\"}]}<\/script>\n<!-- \/ Yoast SEO plugin. -->","yoast_head_json":{"title":"Montaje final - CARMAR BUSINESS GROUP","description":"Existen momentos en la vida que necesitas que tu casa u oficina se vean especialmente bellas, bien sea porque tienes un evento o vas a alquilarla o venderla. Nuestro servicio de la mano de expertos te ayuda a darle ese toque de distinci\u00f3n a tu espacio para que tu evento sea todo un \u00e9xito.","robots":{"index":"index","follow":"follow","max-snippet":"max-snippet:-1","max-image-preview":"max-image-preview:large","max-video-preview":"max-video-preview:-1"},"canonical":"https:\/\/carmarbg.com\/index.php\/home\/adminturismo\/servicios-adminhouse\/staging\/","og_locale":"es_ES","og_type":"article","og_title":"Montaje final - CARMAR BUSINESS GROUP","og_description":"Existen momentos en la vida que necesitas que tu casa u oficina se vean especialmente bellas, bien sea porque tienes un evento o vas a alquilarla o venderla. Nuestro servicio de la mano de expertos te ayuda a darle ese toque de distinci\u00f3n a tu espacio para que tu evento sea todo un \u00e9xito.","og_url":"https:\/\/carmarbg.com\/index.php\/home\/adminturismo\/servicios-adminhouse\/staging\/","og_site_name":"CARMAR BUSINESS GROUP","article_modified_time":"2023-08-16T22:40:39+00:00","og_image":[{"url":"https:\/\/carmarbg.com\/wp-content\/uploads\/2023\/08\/ALTAMAR-1-1-150x150.jpg","type":"","width":"","height":""}],"twitter_card":"summary_large_image","twitter_misc":{"Tiempo de lectura":"1 minuto"},"schema":{"@context":"https:\/\/schema.org","@graph":[{"@type":"WebPage","@id":"https:\/\/carmarbg.com\/index.php\/home\/adminturismo\/servicios-adminhouse\/staging\/","url":"https:\/\/carmarbg.com\/index.php\/home\/adminturismo\/servicios-adminhouse\/staging\/","name":"Montaje final - CARMAR BUSINESS GROUP","isPartOf":{"@id":"https:\/\/carmarbg.com\/#website"},"primaryImageOfPage":{"@id":"https:\/\/carmarbg.com\/index.php\/home\/adminturismo\/servicios-adminhouse\/staging\/#primaryimage"},"image":{"@id":"https:\/\/carmarbg.com\/index.php\/home\/adminturismo\/servicios-adminhouse\/staging\/#primaryimage"},"thumbnailUrl":"https:\/\/carmarbg.com\/wp-content\/uploads\/2021\/06\/CARRERA-MARTINEZ.jpg","datePublished":"2021-07-01T17:16:40+00:00","dateModified":"2023-08-16T22:40:39+00:00","description":"Existen momentos en la vida que necesitas que tu casa u oficina se vean especialmente bellas, bien sea porque tienes un evento o vas a alquilarla o venderla. Nuestro servicio de la mano de expertos te ayuda a darle ese toque de distinci\u00f3n a tu espacio para que tu evento sea todo un \u00e9xito.","breadcrumb":{"@id":"https:\/\/carmarbg.com\/index.php\/home\/adminturismo\/servicios-adminhouse\/staging\/#breadcrumb"},"inLanguage":"es","potentialAction":[{"@type":"ReadAction","target":["https:\/\/carmarbg.com\/index.php\/home\/adminturismo\/servicios-adminhouse\/staging\/"]}]},{"@type":"ImageObject","inLanguage":"es","@id":"https:\/\/carmarbg.com\/index.php\/home\/adminturismo\/servicios-adminhouse\/staging\/#primaryimage","url":"https:\/\/carmarbg.com\/wp-content\/uploads\/2021\/06\/CARRERA-MARTINEZ.jpg","contentUrl":"https:\/\/carmarbg.com\/wp-content\/uploads\/2021\/06\/CARRERA-MARTINEZ.jpg","width":1280,"height":720},{"@type":"BreadcrumbList","@id":"https:\/\/carmarbg.com\/index.php\/home\/adminturismo\/servicios-adminhouse\/staging\/#breadcrumb","itemListElement":[{"@type":"ListItem","position":1,"name":"Portada","item":"https:\/\/carmarbg.com\/"},{"@type":"ListItem","position":2,"name":"Home","item":"https:\/\/carmarbg.com\/"},{"@type":"ListItem","position":3,"name":"Administraci\u00f3n de viviendas tur\u00edsticas","item":"https:\/\/carmarbg.com\/index.php\/home\/adminturismo\/"},{"@type":"ListItem","position":4,"name":"ADMINHOUSE","item":"https:\/\/carmarbg.com\/index.php\/home\/adminturismo\/servicios-adminhouse\/"},{"@type":"ListItem","position":5,"name":"Montaje final"}]},{"@type":"WebSite","@id":"https:\/\/carmarbg.com\/#website","url":"https:\/\/carmarbg.com\/","name":"CARMAR BUSINESS GROUP","description":"","potentialAction":[{"@type":"SearchAction","target":{"@type":"EntryPoint","urlTemplate":"https:\/\/carmarbg.com\/?s={search_term_string}"},"query-input":{"@type":"PropertyValueSpecification","valueRequired":true,"valueName":"search_term_string"}}],"inLanguage":"es"}]}},"_links":{"self":[{"href":"https:\/\/carmarbg.com\/index.php\/wp-json\/wp\/v2\/pages\/293","targetHints":{"allow":["GET"]}}],"collection":[{"href":"https:\/\/carmarbg.com\/index.php\/wp-json\/wp\/v2\/pages"}],"about":[{"href":"https:\/\/carmarbg.com\/index.php\/wp-json\/wp\/v2\/types\/page"}],"author":[{"embeddable":true,"href":"https:\/\/carmarbg.com\/index.php\/wp-json\/wp\/v2\/users\/2"}],"replies":[{"embeddable":true,"href":"https:\/\/carmarbg.com\/index.php\/wp-json\/wp\/v2\/comments?post=293"}],"version-history":[{"count":20,"href":"https:\/\/carmarbg.com\/index.php\/wp-json\/wp\/v2\/pages\/293\/revisions"}],"predecessor-version":[{"id":1447,"href":"https:\/\/carmarbg.com\/index.php\/wp-json\/wp\/v2\/pages\/293\/revisions\/1447"}],"up":[{"embeddable":true,"href":"https:\/\/carmarbg.com\/index.php\/wp-json\/wp\/v2\/pages\/738"}],"wp:featuredmedia":[{"embeddable":true,"href":"https:\/\/carmarbg.com\/index.php\/wp-json\/wp\/v2\/media\/639"}],"wp:attachment":[{"href":"https:\/\/carmarbg.com\/index.php\/wp-json\/wp\/v2\/media?parent=293"}],"curies":[{"name":"wp","href":"https:\/\/api.w.org\/{rel}","templated":true}]}}