{"id":297,"date":"2021-07-01T17:17:28","date_gmt":"2021-07-01T17:17:28","guid":{"rendered":"https:\/\/holidaycleaning.parapymes.com\/wp\/?page_id=297"},"modified":"2023-08-11T23:02:34","modified_gmt":"2023-08-11T23:02:34","slug":"remodeling","status":"publish","type":"page","link":"https:\/\/carmarbg.com\/index.php\/home\/adminturismo\/servicios-adminhouse\/remodeling\/","title":{"rendered":"Remodelaciones"},"content":{"rendered":"\t\t<div data-elementor-type=\"wp-page\" data-elementor-id=\"297\" class=\"elementor elementor-297\">\n\t\t\t\t\t\t<section class=\"elementor-section elementor-top-section elementor-element elementor-element-c5767c2 elementor-section-boxed elementor-section-height-default elementor-section-height-default\" data-id=\"c5767c2\" data-element_type=\"section\" data-e-type=\"section\">\n\t\t\t\t\t\t<div class=\"elementor-container elementor-column-gap-default\">\n\t\t\t\t\t<div class=\"elementor-column elementor-col-100 elementor-top-column elementor-element elementor-element-494bb35\" data-id=\"494bb35\" data-element_type=\"column\" data-e-type=\"column\">\n\t\t\t<div class=\"elementor-widget-wrap elementor-element-populated\">\n\t\t\t\t\t\t<div class=\"elementor-element elementor-element-4b94658 elementor-widget elementor-widget-text-editor\" data-id=\"4b94658\" data-element_type=\"widget\" data-e-type=\"widget\" data-widget_type=\"text-editor.default\">\n\t\t\t\t<div class=\"elementor-widget-container\">\n\t\t\t\t\t\t\t\t\t<p>Nos podemos ocupar de cada detalle, desde el dise\u00f1o, especificaci\u00f3n de productos, gesti\u00f3n de compras, programaci\u00f3n y direcci\u00f3n de la obra, optimizando en lo posible costos y tiempo de la remodelaci\u00f3n.<\/p><p>Entendemos el costo de bloquear una vivienda tur\u00edstica para hacer estas actividades, por eso ponemos nuestra experiencia al servicio de cada una de las actividades requeridas para lograr el mejor resultado en el mejor tiempo posible.<\/p><p>Con CARRER\u00c1 &amp; MART\u00cdNEZ tu propiedad est\u00e1 en buenas manos, sin sorpresas.<\/p><p>Proyectos personalizados:<\/p><ul><li>Remodelaciones integrales\u00a0<\/li><li class=\"icono\">Remodelaciones parciales de ba\u00f1os, cocina, zona social, habitaciones\u00a0<\/li><li class=\"icono\">Remodelaci\u00f3n de zonas exteriores\u00a0<\/li><\/ul><p>\u00a0<\/p>\t\t\t\t\t\t\t\t<\/div>\n\t\t\t\t<\/div>\n\t\t\t\t\t<\/div>\n\t\t<\/div>\n\t\t\t\t\t<\/div>\n\t\t<\/section>\n\t\t\t\t<\/div>\n\t\t","protected":false},"excerpt":{"rendered":"<p>Nos podemos ocupar de cada detalle, desde el dise\u00f1o, especificaci\u00f3n de productos, gesti\u00f3n de compras, programaci\u00f3n y direcci\u00f3n de la obra, optimizando en lo posible costos y tiempo de la remodelaci\u00f3n. Entendemos el costo de bloquear una vivienda tur\u00edstica para hacer estas actividades, por eso ponemos nuestra experiencia al servicio de cada una de las [&hellip;]<\/p>\n","protected":false},"author":2,"featured_media":639,"parent":738,"menu_order":5,"comment_status":"closed","ping_status":"closed","template":"","meta":{"vkexunit_cta_each_option":"","footnotes":""},"class_list":["post-297","page","type-page","status-publish","has-post-thumbnail","hentry"],"yoast_head":"<!-- This site is optimized with the Yoast SEO plugin v27.3 - https:\/\/yoast.com\/product\/yoast-seo-wordpress\/ -->\n<title>Remodelaciones - CARMAR BUSINESS GROUP<\/title>\n<meta name=\"robots\" content=\"index, follow, max-snippet:-1, max-image-preview:large, max-video-preview:-1\" \/>\n<link rel=\"canonical\" href=\"https:\/\/carmarbg.com\/index.php\/home\/adminturismo\/servicios-adminhouse\/remodeling\/\" \/>\n<meta property=\"og:locale\" content=\"es_ES\" \/>\n<meta property=\"og:type\" content=\"article\" \/>\n<meta property=\"og:title\" content=\"Remodelaciones - CARMAR BUSINESS GROUP\" \/>\n<meta property=\"og:description\" content=\"Nos podemos ocupar de cada detalle, desde el dise\u00f1o, especificaci\u00f3n de productos, gesti\u00f3n de compras, programaci\u00f3n y direcci\u00f3n de la obra, optimizando en lo posible costos y tiempo de la remodelaci\u00f3n. Entendemos el costo de bloquear una vivienda tur\u00edstica para hacer estas actividades, por eso ponemos nuestra experiencia al servicio de cada una de las [&hellip;]\" \/>\n<meta property=\"og:url\" content=\"https:\/\/carmarbg.com\/index.php\/home\/adminturismo\/servicios-adminhouse\/remodeling\/\" \/>\n<meta property=\"og:site_name\" content=\"CARMAR BUSINESS GROUP\" \/>\n<meta property=\"article:modified_time\" content=\"2023-08-11T23:02:34+00:00\" \/>\n<meta name=\"twitter:card\" content=\"summary_large_image\" \/>\n<meta name=\"twitter:label1\" content=\"Tiempo de lectura\" \/>\n\t<meta name=\"twitter:data1\" content=\"1 minuto\" \/>\n<script type=\"application\/ld+json\" class=\"yoast-schema-graph\">{\"@context\":\"https:\\\/\\\/schema.org\",\"@graph\":[{\"@type\":\"WebPage\",\"@id\":\"https:\\\/\\\/carmarbg.com\\\/index.php\\\/home\\\/adminturismo\\\/servicios-adminhouse\\\/remodeling\\\/\",\"url\":\"https:\\\/\\\/carmarbg.com\\\/index.php\\\/home\\\/adminturismo\\\/servicios-adminhouse\\\/remodeling\\\/\",\"name\":\"Remodelaciones - CARMAR BUSINESS GROUP\",\"isPartOf\":{\"@id\":\"https:\\\/\\\/carmarbg.com\\\/#website\"},\"primaryImageOfPage\":{\"@id\":\"https:\\\/\\\/carmarbg.com\\\/index.php\\\/home\\\/adminturismo\\\/servicios-adminhouse\\\/remodeling\\\/#primaryimage\"},\"image\":{\"@id\":\"https:\\\/\\\/carmarbg.com\\\/index.php\\\/home\\\/adminturismo\\\/servicios-adminhouse\\\/remodeling\\\/#primaryimage\"},\"thumbnailUrl\":\"https:\\\/\\\/carmarbg.com\\\/wp-content\\\/uploads\\\/2021\\\/06\\\/CARRERA-MARTINEZ.jpg\",\"datePublished\":\"2021-07-01T17:17:28+00:00\",\"dateModified\":\"2023-08-11T23:02:34+00:00\",\"breadcrumb\":{\"@id\":\"https:\\\/\\\/carmarbg.com\\\/index.php\\\/home\\\/adminturismo\\\/servicios-adminhouse\\\/remodeling\\\/#breadcrumb\"},\"inLanguage\":\"es\",\"potentialAction\":[{\"@type\":\"ReadAction\",\"target\":[\"https:\\\/\\\/carmarbg.com\\\/index.php\\\/home\\\/adminturismo\\\/servicios-adminhouse\\\/remodeling\\\/\"]}]},{\"@type\":\"ImageObject\",\"inLanguage\":\"es\",\"@id\":\"https:\\\/\\\/carmarbg.com\\\/index.php\\\/home\\\/adminturismo\\\/servicios-adminhouse\\\/remodeling\\\/#primaryimage\",\"url\":\"https:\\\/\\\/carmarbg.com\\\/wp-content\\\/uploads\\\/2021\\\/06\\\/CARRERA-MARTINEZ.jpg\",\"contentUrl\":\"https:\\\/\\\/carmarbg.com\\\/wp-content\\\/uploads\\\/2021\\\/06\\\/CARRERA-MARTINEZ.jpg\",\"width\":1280,\"height\":720},{\"@type\":\"BreadcrumbList\",\"@id\":\"https:\\\/\\\/carmarbg.com\\\/index.php\\\/home\\\/adminturismo\\\/servicios-adminhouse\\\/remodeling\\\/#breadcrumb\",\"itemListElement\":[{\"@type\":\"ListItem\",\"position\":1,\"name\":\"Portada\",\"item\":\"https:\\\/\\\/carmarbg.com\\\/\"},{\"@type\":\"ListItem\",\"position\":2,\"name\":\"Home\",\"item\":\"https:\\\/\\\/carmarbg.com\\\/\"},{\"@type\":\"ListItem\",\"position\":3,\"name\":\"Administraci\u00f3n de viviendas tur\u00edsticas\",\"item\":\"https:\\\/\\\/carmarbg.com\\\/index.php\\\/home\\\/adminturismo\\\/\"},{\"@type\":\"ListItem\",\"position\":4,\"name\":\"ADMINHOUSE\",\"item\":\"https:\\\/\\\/carmarbg.com\\\/index.php\\\/home\\\/adminturismo\\\/servicios-adminhouse\\\/\"},{\"@type\":\"ListItem\",\"position\":5,\"name\":\"Remodelaciones\"}]},{\"@type\":\"WebSite\",\"@id\":\"https:\\\/\\\/carmarbg.com\\\/#website\",\"url\":\"https:\\\/\\\/carmarbg.com\\\/\",\"name\":\"CARMAR BUSINESS GROUP\",\"description\":\"\",\"potentialAction\":[{\"@type\":\"SearchAction\",\"target\":{\"@type\":\"EntryPoint\",\"urlTemplate\":\"https:\\\/\\\/carmarbg.com\\\/?s={search_term_string}\"},\"query-input\":{\"@type\":\"PropertyValueSpecification\",\"valueRequired\":true,\"valueName\":\"search_term_string\"}}],\"inLanguage\":\"es\"}]}<\/script>\n<!-- \/ Yoast SEO plugin. -->","yoast_head_json":{"title":"Remodelaciones - CARMAR BUSINESS GROUP","robots":{"index":"index","follow":"follow","max-snippet":"max-snippet:-1","max-image-preview":"max-image-preview:large","max-video-preview":"max-video-preview:-1"},"canonical":"https:\/\/carmarbg.com\/index.php\/home\/adminturismo\/servicios-adminhouse\/remodeling\/","og_locale":"es_ES","og_type":"article","og_title":"Remodelaciones - CARMAR BUSINESS GROUP","og_description":"Nos podemos ocupar de cada detalle, desde el dise\u00f1o, especificaci\u00f3n de productos, gesti\u00f3n de compras, programaci\u00f3n y direcci\u00f3n de la obra, optimizando en lo posible costos y tiempo de la remodelaci\u00f3n. Entendemos el costo de bloquear una vivienda tur\u00edstica para hacer estas actividades, por eso ponemos nuestra experiencia al servicio de cada una de las [&hellip;]","og_url":"https:\/\/carmarbg.com\/index.php\/home\/adminturismo\/servicios-adminhouse\/remodeling\/","og_site_name":"CARMAR BUSINESS GROUP","article_modified_time":"2023-08-11T23:02:34+00:00","twitter_card":"summary_large_image","twitter_misc":{"Tiempo de lectura":"1 minuto"},"schema":{"@context":"https:\/\/schema.org","@graph":[{"@type":"WebPage","@id":"https:\/\/carmarbg.com\/index.php\/home\/adminturismo\/servicios-adminhouse\/remodeling\/","url":"https:\/\/carmarbg.com\/index.php\/home\/adminturismo\/servicios-adminhouse\/remodeling\/","name":"Remodelaciones - CARMAR BUSINESS GROUP","isPartOf":{"@id":"https:\/\/carmarbg.com\/#website"},"primaryImageOfPage":{"@id":"https:\/\/carmarbg.com\/index.php\/home\/adminturismo\/servicios-adminhouse\/remodeling\/#primaryimage"},"image":{"@id":"https:\/\/carmarbg.com\/index.php\/home\/adminturismo\/servicios-adminhouse\/remodeling\/#primaryimage"},"thumbnailUrl":"https:\/\/carmarbg.com\/wp-content\/uploads\/2021\/06\/CARRERA-MARTINEZ.jpg","datePublished":"2021-07-01T17:17:28+00:00","dateModified":"2023-08-11T23:02:34+00:00","breadcrumb":{"@id":"https:\/\/carmarbg.com\/index.php\/home\/adminturismo\/servicios-adminhouse\/remodeling\/#breadcrumb"},"inLanguage":"es","potentialAction":[{"@type":"ReadAction","target":["https:\/\/carmarbg.com\/index.php\/home\/adminturismo\/servicios-adminhouse\/remodeling\/"]}]},{"@type":"ImageObject","inLanguage":"es","@id":"https:\/\/carmarbg.com\/index.php\/home\/adminturismo\/servicios-adminhouse\/remodeling\/#primaryimage","url":"https:\/\/carmarbg.com\/wp-content\/uploads\/2021\/06\/CARRERA-MARTINEZ.jpg","contentUrl":"https:\/\/carmarbg.com\/wp-content\/uploads\/2021\/06\/CARRERA-MARTINEZ.jpg","width":1280,"height":720},{"@type":"BreadcrumbList","@id":"https:\/\/carmarbg.com\/index.php\/home\/adminturismo\/servicios-adminhouse\/remodeling\/#breadcrumb","itemListElement":[{"@type":"ListItem","position":1,"name":"Portada","item":"https:\/\/carmarbg.com\/"},{"@type":"ListItem","position":2,"name":"Home","item":"https:\/\/carmarbg.com\/"},{"@type":"ListItem","position":3,"name":"Administraci\u00f3n de viviendas tur\u00edsticas","item":"https:\/\/carmarbg.com\/index.php\/home\/adminturismo\/"},{"@type":"ListItem","position":4,"name":"ADMINHOUSE","item":"https:\/\/carmarbg.com\/index.php\/home\/adminturismo\/servicios-adminhouse\/"},{"@type":"ListItem","position":5,"name":"Remodelaciones"}]},{"@type":"WebSite","@id":"https:\/\/carmarbg.com\/#website","url":"https:\/\/carmarbg.com\/","name":"CARMAR BUSINESS GROUP","description":"","potentialAction":[{"@type":"SearchAction","target":{"@type":"EntryPoint","urlTemplate":"https:\/\/carmarbg.com\/?s={search_term_string}"},"query-input":{"@type":"PropertyValueSpecification","valueRequired":true,"valueName":"search_term_string"}}],"inLanguage":"es"}]}},"_links":{"self":[{"href":"https:\/\/carmarbg.com\/index.php\/wp-json\/wp\/v2\/pages\/297","targetHints":{"allow":["GET"]}}],"collection":[{"href":"https:\/\/carmarbg.com\/index.php\/wp-json\/wp\/v2\/pages"}],"about":[{"href":"https:\/\/carmarbg.com\/index.php\/wp-json\/wp\/v2\/types\/page"}],"author":[{"embeddable":true,"href":"https:\/\/carmarbg.com\/index.php\/wp-json\/wp\/v2\/users\/2"}],"replies":[{"embeddable":true,"href":"https:\/\/carmarbg.com\/index.php\/wp-json\/wp\/v2\/comments?post=297"}],"version-history":[{"count":14,"href":"https:\/\/carmarbg.com\/index.php\/wp-json\/wp\/v2\/pages\/297\/revisions"}],"predecessor-version":[{"id":981,"href":"https:\/\/carmarbg.com\/index.php\/wp-json\/wp\/v2\/pages\/297\/revisions\/981"}],"up":[{"embeddable":true,"href":"https:\/\/carmarbg.com\/index.php\/wp-json\/wp\/v2\/pages\/738"}],"wp:featuredmedia":[{"embeddable":true,"href":"https:\/\/carmarbg.com\/index.php\/wp-json\/wp\/v2\/media\/639"}],"wp:attachment":[{"href":"https:\/\/carmarbg.com\/index.php\/wp-json\/wp\/v2\/media?parent=297"}],"curies":[{"name":"wp","href":"https:\/\/api.w.org\/{rel}","templated":true}]}}