{"id":738,"date":"2023-04-19T21:44:37","date_gmt":"2023-04-19T21:44:37","guid":{"rendered":"https:\/\/carreraymartinez.co\/?page_id=738"},"modified":"2023-05-03T20:56:49","modified_gmt":"2023-05-03T20:56:49","slug":"servicios-adminhouse","status":"publish","type":"page","link":"https:\/\/carmarbg.com\/index.php\/home\/adminturismo\/servicios-adminhouse\/","title":{"rendered":"ADMINHOUSE"},"content":{"rendered":"\t\t<div data-elementor-type=\"wp-page\" data-elementor-id=\"738\" class=\"elementor elementor-738\">\n\t\t\t\t\t\t<section class=\"elementor-section elementor-top-section elementor-element elementor-element-a0166bd elementor-section-boxed elementor-section-height-default elementor-section-height-default\" data-id=\"a0166bd\" data-element_type=\"section\" data-e-type=\"section\">\n\t\t\t\t\t\t<div class=\"elementor-container elementor-column-gap-default\">\n\t\t\t\t\t<div class=\"elementor-column elementor-col-100 elementor-top-column elementor-element elementor-element-ef12c8e\" data-id=\"ef12c8e\" data-element_type=\"column\" data-e-type=\"column\">\n\t\t\t<div class=\"elementor-widget-wrap elementor-element-populated\">\n\t\t\t\t\t\t<div class=\"elementor-element elementor-element-ee7a3eb elementor-widget elementor-widget-heading\" data-id=\"ee7a3eb\" data-element_type=\"widget\" data-e-type=\"widget\" data-widget_type=\"heading.default\">\n\t\t\t\t<div class=\"elementor-widget-container\">\n\t\t\t\t\t<h2 class=\"elementor-heading-title elementor-size-default\">Apoyo a anfitriones<\/h2>\t\t\t\t<\/div>\n\t\t\t\t<\/div>\n\t\t\t\t\t<\/div>\n\t\t<\/div>\n\t\t\t\t\t<\/div>\n\t\t<\/section>\n\t\t\t\t<section class=\"elementor-section elementor-top-section elementor-element elementor-element-c63eb6f elementor-section-boxed elementor-section-height-default elementor-section-height-default\" data-id=\"c63eb6f\" data-element_type=\"section\" data-e-type=\"section\">\n\t\t\t\t\t\t<div class=\"elementor-container elementor-column-gap-default\">\n\t\t\t\t\t<div class=\"elementor-column elementor-col-100 elementor-top-column elementor-element elementor-element-71720cf\" data-id=\"71720cf\" data-element_type=\"column\" data-e-type=\"column\">\n\t\t\t<div class=\"elementor-widget-wrap elementor-element-populated\">\n\t\t\t\t\t\t<div class=\"elementor-element elementor-element-ac63880 elementor-widget elementor-widget-text-editor\" data-id=\"ac63880\" data-element_type=\"widget\" data-e-type=\"widget\" data-widget_type=\"text-editor.default\">\n\t\t\t\t<div class=\"elementor-widget-container\">\n\t\t\t\t\t\t\t\t\t<p>Un completo set de servicios y herramientas para anfitriones y administradores de Servicios de hospedaje tur\u00edstico.<\/p><p>\u00a0<\/p>\t\t\t\t\t\t\t\t<\/div>\n\t\t\t\t<\/div>\n\t\t\t\t\t<\/div>\n\t\t<\/div>\n\t\t\t\t\t<\/div>\n\t\t<\/section>\n\t\t\t\t<section class=\"elementor-section elementor-top-section elementor-element elementor-element-0510b6a elementor-section-boxed elementor-section-height-default elementor-section-height-default\" data-id=\"0510b6a\" data-element_type=\"section\" data-e-type=\"section\">\n\t\t\t\t\t\t<div class=\"elementor-container elementor-column-gap-default\">\n\t\t\t\t\t<div class=\"elementor-column elementor-col-33 elementor-top-column elementor-element elementor-element-30cfa83\" data-id=\"30cfa83\" data-element_type=\"column\" data-e-type=\"column\">\n\t\t\t<div class=\"elementor-widget-wrap elementor-element-populated\">\n\t\t\t\t\t\t<div class=\"elementor-element elementor-element-3b249d3 elementor-position-top elementor-widget elementor-widget-image-box\" data-id=\"3b249d3\" data-element_type=\"widget\" data-e-type=\"widget\" data-widget_type=\"image-box.default\">\n\t\t\t\t<div class=\"elementor-widget-container\">\n\t\t\t\t\t<div class=\"elementor-image-box-wrapper\"><figure class=\"elementor-image-box-img\"><img fetchpriority=\"high\" decoding=\"async\" width=\"284\" height=\"303\" src=\"https:\/\/carmarbg.com\/wp-content\/uploads\/2021\/06\/Supervision.gif\" class=\"attachment-full size-full wp-image-123\" alt=\"\" \/><\/figure><div class=\"elementor-image-box-content\"><h3 class=\"elementor-image-box-title\">Monitor<\/h3><p class=\"elementor-image-box-description\">Supervisi\u00f3n de trabajos pendientes, supervisi\u00f3n de aseo, recepci\u00f3n y entrega de inmuebles.<\/p><\/div><\/div>\t\t\t\t<\/div>\n\t\t\t\t<\/div>\n\t\t\t\t\t<\/div>\n\t\t<\/div>\n\t\t\t\t<div class=\"elementor-column elementor-col-33 elementor-top-column elementor-element elementor-element-cf92a73\" data-id=\"cf92a73\" data-element_type=\"column\" data-e-type=\"column\">\n\t\t\t<div class=\"elementor-widget-wrap elementor-element-populated\">\n\t\t\t\t\t\t<div class=\"elementor-element elementor-element-f0bfae6 elementor-position-top elementor-widget elementor-widget-image-box\" data-id=\"f0bfae6\" data-element_type=\"widget\" data-e-type=\"widget\" data-widget_type=\"image-box.default\">\n\t\t\t\t<div class=\"elementor-widget-container\">\n\t\t\t\t\t<div class=\"elementor-image-box-wrapper\"><figure class=\"elementor-image-box-img\"><img decoding=\"async\" width=\"301\" height=\"314\" src=\"https:\/\/carmarbg.com\/wp-content\/uploads\/2021\/06\/aseo.gif\" class=\"attachment-full size-full wp-image-128\" alt=\"\" \/><\/figure><div class=\"elementor-image-box-content\"><h3 class=\"elementor-image-box-title\">Clean<\/h3><p class=\"elementor-image-box-description\">Servicio profesional de aseo y desinfecci\u00f3n cumpliendo est\u00e1ndares de limpieza. <\/p><\/div><\/div>\t\t\t\t<\/div>\n\t\t\t\t<\/div>\n\t\t\t\t\t<\/div>\n\t\t<\/div>\n\t\t\t\t<div class=\"elementor-column elementor-col-33 elementor-top-column elementor-element elementor-element-d69a5c1\" data-id=\"d69a5c1\" data-element_type=\"column\" data-e-type=\"column\">\n\t\t\t<div class=\"elementor-widget-wrap elementor-element-populated\">\n\t\t\t\t\t\t<div class=\"elementor-element elementor-element-479034a elementor-position-top elementor-widget elementor-widget-image-box\" data-id=\"479034a\" data-element_type=\"widget\" data-e-type=\"widget\" data-widget_type=\"image-box.default\">\n\t\t\t\t<div class=\"elementor-widget-container\">\n\t\t\t\t\t<div class=\"elementor-image-box-wrapper\"><figure class=\"elementor-image-box-img\"><img decoding=\"async\" width=\"304\" height=\"298\" src=\"https:\/\/carmarbg.com\/wp-content\/uploads\/2021\/06\/Mantenimiento-1.gif\" class=\"attachment-full size-full wp-image-130\" alt=\"\" \/><\/figure><div class=\"elementor-image-box-content\"><h3 class=\"elementor-image-box-title\">Maintenance<\/h3><p class=\"elementor-image-box-description\">Trabajos de mantenimiento preventivo para inmuebles destinados al alojamiento tur\u00edstico. <\/p><\/div><\/div>\t\t\t\t<\/div>\n\t\t\t\t<\/div>\n\t\t\t\t\t<\/div>\n\t\t<\/div>\n\t\t\t\t\t<\/div>\n\t\t<\/section>\n\t\t\t\t<section class=\"elementor-section elementor-top-section elementor-element elementor-element-b29d962 elementor-section-boxed elementor-section-height-default elementor-section-height-default\" data-id=\"b29d962\" data-element_type=\"section\" data-e-type=\"section\">\n\t\t\t\t\t\t<div class=\"elementor-container elementor-column-gap-default\">\n\t\t\t\t\t<div class=\"elementor-column elementor-col-33 elementor-top-column elementor-element elementor-element-f7f13e9\" data-id=\"f7f13e9\" data-element_type=\"column\" data-e-type=\"column\">\n\t\t\t<div class=\"elementor-widget-wrap elementor-element-populated\">\n\t\t\t\t\t\t<div class=\"elementor-element elementor-element-bd6c7a5 elementor-position-top elementor-widget elementor-widget-image-box\" data-id=\"bd6c7a5\" data-element_type=\"widget\" data-e-type=\"widget\" data-widget_type=\"image-box.default\">\n\t\t\t\t<div class=\"elementor-widget-container\">\n\t\t\t\t\t<div class=\"elementor-image-box-wrapper\"><figure class=\"elementor-image-box-img\"><img loading=\"lazy\" decoding=\"async\" width=\"286\" height=\"244\" src=\"https:\/\/carmarbg.com\/wp-content\/uploads\/2021\/06\/Puestaenescena-e1683146407534.gif\" class=\"attachment-full size-full wp-image-139\" alt=\"\" \/><\/figure><div class=\"elementor-image-box-content\"><h3 class=\"elementor-image-box-title\">Staging<\/h3><p class=\"elementor-image-box-description\">Puesta en escena del alojamiento bien sea para venderlo, alquilarlo o para hacer una sesi\u00f3n de fotos. <\/p><\/div><\/div>\t\t\t\t<\/div>\n\t\t\t\t<\/div>\n\t\t\t\t\t<\/div>\n\t\t<\/div>\n\t\t\t\t<div class=\"elementor-column elementor-col-33 elementor-top-column elementor-element elementor-element-74e8edd\" data-id=\"74e8edd\" data-element_type=\"column\" data-e-type=\"column\">\n\t\t\t<div class=\"elementor-widget-wrap elementor-element-populated\">\n\t\t\t\t\t\t<div class=\"elementor-element elementor-element-37d12d5 elementor-position-top elementor-widget elementor-widget-image-box\" data-id=\"37d12d5\" data-element_type=\"widget\" data-e-type=\"widget\" data-widget_type=\"image-box.default\">\n\t\t\t\t<div class=\"elementor-widget-container\">\n\t\t\t\t\t<div class=\"elementor-image-box-wrapper\"><figure class=\"elementor-image-box-img\"><img loading=\"lazy\" decoding=\"async\" width=\"301\" height=\"311\" src=\"https:\/\/carmarbg.com\/wp-content\/uploads\/2021\/06\/Urgencias.gif\" class=\"attachment-full size-full wp-image-137\" alt=\"\" \/><\/figure><div class=\"elementor-image-box-content\"><h3 class=\"elementor-image-box-title\">Emergency<\/h3><p class=\"elementor-image-box-description\">Servicios t\u00e9cnicos de urgencia realizados por profesionales, plomeros, electricistas, instaladores y decoradores. <\/p><\/div><\/div>\t\t\t\t<\/div>\n\t\t\t\t<\/div>\n\t\t\t\t\t<\/div>\n\t\t<\/div>\n\t\t\t\t<div class=\"elementor-column elementor-col-33 elementor-top-column elementor-element elementor-element-c35a53a\" data-id=\"c35a53a\" data-element_type=\"column\" data-e-type=\"column\">\n\t\t\t<div class=\"elementor-widget-wrap elementor-element-populated\">\n\t\t\t\t\t\t<div class=\"elementor-element elementor-element-2b66430 elementor-position-top elementor-widget elementor-widget-image-box\" data-id=\"2b66430\" data-element_type=\"widget\" data-e-type=\"widget\" data-widget_type=\"image-box.default\">\n\t\t\t\t<div class=\"elementor-widget-container\">\n\t\t\t\t\t<div class=\"elementor-image-box-wrapper\"><figure class=\"elementor-image-box-img\"><img loading=\"lazy\" decoding=\"async\" width=\"293\" height=\"322\" src=\"https:\/\/carmarbg.com\/wp-content\/uploads\/2021\/06\/remodela.gif\" class=\"attachment-full size-full wp-image-138\" alt=\"\" \/><\/figure><div class=\"elementor-image-box-content\"><h3 class=\"elementor-image-box-title\">Remodeling<\/h3><p class=\"elementor-image-box-description\">Reorganizar o rejuvenecer el espacio siempre repercute en el retorno de inversi\u00f3n. <\/p><\/div><\/div>\t\t\t\t<\/div>\n\t\t\t\t<\/div>\n\t\t\t\t\t<\/div>\n\t\t<\/div>\n\t\t\t\t\t<\/div>\n\t\t<\/section>\n\t\t\t\t<\/div>\n\t\t","protected":false},"excerpt":{"rendered":"<p>Apoyo a anfitriones Un completo set de servicios y herramientas para anfitriones y administradores de Servicios de hospedaje tur\u00edstico. \u00a0 Monitor Supervisi\u00f3n de trabajos pendientes, supervisi\u00f3n de aseo, recepci\u00f3n y entrega de inmuebles. Clean Servicio profesional de aseo y desinfecci\u00f3n cumpliendo est\u00e1ndares de limpieza. Maintenance Trabajos de mantenimiento preventivo para inmuebles destinados al alojamiento tur\u00edstico. [&hellip;]<\/p>\n","protected":false},"author":1,"featured_media":639,"parent":265,"menu_order":0,"comment_status":"closed","ping_status":"closed","template":"","meta":{"vkexunit_cta_each_option":"","footnotes":""},"class_list":["post-738","page","type-page","status-publish","has-post-thumbnail","hentry"],"yoast_head":"<!-- This site is optimized with the Yoast SEO plugin v27.3 - https:\/\/yoast.com\/product\/yoast-seo-wordpress\/ -->\n<title>ADMINHOUSE - CARMAR BUSINESS GROUP<\/title>\n<meta name=\"robots\" content=\"index, follow, max-snippet:-1, max-image-preview:large, max-video-preview:-1\" \/>\n<link rel=\"canonical\" href=\"https:\/\/carmarbg.com\/index.php\/home\/adminturismo\/servicios-adminhouse\/\" \/>\n<meta property=\"og:locale\" content=\"es_ES\" \/>\n<meta property=\"og:type\" content=\"article\" \/>\n<meta property=\"og:title\" content=\"ADMINHOUSE - CARMAR BUSINESS GROUP\" \/>\n<meta property=\"og:description\" content=\"Apoyo a anfitriones Un completo set de servicios y herramientas para anfitriones y administradores de Servicios de hospedaje tur\u00edstico. \u00a0 Monitor Supervisi\u00f3n de trabajos pendientes, supervisi\u00f3n de aseo, recepci\u00f3n y entrega de inmuebles. Clean Servicio profesional de aseo y desinfecci\u00f3n cumpliendo est\u00e1ndares de limpieza. Maintenance Trabajos de mantenimiento preventivo para inmuebles destinados al alojamiento tur\u00edstico. [&hellip;]\" \/>\n<meta property=\"og:url\" content=\"https:\/\/carmarbg.com\/index.php\/home\/adminturismo\/servicios-adminhouse\/\" \/>\n<meta property=\"og:site_name\" content=\"CARMAR BUSINESS GROUP\" \/>\n<meta property=\"article:modified_time\" content=\"2023-05-03T20:56:49+00:00\" \/>\n<meta property=\"og:image\" content=\"https:\/\/carmarbg.com\/wp-content\/uploads\/2021\/06\/Supervision.gif\" \/>\n<meta name=\"twitter:card\" content=\"summary_large_image\" \/>\n<meta name=\"twitter:label1\" content=\"Tiempo de lectura\" \/>\n\t<meta name=\"twitter:data1\" content=\"1 minuto\" \/>\n<script type=\"application\/ld+json\" class=\"yoast-schema-graph\">{\"@context\":\"https:\\\/\\\/schema.org\",\"@graph\":[{\"@type\":\"WebPage\",\"@id\":\"https:\\\/\\\/carmarbg.com\\\/index.php\\\/home\\\/adminturismo\\\/servicios-adminhouse\\\/\",\"url\":\"https:\\\/\\\/carmarbg.com\\\/index.php\\\/home\\\/adminturismo\\\/servicios-adminhouse\\\/\",\"name\":\"ADMINHOUSE - CARMAR BUSINESS GROUP\",\"isPartOf\":{\"@id\":\"https:\\\/\\\/carmarbg.com\\\/#website\"},\"primaryImageOfPage\":{\"@id\":\"https:\\\/\\\/carmarbg.com\\\/index.php\\\/home\\\/adminturismo\\\/servicios-adminhouse\\\/#primaryimage\"},\"image\":{\"@id\":\"https:\\\/\\\/carmarbg.com\\\/index.php\\\/home\\\/adminturismo\\\/servicios-adminhouse\\\/#primaryimage\"},\"thumbnailUrl\":\"https:\\\/\\\/carmarbg.com\\\/wp-content\\\/uploads\\\/2021\\\/06\\\/CARRERA-MARTINEZ.jpg\",\"datePublished\":\"2023-04-19T21:44:37+00:00\",\"dateModified\":\"2023-05-03T20:56:49+00:00\",\"breadcrumb\":{\"@id\":\"https:\\\/\\\/carmarbg.com\\\/index.php\\\/home\\\/adminturismo\\\/servicios-adminhouse\\\/#breadcrumb\"},\"inLanguage\":\"es\",\"potentialAction\":[{\"@type\":\"ReadAction\",\"target\":[\"https:\\\/\\\/carmarbg.com\\\/index.php\\\/home\\\/adminturismo\\\/servicios-adminhouse\\\/\"]}]},{\"@type\":\"ImageObject\",\"inLanguage\":\"es\",\"@id\":\"https:\\\/\\\/carmarbg.com\\\/index.php\\\/home\\\/adminturismo\\\/servicios-adminhouse\\\/#primaryimage\",\"url\":\"https:\\\/\\\/carmarbg.com\\\/wp-content\\\/uploads\\\/2021\\\/06\\\/CARRERA-MARTINEZ.jpg\",\"contentUrl\":\"https:\\\/\\\/carmarbg.com\\\/wp-content\\\/uploads\\\/2021\\\/06\\\/CARRERA-MARTINEZ.jpg\",\"width\":1280,\"height\":720},{\"@type\":\"BreadcrumbList\",\"@id\":\"https:\\\/\\\/carmarbg.com\\\/index.php\\\/home\\\/adminturismo\\\/servicios-adminhouse\\\/#breadcrumb\",\"itemListElement\":[{\"@type\":\"ListItem\",\"position\":1,\"name\":\"Portada\",\"item\":\"https:\\\/\\\/carmarbg.com\\\/\"},{\"@type\":\"ListItem\",\"position\":2,\"name\":\"Home\",\"item\":\"https:\\\/\\\/carmarbg.com\\\/\"},{\"@type\":\"ListItem\",\"position\":3,\"name\":\"Administraci\u00f3n de viviendas tur\u00edsticas\",\"item\":\"https:\\\/\\\/carmarbg.com\\\/index.php\\\/home\\\/adminturismo\\\/\"},{\"@type\":\"ListItem\",\"position\":4,\"name\":\"ADMINHOUSE\"}]},{\"@type\":\"WebSite\",\"@id\":\"https:\\\/\\\/carmarbg.com\\\/#website\",\"url\":\"https:\\\/\\\/carmarbg.com\\\/\",\"name\":\"CARMAR BUSINESS GROUP\",\"description\":\"\",\"potentialAction\":[{\"@type\":\"SearchAction\",\"target\":{\"@type\":\"EntryPoint\",\"urlTemplate\":\"https:\\\/\\\/carmarbg.com\\\/?s={search_term_string}\"},\"query-input\":{\"@type\":\"PropertyValueSpecification\",\"valueRequired\":true,\"valueName\":\"search_term_string\"}}],\"inLanguage\":\"es\"}]}<\/script>\n<!-- \/ Yoast SEO plugin. -->","yoast_head_json":{"title":"ADMINHOUSE - CARMAR BUSINESS GROUP","robots":{"index":"index","follow":"follow","max-snippet":"max-snippet:-1","max-image-preview":"max-image-preview:large","max-video-preview":"max-video-preview:-1"},"canonical":"https:\/\/carmarbg.com\/index.php\/home\/adminturismo\/servicios-adminhouse\/","og_locale":"es_ES","og_type":"article","og_title":"ADMINHOUSE - CARMAR BUSINESS GROUP","og_description":"Apoyo a anfitriones Un completo set de servicios y herramientas para anfitriones y administradores de Servicios de hospedaje tur\u00edstico. \u00a0 Monitor Supervisi\u00f3n de trabajos pendientes, supervisi\u00f3n de aseo, recepci\u00f3n y entrega de inmuebles. Clean Servicio profesional de aseo y desinfecci\u00f3n cumpliendo est\u00e1ndares de limpieza. Maintenance Trabajos de mantenimiento preventivo para inmuebles destinados al alojamiento tur\u00edstico. [&hellip;]","og_url":"https:\/\/carmarbg.com\/index.php\/home\/adminturismo\/servicios-adminhouse\/","og_site_name":"CARMAR BUSINESS GROUP","article_modified_time":"2023-05-03T20:56:49+00:00","og_image":[{"url":"https:\/\/carmarbg.com\/wp-content\/uploads\/2021\/06\/Supervision.gif","type":"","width":"","height":""}],"twitter_card":"summary_large_image","twitter_misc":{"Tiempo de lectura":"1 minuto"},"schema":{"@context":"https:\/\/schema.org","@graph":[{"@type":"WebPage","@id":"https:\/\/carmarbg.com\/index.php\/home\/adminturismo\/servicios-adminhouse\/","url":"https:\/\/carmarbg.com\/index.php\/home\/adminturismo\/servicios-adminhouse\/","name":"ADMINHOUSE - CARMAR BUSINESS GROUP","isPartOf":{"@id":"https:\/\/carmarbg.com\/#website"},"primaryImageOfPage":{"@id":"https:\/\/carmarbg.com\/index.php\/home\/adminturismo\/servicios-adminhouse\/#primaryimage"},"image":{"@id":"https:\/\/carmarbg.com\/index.php\/home\/adminturismo\/servicios-adminhouse\/#primaryimage"},"thumbnailUrl":"https:\/\/carmarbg.com\/wp-content\/uploads\/2021\/06\/CARRERA-MARTINEZ.jpg","datePublished":"2023-04-19T21:44:37+00:00","dateModified":"2023-05-03T20:56:49+00:00","breadcrumb":{"@id":"https:\/\/carmarbg.com\/index.php\/home\/adminturismo\/servicios-adminhouse\/#breadcrumb"},"inLanguage":"es","potentialAction":[{"@type":"ReadAction","target":["https:\/\/carmarbg.com\/index.php\/home\/adminturismo\/servicios-adminhouse\/"]}]},{"@type":"ImageObject","inLanguage":"es","@id":"https:\/\/carmarbg.com\/index.php\/home\/adminturismo\/servicios-adminhouse\/#primaryimage","url":"https:\/\/carmarbg.com\/wp-content\/uploads\/2021\/06\/CARRERA-MARTINEZ.jpg","contentUrl":"https:\/\/carmarbg.com\/wp-content\/uploads\/2021\/06\/CARRERA-MARTINEZ.jpg","width":1280,"height":720},{"@type":"BreadcrumbList","@id":"https:\/\/carmarbg.com\/index.php\/home\/adminturismo\/servicios-adminhouse\/#breadcrumb","itemListElement":[{"@type":"ListItem","position":1,"name":"Portada","item":"https:\/\/carmarbg.com\/"},{"@type":"ListItem","position":2,"name":"Home","item":"https:\/\/carmarbg.com\/"},{"@type":"ListItem","position":3,"name":"Administraci\u00f3n de viviendas tur\u00edsticas","item":"https:\/\/carmarbg.com\/index.php\/home\/adminturismo\/"},{"@type":"ListItem","position":4,"name":"ADMINHOUSE"}]},{"@type":"WebSite","@id":"https:\/\/carmarbg.com\/#website","url":"https:\/\/carmarbg.com\/","name":"CARMAR BUSINESS GROUP","description":"","potentialAction":[{"@type":"SearchAction","target":{"@type":"EntryPoint","urlTemplate":"https:\/\/carmarbg.com\/?s={search_term_string}"},"query-input":{"@type":"PropertyValueSpecification","valueRequired":true,"valueName":"search_term_string"}}],"inLanguage":"es"}]}},"_links":{"self":[{"href":"https:\/\/carmarbg.com\/index.php\/wp-json\/wp\/v2\/pages\/738","targetHints":{"allow":["GET"]}}],"collection":[{"href":"https:\/\/carmarbg.com\/index.php\/wp-json\/wp\/v2\/pages"}],"about":[{"href":"https:\/\/carmarbg.com\/index.php\/wp-json\/wp\/v2\/types\/page"}],"author":[{"embeddable":true,"href":"https:\/\/carmarbg.com\/index.php\/wp-json\/wp\/v2\/users\/1"}],"replies":[{"embeddable":true,"href":"https:\/\/carmarbg.com\/index.php\/wp-json\/wp\/v2\/comments?post=738"}],"version-history":[{"count":5,"href":"https:\/\/carmarbg.com\/index.php\/wp-json\/wp\/v2\/pages\/738\/revisions"}],"predecessor-version":[{"id":755,"href":"https:\/\/carmarbg.com\/index.php\/wp-json\/wp\/v2\/pages\/738\/revisions\/755"}],"up":[{"embeddable":true,"href":"https:\/\/carmarbg.com\/index.php\/wp-json\/wp\/v2\/pages\/265"}],"wp:featuredmedia":[{"embeddable":true,"href":"https:\/\/carmarbg.com\/index.php\/wp-json\/wp\/v2\/media\/639"}],"wp:attachment":[{"href":"https:\/\/carmarbg.com\/index.php\/wp-json\/wp\/v2\/media?parent=738"}],"curies":[{"name":"wp","href":"https:\/\/api.w.org\/{rel}","templated":true}]}}