{"id":767,"date":"2023-08-08T16:37:09","date_gmt":"2023-08-08T16:37:09","guid":{"rendered":"https:\/\/carreraymartinez.co\/?page_id=767"},"modified":"2023-08-08T16:46:19","modified_gmt":"2023-08-08T16:46:19","slug":"admin-hotel","status":"publish","type":"page","link":"https:\/\/carmarbg.com\/index.php\/home\/adminturismo\/admin-hotel\/","title":{"rendered":"Admin Hotel"},"content":{"rendered":"\t\t<div data-elementor-type=\"wp-page\" data-elementor-id=\"767\" class=\"elementor elementor-767\">\n\t\t\t\t\t\t<section class=\"elementor-section elementor-top-section elementor-element elementor-element-e1b8fca elementor-section-boxed elementor-section-height-default elementor-section-height-default\" data-id=\"e1b8fca\" data-element_type=\"section\" data-e-type=\"section\">\n\t\t\t\t\t\t<div class=\"elementor-container elementor-column-gap-default\">\n\t\t\t\t\t<div class=\"elementor-column elementor-col-100 elementor-top-column elementor-element elementor-element-5de5e53\" data-id=\"5de5e53\" data-element_type=\"column\" data-e-type=\"column\">\n\t\t\t<div class=\"elementor-widget-wrap elementor-element-populated\">\n\t\t\t\t\t\t<div class=\"elementor-element elementor-element-67c54b2 elementor-widget elementor-widget-heading\" data-id=\"67c54b2\" data-element_type=\"widget\" data-e-type=\"widget\" data-widget_type=\"heading.default\">\n\t\t\t\t<div class=\"elementor-widget-container\">\n\t\t\t\t\t<h2 class=\"elementor-heading-title elementor-size-default\">Admin Hotel <\/h2>\t\t\t\t<\/div>\n\t\t\t\t<\/div>\n\t\t\t\t\t<\/div>\n\t\t<\/div>\n\t\t\t\t\t<\/div>\n\t\t<\/section>\n\t\t\t\t<section class=\"elementor-section elementor-top-section elementor-element elementor-element-ea95e7e elementor-section-boxed elementor-section-height-default elementor-section-height-default\" data-id=\"ea95e7e\" data-element_type=\"section\" data-e-type=\"section\">\n\t\t\t\t\t\t<div class=\"elementor-container elementor-column-gap-default\">\n\t\t\t\t\t<div class=\"elementor-column elementor-col-100 elementor-top-column elementor-element elementor-element-477ff80\" data-id=\"477ff80\" data-element_type=\"column\" data-e-type=\"column\">\n\t\t\t<div class=\"elementor-widget-wrap elementor-element-populated\">\n\t\t\t\t\t\t<div class=\"elementor-element elementor-element-30a9334 elementor-widget elementor-widget-text-editor\" data-id=\"30a9334\" data-element_type=\"widget\" data-e-type=\"widget\" data-widget_type=\"text-editor.default\">\n\t\t\t\t<div class=\"elementor-widget-container\">\n\t\t\t\t\t\t\t\t\t<p>En un mercado cada vez m\u00e1s competitivo, entendemos que la gesti\u00f3n efectiva de un hotel requiere no solo de una visi\u00f3n clara y estrat\u00e9gica, sino tambi\u00e9n de un enfoque innovador y una ejecuci\u00f3n impecable. Es por eso que ofrecemos servicios de consultor\u00eda en cuatro \u00e1reas clave: modelo de negocio, gerencia estrat\u00e9gica, gerencia de obras civiles y proyectos de remodelaci\u00f3n, e interventor\u00eda de obra.<\/p><p>Nuestros expertos en consultor\u00eda empresarial tienen una amplia experiencia en el sector hotelero y comprenden los desaf\u00edos y oportunidades que enfrentan los hoteles en el mercado actual. Trabajamos estrechamente con nuestros clientes para comprender sus necesidades espec\u00edficas y desarrollar soluciones personalizadas que impulsen su \u00e9xito.<\/p><p>Nuestra oferta de servicios incluye la revisi\u00f3n y optimizaci\u00f3n de modelos de negocio existentes, la definici\u00f3n de estrategias empresariales s\u00f3lidas, la gesti\u00f3n de obras civiles y proyectos de remodelaci\u00f3n con un enfoque en la eficiencia y la calidad, y la interventor\u00eda de obra para asegurar la correcta ejecuci\u00f3n de los proyectos. Nuestro objetivo es ayudar a nuestros clientes a alcanzar sus metas de negocio, optimizar sus operaciones y mejorar su competitividad en el mercado hotelero.<\/p><p>Si est\u00e1 buscando una consultor\u00eda empresarial especializada en el sector hotelero, estamos comprometidos en ofrecer soluciones integrales y de alto valor agregado para su empresa. Cont\u00e1ctenos hoy mismo para discutir c\u00f3mo podemos ayudarle a alcanzar sus objetivos empresariales y llevar su hotel al siguiente nivel<\/p>\t\t\t\t\t\t\t\t<\/div>\n\t\t\t\t<\/div>\n\t\t\t\t\t<\/div>\n\t\t<\/div>\n\t\t\t\t\t<\/div>\n\t\t<\/section>\n\t\t\t\t<section class=\"elementor-section elementor-top-section elementor-element elementor-element-baa0360 elementor-section-boxed elementor-section-height-default elementor-section-height-default\" data-id=\"baa0360\" data-element_type=\"section\" data-e-type=\"section\">\n\t\t\t\t\t\t<div class=\"elementor-container elementor-column-gap-default\">\n\t\t\t\t\t<div class=\"elementor-column elementor-col-100 elementor-top-column elementor-element elementor-element-3667ef1\" data-id=\"3667ef1\" data-element_type=\"column\" data-e-type=\"column\">\n\t\t\t<div class=\"elementor-widget-wrap elementor-element-populated\">\n\t\t\t\t\t\t<div class=\"elementor-element elementor-element-db937f9 elementor-widget elementor-widget-heading\" data-id=\"db937f9\" data-element_type=\"widget\" data-e-type=\"widget\" data-widget_type=\"heading.default\">\n\t\t\t\t<div class=\"elementor-widget-container\">\n\t\t\t\t\t<h2 class=\"elementor-heading-title elementor-size-default\">Nuestros Servicios <\/h2>\t\t\t\t<\/div>\n\t\t\t\t<\/div>\n\t\t\t\t\t<\/div>\n\t\t<\/div>\n\t\t\t\t\t<\/div>\n\t\t<\/section>\n\t\t\t\t<section class=\"elementor-section elementor-top-section elementor-element elementor-element-3852435 elementor-section-boxed elementor-section-height-default elementor-section-height-default\" data-id=\"3852435\" data-element_type=\"section\" data-e-type=\"section\">\n\t\t\t\t\t\t<div class=\"elementor-container elementor-column-gap-default\">\n\t\t\t\t\t<div class=\"elementor-column elementor-col-33 elementor-top-column elementor-element elementor-element-33103b6\" data-id=\"33103b6\" data-element_type=\"column\" data-e-type=\"column\">\n\t\t\t<div class=\"elementor-widget-wrap elementor-element-populated\">\n\t\t\t\t\t\t<div class=\"elementor-element elementor-element-212994a elementor-position-top elementor-widget elementor-widget-image-box\" data-id=\"212994a\" data-element_type=\"widget\" data-e-type=\"widget\" data-widget_type=\"image-box.default\">\n\t\t\t\t<div class=\"elementor-widget-container\">\n\t\t\t\t\t<div class=\"elementor-image-box-wrapper\"><figure class=\"elementor-image-box-img\"><img fetchpriority=\"high\" decoding=\"async\" width=\"284\" height=\"303\" src=\"https:\/\/carmarbg.com\/wp-content\/uploads\/2021\/06\/Supervision.gif\" class=\"attachment-full size-full wp-image-123\" alt=\"\" \/><\/figure><div class=\"elementor-image-box-content\"><h3 class=\"elementor-image-box-title\">Consulting<\/h3><p class=\"elementor-image-box-description\">Consultor\u00edas empresariales de alto nivel para evaluar el modelo de negocio.<\/p><\/div><\/div>\t\t\t\t<\/div>\n\t\t\t\t<\/div>\n\t\t\t\t\t<\/div>\n\t\t<\/div>\n\t\t\t\t<div class=\"elementor-column elementor-col-33 elementor-top-column elementor-element elementor-element-3b68931\" data-id=\"3b68931\" data-element_type=\"column\" data-e-type=\"column\">\n\t\t\t<div class=\"elementor-widget-wrap elementor-element-populated\">\n\t\t\t\t\t\t<div class=\"elementor-element elementor-element-f957f0e elementor-position-top elementor-widget elementor-widget-image-box\" data-id=\"f957f0e\" data-element_type=\"widget\" data-e-type=\"widget\" data-widget_type=\"image-box.default\">\n\t\t\t\t<div class=\"elementor-widget-container\">\n\t\t\t\t\t<div class=\"elementor-image-box-wrapper\"><figure class=\"elementor-image-box-img\"><img decoding=\"async\" width=\"293\" height=\"364\" src=\"https:\/\/carmarbg.com\/wp-content\/uploads\/2023\/04\/Controller-1.gif\" class=\"attachment-full size-full wp-image-747\" alt=\"\" \/><\/figure><div class=\"elementor-image-box-content\"><h3 class=\"elementor-image-box-title\">Controller<\/h3><p class=\"elementor-image-box-description\">Toda intervenci\u00f3n en un hotel requiere un Interventor especializado.<\/p><\/div><\/div>\t\t\t\t<\/div>\n\t\t\t\t<\/div>\n\t\t\t\t\t<\/div>\n\t\t<\/div>\n\t\t\t\t<div class=\"elementor-column elementor-col-33 elementor-top-column elementor-element elementor-element-52681f3\" data-id=\"52681f3\" data-element_type=\"column\" data-e-type=\"column\">\n\t\t\t<div class=\"elementor-widget-wrap elementor-element-populated\">\n\t\t\t\t\t\t<div class=\"elementor-element elementor-element-4875e49 elementor-position-top elementor-widget elementor-widget-image-box\" data-id=\"4875e49\" data-element_type=\"widget\" data-e-type=\"widget\" data-widget_type=\"image-box.default\">\n\t\t\t\t<div class=\"elementor-widget-container\">\n\t\t\t\t\t<div class=\"elementor-image-box-wrapper\"><figure class=\"elementor-image-box-img\"><img decoding=\"async\" width=\"304\" height=\"298\" src=\"https:\/\/carmarbg.com\/wp-content\/uploads\/2021\/06\/Mantenimiento-1.gif\" class=\"attachment-full size-full wp-image-130\" alt=\"\" \/><\/figure><div class=\"elementor-image-box-content\"><h3 class=\"elementor-image-box-title\">Maintenance<\/h3><p class=\"elementor-image-box-description\">Todo hotel tiene trabajos de mantenimiento pendientes, nuestra empresa lo puede hacer.<\/p><\/div><\/div>\t\t\t\t<\/div>\n\t\t\t\t<\/div>\n\t\t\t\t\t<\/div>\n\t\t<\/div>\n\t\t\t\t\t<\/div>\n\t\t<\/section>\n\t\t\t\t<section class=\"elementor-section elementor-top-section elementor-element elementor-element-a28706e elementor-section-boxed elementor-section-height-default elementor-section-height-default\" data-id=\"a28706e\" data-element_type=\"section\" data-e-type=\"section\">\n\t\t\t\t\t\t<div class=\"elementor-container elementor-column-gap-default\">\n\t\t\t\t\t<div class=\"elementor-column elementor-col-33 elementor-top-column elementor-element elementor-element-984d503\" data-id=\"984d503\" data-element_type=\"column\" data-e-type=\"column\">\n\t\t\t<div class=\"elementor-widget-wrap elementor-element-populated\">\n\t\t\t\t\t\t<div class=\"elementor-element elementor-element-78ac125 elementor-position-top elementor-widget elementor-widget-image-box\" data-id=\"78ac125\" data-element_type=\"widget\" data-e-type=\"widget\" data-widget_type=\"image-box.default\">\n\t\t\t\t<div class=\"elementor-widget-container\">\n\t\t\t\t\t<div class=\"elementor-image-box-wrapper\"><figure class=\"elementor-image-box-img\"><img loading=\"lazy\" decoding=\"async\" width=\"286\" height=\"244\" src=\"https:\/\/carmarbg.com\/wp-content\/uploads\/2021\/06\/Puestaenescena-e1683146407534.gif\" class=\"attachment-full size-full wp-image-139\" alt=\"\" \/><\/figure><div class=\"elementor-image-box-content\"><h3 class=\"elementor-image-box-title\">Staging<\/h3><p class=\"elementor-image-box-description\">Servicios t\u00e9cnicos de urgencia para tu hotel, plomeros, electricistas, instaladores y decoradores a tu disposici\u00f3n. <\/p><\/div><\/div>\t\t\t\t<\/div>\n\t\t\t\t<\/div>\n\t\t\t\t\t<\/div>\n\t\t<\/div>\n\t\t\t\t<div class=\"elementor-column elementor-col-33 elementor-top-column elementor-element elementor-element-0ef9f95\" data-id=\"0ef9f95\" data-element_type=\"column\" data-e-type=\"column\">\n\t\t\t<div class=\"elementor-widget-wrap elementor-element-populated\">\n\t\t\t\t\t\t<div class=\"elementor-element elementor-element-a28a7f0 elementor-position-top elementor-widget elementor-widget-image-box\" data-id=\"a28a7f0\" data-element_type=\"widget\" data-e-type=\"widget\" data-widget_type=\"image-box.default\">\n\t\t\t\t<div class=\"elementor-widget-container\">\n\t\t\t\t\t<div class=\"elementor-image-box-wrapper\"><figure class=\"elementor-image-box-img\"><img loading=\"lazy\" decoding=\"async\" width=\"301\" height=\"311\" src=\"https:\/\/carmarbg.com\/wp-content\/uploads\/2021\/06\/Urgencias.gif\" class=\"attachment-full size-full wp-image-137\" alt=\"\" \/><\/figure><div class=\"elementor-image-box-content\"><h3 class=\"elementor-image-box-title\">Emergency<\/h3><p class=\"elementor-image-box-description\">Servicios t\u00e9cnicos de urgencia para tu hotel, plomeros, electricistas, instaladores y decoradores a tu disposici\u00f3n. <\/p><\/div><\/div>\t\t\t\t<\/div>\n\t\t\t\t<\/div>\n\t\t\t\t\t<\/div>\n\t\t<\/div>\n\t\t\t\t<div class=\"elementor-column elementor-col-33 elementor-top-column elementor-element elementor-element-dc9ecff\" data-id=\"dc9ecff\" data-element_type=\"column\" data-e-type=\"column\">\n\t\t\t<div class=\"elementor-widget-wrap elementor-element-populated\">\n\t\t\t\t\t\t<div class=\"elementor-element elementor-element-da167de elementor-position-top elementor-widget elementor-widget-image-box\" data-id=\"da167de\" data-element_type=\"widget\" data-e-type=\"widget\" data-widget_type=\"image-box.default\">\n\t\t\t\t<div class=\"elementor-widget-container\">\n\t\t\t\t\t<div class=\"elementor-image-box-wrapper\"><figure class=\"elementor-image-box-img\"><img loading=\"lazy\" decoding=\"async\" width=\"293\" height=\"322\" src=\"https:\/\/carmarbg.com\/wp-content\/uploads\/2021\/06\/remodela.gif\" class=\"attachment-full size-full wp-image-138\" alt=\"\" \/><\/figure><div class=\"elementor-image-box-content\"><h3 class=\"elementor-image-box-title\"><span style=\"color: var( --e-global-color-primary );font-family: var( --e-global-typography-primary-font-family ), Sans-serif;font-size: 1.5rem;font-weight: var( --e-global-typography-primary-font-weight )\">Remodeling<\/span><\/h3><p class=\"elementor-image-box-description\">Siempre se puede cambiar alg\u00fan espacio o rejuvenecer el hotel. <\/p><\/div><\/div>\t\t\t\t<\/div>\n\t\t\t\t<\/div>\n\t\t\t\t\t<\/div>\n\t\t<\/div>\n\t\t\t\t\t<\/div>\n\t\t<\/section>\n\t\t\t\t<\/div>\n\t\t","protected":false},"excerpt":{"rendered":"<p>Admin Hotel En un mercado cada vez m\u00e1s competitivo, entendemos que la gesti\u00f3n efectiva de un hotel requiere no solo de una visi\u00f3n clara y estrat\u00e9gica, sino tambi\u00e9n de un enfoque innovador y una ejecuci\u00f3n impecable. Es por eso que ofrecemos servicios de consultor\u00eda en cuatro \u00e1reas clave: modelo de negocio, gerencia estrat\u00e9gica, gerencia de [&hellip;]<\/p>\n","protected":false},"author":1,"featured_media":639,"parent":265,"menu_order":0,"comment_status":"closed","ping_status":"closed","template":"","meta":{"vkexunit_cta_each_option":"","footnotes":""},"class_list":["post-767","page","type-page","status-publish","has-post-thumbnail","hentry"],"yoast_head":"<!-- This site is optimized with the Yoast SEO plugin v27.3 - https:\/\/yoast.com\/product\/yoast-seo-wordpress\/ -->\n<title>Admin Hotel - CARMAR BUSINESS GROUP<\/title>\n<meta name=\"robots\" content=\"index, follow, max-snippet:-1, max-image-preview:large, max-video-preview:-1\" \/>\n<link rel=\"canonical\" href=\"https:\/\/carmarbg.com\/index.php\/home\/adminturismo\/admin-hotel\/\" \/>\n<meta property=\"og:locale\" content=\"es_ES\" \/>\n<meta property=\"og:type\" content=\"article\" \/>\n<meta property=\"og:title\" content=\"Admin Hotel - CARMAR BUSINESS GROUP\" \/>\n<meta property=\"og:description\" content=\"Admin Hotel En un mercado cada vez m\u00e1s competitivo, entendemos que la gesti\u00f3n efectiva de un hotel requiere no solo de una visi\u00f3n clara y estrat\u00e9gica, sino tambi\u00e9n de un enfoque innovador y una ejecuci\u00f3n impecable. Es por eso que ofrecemos servicios de consultor\u00eda en cuatro \u00e1reas clave: modelo de negocio, gerencia estrat\u00e9gica, gerencia de [&hellip;]\" \/>\n<meta property=\"og:url\" content=\"https:\/\/carmarbg.com\/index.php\/home\/adminturismo\/admin-hotel\/\" \/>\n<meta property=\"og:site_name\" content=\"CARMAR BUSINESS GROUP\" \/>\n<meta property=\"article:modified_time\" content=\"2023-08-08T16:46:19+00:00\" \/>\n<meta property=\"og:image\" content=\"https:\/\/carmarbg.com\/wp-content\/uploads\/2021\/06\/Supervision.gif\" \/>\n<meta name=\"twitter:card\" content=\"summary_large_image\" \/>\n<meta name=\"twitter:label1\" content=\"Tiempo de lectura\" \/>\n\t<meta name=\"twitter:data1\" content=\"2 minutos\" \/>\n<script type=\"application\/ld+json\" class=\"yoast-schema-graph\">{\"@context\":\"https:\\\/\\\/schema.org\",\"@graph\":[{\"@type\":\"WebPage\",\"@id\":\"https:\\\/\\\/carmarbg.com\\\/index.php\\\/home\\\/adminturismo\\\/admin-hotel\\\/\",\"url\":\"https:\\\/\\\/carmarbg.com\\\/index.php\\\/home\\\/adminturismo\\\/admin-hotel\\\/\",\"name\":\"Admin Hotel - CARMAR BUSINESS GROUP\",\"isPartOf\":{\"@id\":\"https:\\\/\\\/carmarbg.com\\\/#website\"},\"primaryImageOfPage\":{\"@id\":\"https:\\\/\\\/carmarbg.com\\\/index.php\\\/home\\\/adminturismo\\\/admin-hotel\\\/#primaryimage\"},\"image\":{\"@id\":\"https:\\\/\\\/carmarbg.com\\\/index.php\\\/home\\\/adminturismo\\\/admin-hotel\\\/#primaryimage\"},\"thumbnailUrl\":\"https:\\\/\\\/carmarbg.com\\\/wp-content\\\/uploads\\\/2021\\\/06\\\/CARRERA-MARTINEZ.jpg\",\"datePublished\":\"2023-08-08T16:37:09+00:00\",\"dateModified\":\"2023-08-08T16:46:19+00:00\",\"breadcrumb\":{\"@id\":\"https:\\\/\\\/carmarbg.com\\\/index.php\\\/home\\\/adminturismo\\\/admin-hotel\\\/#breadcrumb\"},\"inLanguage\":\"es\",\"potentialAction\":[{\"@type\":\"ReadAction\",\"target\":[\"https:\\\/\\\/carmarbg.com\\\/index.php\\\/home\\\/adminturismo\\\/admin-hotel\\\/\"]}]},{\"@type\":\"ImageObject\",\"inLanguage\":\"es\",\"@id\":\"https:\\\/\\\/carmarbg.com\\\/index.php\\\/home\\\/adminturismo\\\/admin-hotel\\\/#primaryimage\",\"url\":\"https:\\\/\\\/carmarbg.com\\\/wp-content\\\/uploads\\\/2021\\\/06\\\/CARRERA-MARTINEZ.jpg\",\"contentUrl\":\"https:\\\/\\\/carmarbg.com\\\/wp-content\\\/uploads\\\/2021\\\/06\\\/CARRERA-MARTINEZ.jpg\",\"width\":1280,\"height\":720},{\"@type\":\"BreadcrumbList\",\"@id\":\"https:\\\/\\\/carmarbg.com\\\/index.php\\\/home\\\/adminturismo\\\/admin-hotel\\\/#breadcrumb\",\"itemListElement\":[{\"@type\":\"ListItem\",\"position\":1,\"name\":\"Portada\",\"item\":\"https:\\\/\\\/carmarbg.com\\\/\"},{\"@type\":\"ListItem\",\"position\":2,\"name\":\"Home\",\"item\":\"https:\\\/\\\/carmarbg.com\\\/\"},{\"@type\":\"ListItem\",\"position\":3,\"name\":\"Administraci\u00f3n de viviendas tur\u00edsticas\",\"item\":\"https:\\\/\\\/carmarbg.com\\\/index.php\\\/home\\\/adminturismo\\\/\"},{\"@type\":\"ListItem\",\"position\":4,\"name\":\"Admin Hotel\"}]},{\"@type\":\"WebSite\",\"@id\":\"https:\\\/\\\/carmarbg.com\\\/#website\",\"url\":\"https:\\\/\\\/carmarbg.com\\\/\",\"name\":\"CARMAR BUSINESS GROUP\",\"description\":\"\",\"potentialAction\":[{\"@type\":\"SearchAction\",\"target\":{\"@type\":\"EntryPoint\",\"urlTemplate\":\"https:\\\/\\\/carmarbg.com\\\/?s={search_term_string}\"},\"query-input\":{\"@type\":\"PropertyValueSpecification\",\"valueRequired\":true,\"valueName\":\"search_term_string\"}}],\"inLanguage\":\"es\"}]}<\/script>\n<!-- \/ Yoast SEO plugin. -->","yoast_head_json":{"title":"Admin Hotel - CARMAR BUSINESS GROUP","robots":{"index":"index","follow":"follow","max-snippet":"max-snippet:-1","max-image-preview":"max-image-preview:large","max-video-preview":"max-video-preview:-1"},"canonical":"https:\/\/carmarbg.com\/index.php\/home\/adminturismo\/admin-hotel\/","og_locale":"es_ES","og_type":"article","og_title":"Admin Hotel - CARMAR BUSINESS GROUP","og_description":"Admin Hotel En un mercado cada vez m\u00e1s competitivo, entendemos que la gesti\u00f3n efectiva de un hotel requiere no solo de una visi\u00f3n clara y estrat\u00e9gica, sino tambi\u00e9n de un enfoque innovador y una ejecuci\u00f3n impecable. Es por eso que ofrecemos servicios de consultor\u00eda en cuatro \u00e1reas clave: modelo de negocio, gerencia estrat\u00e9gica, gerencia de [&hellip;]","og_url":"https:\/\/carmarbg.com\/index.php\/home\/adminturismo\/admin-hotel\/","og_site_name":"CARMAR BUSINESS GROUP","article_modified_time":"2023-08-08T16:46:19+00:00","og_image":[{"url":"https:\/\/carmarbg.com\/wp-content\/uploads\/2021\/06\/Supervision.gif","type":"","width":"","height":""}],"twitter_card":"summary_large_image","twitter_misc":{"Tiempo de lectura":"2 minutos"},"schema":{"@context":"https:\/\/schema.org","@graph":[{"@type":"WebPage","@id":"https:\/\/carmarbg.com\/index.php\/home\/adminturismo\/admin-hotel\/","url":"https:\/\/carmarbg.com\/index.php\/home\/adminturismo\/admin-hotel\/","name":"Admin Hotel - CARMAR BUSINESS GROUP","isPartOf":{"@id":"https:\/\/carmarbg.com\/#website"},"primaryImageOfPage":{"@id":"https:\/\/carmarbg.com\/index.php\/home\/adminturismo\/admin-hotel\/#primaryimage"},"image":{"@id":"https:\/\/carmarbg.com\/index.php\/home\/adminturismo\/admin-hotel\/#primaryimage"},"thumbnailUrl":"https:\/\/carmarbg.com\/wp-content\/uploads\/2021\/06\/CARRERA-MARTINEZ.jpg","datePublished":"2023-08-08T16:37:09+00:00","dateModified":"2023-08-08T16:46:19+00:00","breadcrumb":{"@id":"https:\/\/carmarbg.com\/index.php\/home\/adminturismo\/admin-hotel\/#breadcrumb"},"inLanguage":"es","potentialAction":[{"@type":"ReadAction","target":["https:\/\/carmarbg.com\/index.php\/home\/adminturismo\/admin-hotel\/"]}]},{"@type":"ImageObject","inLanguage":"es","@id":"https:\/\/carmarbg.com\/index.php\/home\/adminturismo\/admin-hotel\/#primaryimage","url":"https:\/\/carmarbg.com\/wp-content\/uploads\/2021\/06\/CARRERA-MARTINEZ.jpg","contentUrl":"https:\/\/carmarbg.com\/wp-content\/uploads\/2021\/06\/CARRERA-MARTINEZ.jpg","width":1280,"height":720},{"@type":"BreadcrumbList","@id":"https:\/\/carmarbg.com\/index.php\/home\/adminturismo\/admin-hotel\/#breadcrumb","itemListElement":[{"@type":"ListItem","position":1,"name":"Portada","item":"https:\/\/carmarbg.com\/"},{"@type":"ListItem","position":2,"name":"Home","item":"https:\/\/carmarbg.com\/"},{"@type":"ListItem","position":3,"name":"Administraci\u00f3n de viviendas tur\u00edsticas","item":"https:\/\/carmarbg.com\/index.php\/home\/adminturismo\/"},{"@type":"ListItem","position":4,"name":"Admin Hotel"}]},{"@type":"WebSite","@id":"https:\/\/carmarbg.com\/#website","url":"https:\/\/carmarbg.com\/","name":"CARMAR BUSINESS GROUP","description":"","potentialAction":[{"@type":"SearchAction","target":{"@type":"EntryPoint","urlTemplate":"https:\/\/carmarbg.com\/?s={search_term_string}"},"query-input":{"@type":"PropertyValueSpecification","valueRequired":true,"valueName":"search_term_string"}}],"inLanguage":"es"}]}},"_links":{"self":[{"href":"https:\/\/carmarbg.com\/index.php\/wp-json\/wp\/v2\/pages\/767","targetHints":{"allow":["GET"]}}],"collection":[{"href":"https:\/\/carmarbg.com\/index.php\/wp-json\/wp\/v2\/pages"}],"about":[{"href":"https:\/\/carmarbg.com\/index.php\/wp-json\/wp\/v2\/types\/page"}],"author":[{"embeddable":true,"href":"https:\/\/carmarbg.com\/index.php\/wp-json\/wp\/v2\/users\/1"}],"replies":[{"embeddable":true,"href":"https:\/\/carmarbg.com\/index.php\/wp-json\/wp\/v2\/comments?post=767"}],"version-history":[{"count":5,"href":"https:\/\/carmarbg.com\/index.php\/wp-json\/wp\/v2\/pages\/767\/revisions"}],"predecessor-version":[{"id":776,"href":"https:\/\/carmarbg.com\/index.php\/wp-json\/wp\/v2\/pages\/767\/revisions\/776"}],"up":[{"embeddable":true,"href":"https:\/\/carmarbg.com\/index.php\/wp-json\/wp\/v2\/pages\/265"}],"wp:featuredmedia":[{"embeddable":true,"href":"https:\/\/carmarbg.com\/index.php\/wp-json\/wp\/v2\/media\/639"}],"wp:attachment":[{"href":"https:\/\/carmarbg.com\/index.php\/wp-json\/wp\/v2\/media?parent=767"}],"curies":[{"name":"wp","href":"https:\/\/api.w.org\/{rel}","templated":true}]}}