{"id":781,"date":"2023-08-09T21:43:46","date_gmt":"2023-08-09T21:43:46","guid":{"rendered":"https:\/\/carreraymartinez.co\/?page_id=781"},"modified":"2023-08-18T23:04:04","modified_gmt":"2023-08-18T23:04:04","slug":"quienes-somos","status":"publish","type":"page","link":"https:\/\/carmarbg.com\/index.php\/quienes-somos\/","title":{"rendered":"Quienes somos"},"content":{"rendered":"\t\t<div data-elementor-type=\"wp-page\" data-elementor-id=\"781\" class=\"elementor elementor-781\">\n\t\t\t\t\t\t<section class=\"elementor-section elementor-top-section elementor-element elementor-element-9306516 elementor-section-boxed elementor-section-height-default elementor-section-height-default\" data-id=\"9306516\" data-element_type=\"section\" data-e-type=\"section\">\n\t\t\t\t\t\t<div class=\"elementor-container elementor-column-gap-default\">\n\t\t\t\t\t<div class=\"elementor-column elementor-col-33 elementor-top-column elementor-element elementor-element-bdb9968\" data-id=\"bdb9968\" data-element_type=\"column\" data-e-type=\"column\">\n\t\t\t<div class=\"elementor-widget-wrap elementor-element-populated\">\n\t\t\t\t\t\t<div class=\"elementor-element elementor-element-0d4a597 elementor-position-top elementor-widget elementor-widget-image-box\" data-id=\"0d4a597\" data-element_type=\"widget\" data-e-type=\"widget\" data-widget_type=\"image-box.default\">\n\t\t\t\t<div class=\"elementor-widget-container\">\n\t\t\t\t\t<div class=\"elementor-image-box-wrapper\"><figure class=\"elementor-image-box-img\"><img decoding=\"async\" src=\"https:\/\/carmarbg.com\/wp-content\/uploads\/2023\/08\/JORGE-CARRERA-.jpg\" title=\"JORGE CARRER\u00c1\" alt=\"JORGE CARRER\u00c1\" loading=\"lazy\" \/><\/figure><div class=\"elementor-image-box-content\"><h3 class=\"elementor-image-box-title\">Jorge Carrer\u00e1 Valdivieso<\/h3><p class=\"elementor-image-box-description\">Co-founder de CARRER\u00c1&nbsp;&amp;&nbsp;MART\u00cdNEZ<br><br>Administrador de empresas, ex director de ACOPI Bol\u00edvar y Cruz Roja Colombiana Bol\u00edvar.<br><br> Emprendedor, empresario, experto en gerencia de PYMES, gobierno corporativo y marketing digital; actualmente Consultor Senior para COOMEVA.<\/p><\/div><\/div>\t\t\t\t<\/div>\n\t\t\t\t<\/div>\n\t\t\t\t\t<\/div>\n\t\t<\/div>\n\t\t\t\t<div class=\"elementor-column elementor-col-66 elementor-top-column elementor-element elementor-element-04829a3\" data-id=\"04829a3\" data-element_type=\"column\" data-e-type=\"column\">\n\t\t\t<div class=\"elementor-widget-wrap elementor-element-populated\">\n\t\t\t\t\t\t<div class=\"elementor-element elementor-element-2be9070 elementor-position-top elementor-widget elementor-widget-image-box\" data-id=\"2be9070\" data-element_type=\"widget\" data-e-type=\"widget\" data-widget_type=\"image-box.default\">\n\t\t\t\t<div class=\"elementor-widget-container\">\n\t\t\t\t\t<div class=\"elementor-image-box-wrapper\"><figure class=\"elementor-image-box-img\"><img decoding=\"async\" src=\"https:\/\/carmarbg.com\/wp-content\/uploads\/2023\/08\/Susana-5.png\" title=\"Susana 5\" alt=\"Susana 5\" loading=\"lazy\" \/><\/figure><div class=\"elementor-image-box-content\"><h3 class=\"elementor-image-box-title\">Susana Mart\u00ednez Bravo<\/h3><p class=\"elementor-image-box-description\">Co-founder de CARRER\u00c1 &amp; MART\u00cdNEZ<br>\nDise\u00f1adora industrial \u2013 Pontificia Universidad Javeriana \u2013 Bogot\u00e1 \u2013 Colombia \n\nMagister en gerencia de proyectos \u2013 Universidad Tecnol\u00f3gica de Bol\u00edvar \u2013 Cartagena \u2013 Colombia\n\nEmpresaria y emprendedora con amplia experiencia en direcci\u00f3n de proyectos; especial conocimiento en especificaci\u00f3n de acabados arquitect\u00f3nicos, mobiliario y dotaci\u00f3n; manejo detallado de presupuestos, compras, control de ejecuci\u00f3n e informes a interesados en proyectos de construcci\u00f3n hoteleros y residenciales.<\/p><\/div><\/div>\t\t\t\t<\/div>\n\t\t\t\t<\/div>\n\t\t\t\t\t<\/div>\n\t\t<\/div>\n\t\t\t\t\t<\/div>\n\t\t<\/section>\n\t\t\t\t<\/div>\n\t\t","protected":false},"excerpt":{"rendered":"<p>Jorge Carrer\u00e1 Valdivieso Co-founder de CARRER\u00c1&nbsp;&amp;&nbsp;MART\u00cdNEZ Administrador de empresas, ex director de ACOPI Bol\u00edvar y Cruz Roja Colombiana Bol\u00edvar. Emprendedor, empresario, experto en gerencia de PYMES, gobierno corporativo y marketing digital; actualmente Consultor Senior para COOMEVA. Susana Mart\u00ednez Bravo Co-founder de CARRER\u00c1 &amp; MART\u00cdNEZ Dise\u00f1adora industrial \u2013 Pontificia Universidad Javeriana \u2013 Bogot\u00e1 \u2013 Colombia Magister [&hellip;]<\/p>\n","protected":false},"author":1,"featured_media":639,"parent":0,"menu_order":0,"comment_status":"closed","ping_status":"closed","template":"","meta":{"vkexunit_cta_each_option":"","footnotes":""},"class_list":["post-781","page","type-page","status-publish","has-post-thumbnail","hentry"],"yoast_head":"<!-- This site is optimized with the Yoast SEO plugin v27.3 - https:\/\/yoast.com\/product\/yoast-seo-wordpress\/ -->\n<title>Quienes somos - CARMAR BUSINESS GROUP<\/title>\n<meta name=\"robots\" content=\"index, follow, max-snippet:-1, max-image-preview:large, max-video-preview:-1\" \/>\n<link rel=\"canonical\" href=\"https:\/\/carmarbg.com\/index.php\/quienes-somos\/\" \/>\n<meta property=\"og:locale\" content=\"es_ES\" \/>\n<meta property=\"og:type\" content=\"article\" \/>\n<meta property=\"og:title\" content=\"Quienes somos - CARMAR BUSINESS GROUP\" \/>\n<meta property=\"og:description\" content=\"Jorge Carrer\u00e1 Valdivieso Co-founder de CARRER\u00c1&nbsp;&amp;&nbsp;MART\u00cdNEZ Administrador de empresas, ex director de ACOPI Bol\u00edvar y Cruz Roja Colombiana Bol\u00edvar. Emprendedor, empresario, experto en gerencia de PYMES, gobierno corporativo y marketing digital; actualmente Consultor Senior para COOMEVA. Susana Mart\u00ednez Bravo Co-founder de CARRER\u00c1 &amp; MART\u00cdNEZ Dise\u00f1adora industrial \u2013 Pontificia Universidad Javeriana \u2013 Bogot\u00e1 \u2013 Colombia Magister [&hellip;]\" \/>\n<meta property=\"og:url\" content=\"https:\/\/carmarbg.com\/index.php\/quienes-somos\/\" \/>\n<meta property=\"og:site_name\" content=\"CARMAR BUSINESS GROUP\" \/>\n<meta property=\"article:modified_time\" content=\"2023-08-18T23:04:04+00:00\" \/>\n<meta property=\"og:image\" content=\"https:\/\/carmarbg.com\/wp-content\/uploads\/2023\/08\/JORGE-CARRERA-.jpg\" \/>\n<meta name=\"twitter:card\" content=\"summary_large_image\" \/>\n<meta name=\"twitter:label1\" content=\"Tiempo de lectura\" \/>\n\t<meta name=\"twitter:data1\" content=\"1 minuto\" \/>\n<script type=\"application\/ld+json\" class=\"yoast-schema-graph\">{\"@context\":\"https:\\\/\\\/schema.org\",\"@graph\":[{\"@type\":\"WebPage\",\"@id\":\"https:\\\/\\\/carmarbg.com\\\/index.php\\\/quienes-somos\\\/\",\"url\":\"https:\\\/\\\/carmarbg.com\\\/index.php\\\/quienes-somos\\\/\",\"name\":\"Quienes somos - CARMAR BUSINESS GROUP\",\"isPartOf\":{\"@id\":\"https:\\\/\\\/carmarbg.com\\\/#website\"},\"primaryImageOfPage\":{\"@id\":\"https:\\\/\\\/carmarbg.com\\\/index.php\\\/quienes-somos\\\/#primaryimage\"},\"image\":{\"@id\":\"https:\\\/\\\/carmarbg.com\\\/index.php\\\/quienes-somos\\\/#primaryimage\"},\"thumbnailUrl\":\"https:\\\/\\\/carmarbg.com\\\/wp-content\\\/uploads\\\/2021\\\/06\\\/CARRERA-MARTINEZ.jpg\",\"datePublished\":\"2023-08-09T21:43:46+00:00\",\"dateModified\":\"2023-08-18T23:04:04+00:00\",\"breadcrumb\":{\"@id\":\"https:\\\/\\\/carmarbg.com\\\/index.php\\\/quienes-somos\\\/#breadcrumb\"},\"inLanguage\":\"es\",\"potentialAction\":[{\"@type\":\"ReadAction\",\"target\":[\"https:\\\/\\\/carmarbg.com\\\/index.php\\\/quienes-somos\\\/\"]}]},{\"@type\":\"ImageObject\",\"inLanguage\":\"es\",\"@id\":\"https:\\\/\\\/carmarbg.com\\\/index.php\\\/quienes-somos\\\/#primaryimage\",\"url\":\"https:\\\/\\\/carmarbg.com\\\/wp-content\\\/uploads\\\/2021\\\/06\\\/CARRERA-MARTINEZ.jpg\",\"contentUrl\":\"https:\\\/\\\/carmarbg.com\\\/wp-content\\\/uploads\\\/2021\\\/06\\\/CARRERA-MARTINEZ.jpg\",\"width\":1280,\"height\":720},{\"@type\":\"BreadcrumbList\",\"@id\":\"https:\\\/\\\/carmarbg.com\\\/index.php\\\/quienes-somos\\\/#breadcrumb\",\"itemListElement\":[{\"@type\":\"ListItem\",\"position\":1,\"name\":\"Portada\",\"item\":\"https:\\\/\\\/carmarbg.com\\\/\"},{\"@type\":\"ListItem\",\"position\":2,\"name\":\"Quienes somos\"}]},{\"@type\":\"WebSite\",\"@id\":\"https:\\\/\\\/carmarbg.com\\\/#website\",\"url\":\"https:\\\/\\\/carmarbg.com\\\/\",\"name\":\"CARMAR BUSINESS GROUP\",\"description\":\"\",\"potentialAction\":[{\"@type\":\"SearchAction\",\"target\":{\"@type\":\"EntryPoint\",\"urlTemplate\":\"https:\\\/\\\/carmarbg.com\\\/?s={search_term_string}\"},\"query-input\":{\"@type\":\"PropertyValueSpecification\",\"valueRequired\":true,\"valueName\":\"search_term_string\"}}],\"inLanguage\":\"es\"}]}<\/script>\n<!-- \/ Yoast SEO plugin. -->","yoast_head_json":{"title":"Quienes somos - CARMAR BUSINESS GROUP","robots":{"index":"index","follow":"follow","max-snippet":"max-snippet:-1","max-image-preview":"max-image-preview:large","max-video-preview":"max-video-preview:-1"},"canonical":"https:\/\/carmarbg.com\/index.php\/quienes-somos\/","og_locale":"es_ES","og_type":"article","og_title":"Quienes somos - CARMAR BUSINESS GROUP","og_description":"Jorge Carrer\u00e1 Valdivieso Co-founder de CARRER\u00c1&nbsp;&amp;&nbsp;MART\u00cdNEZ Administrador de empresas, ex director de ACOPI Bol\u00edvar y Cruz Roja Colombiana Bol\u00edvar. Emprendedor, empresario, experto en gerencia de PYMES, gobierno corporativo y marketing digital; actualmente Consultor Senior para COOMEVA. Susana Mart\u00ednez Bravo Co-founder de CARRER\u00c1 &amp; MART\u00cdNEZ Dise\u00f1adora industrial \u2013 Pontificia Universidad Javeriana \u2013 Bogot\u00e1 \u2013 Colombia Magister [&hellip;]","og_url":"https:\/\/carmarbg.com\/index.php\/quienes-somos\/","og_site_name":"CARMAR BUSINESS GROUP","article_modified_time":"2023-08-18T23:04:04+00:00","og_image":[{"url":"https:\/\/carmarbg.com\/wp-content\/uploads\/2023\/08\/JORGE-CARRERA-.jpg","type":"","width":"","height":""}],"twitter_card":"summary_large_image","twitter_misc":{"Tiempo de lectura":"1 minuto"},"schema":{"@context":"https:\/\/schema.org","@graph":[{"@type":"WebPage","@id":"https:\/\/carmarbg.com\/index.php\/quienes-somos\/","url":"https:\/\/carmarbg.com\/index.php\/quienes-somos\/","name":"Quienes somos - CARMAR BUSINESS GROUP","isPartOf":{"@id":"https:\/\/carmarbg.com\/#website"},"primaryImageOfPage":{"@id":"https:\/\/carmarbg.com\/index.php\/quienes-somos\/#primaryimage"},"image":{"@id":"https:\/\/carmarbg.com\/index.php\/quienes-somos\/#primaryimage"},"thumbnailUrl":"https:\/\/carmarbg.com\/wp-content\/uploads\/2021\/06\/CARRERA-MARTINEZ.jpg","datePublished":"2023-08-09T21:43:46+00:00","dateModified":"2023-08-18T23:04:04+00:00","breadcrumb":{"@id":"https:\/\/carmarbg.com\/index.php\/quienes-somos\/#breadcrumb"},"inLanguage":"es","potentialAction":[{"@type":"ReadAction","target":["https:\/\/carmarbg.com\/index.php\/quienes-somos\/"]}]},{"@type":"ImageObject","inLanguage":"es","@id":"https:\/\/carmarbg.com\/index.php\/quienes-somos\/#primaryimage","url":"https:\/\/carmarbg.com\/wp-content\/uploads\/2021\/06\/CARRERA-MARTINEZ.jpg","contentUrl":"https:\/\/carmarbg.com\/wp-content\/uploads\/2021\/06\/CARRERA-MARTINEZ.jpg","width":1280,"height":720},{"@type":"BreadcrumbList","@id":"https:\/\/carmarbg.com\/index.php\/quienes-somos\/#breadcrumb","itemListElement":[{"@type":"ListItem","position":1,"name":"Portada","item":"https:\/\/carmarbg.com\/"},{"@type":"ListItem","position":2,"name":"Quienes somos"}]},{"@type":"WebSite","@id":"https:\/\/carmarbg.com\/#website","url":"https:\/\/carmarbg.com\/","name":"CARMAR BUSINESS GROUP","description":"","potentialAction":[{"@type":"SearchAction","target":{"@type":"EntryPoint","urlTemplate":"https:\/\/carmarbg.com\/?s={search_term_string}"},"query-input":{"@type":"PropertyValueSpecification","valueRequired":true,"valueName":"search_term_string"}}],"inLanguage":"es"}]}},"_links":{"self":[{"href":"https:\/\/carmarbg.com\/index.php\/wp-json\/wp\/v2\/pages\/781","targetHints":{"allow":["GET"]}}],"collection":[{"href":"https:\/\/carmarbg.com\/index.php\/wp-json\/wp\/v2\/pages"}],"about":[{"href":"https:\/\/carmarbg.com\/index.php\/wp-json\/wp\/v2\/types\/page"}],"author":[{"embeddable":true,"href":"https:\/\/carmarbg.com\/index.php\/wp-json\/wp\/v2\/users\/1"}],"replies":[{"embeddable":true,"href":"https:\/\/carmarbg.com\/index.php\/wp-json\/wp\/v2\/comments?post=781"}],"version-history":[{"count":24,"href":"https:\/\/carmarbg.com\/index.php\/wp-json\/wp\/v2\/pages\/781\/revisions"}],"predecessor-version":[{"id":1538,"href":"https:\/\/carmarbg.com\/index.php\/wp-json\/wp\/v2\/pages\/781\/revisions\/1538"}],"wp:featuredmedia":[{"embeddable":true,"href":"https:\/\/carmarbg.com\/index.php\/wp-json\/wp\/v2\/media\/639"}],"wp:attachment":[{"href":"https:\/\/carmarbg.com\/index.php\/wp-json\/wp\/v2\/media?parent=781"}],"curies":[{"name":"wp","href":"https:\/\/api.w.org\/{rel}","templated":true}]}}