{"id":787,"date":"2023-08-09T21:46:35","date_gmt":"2023-08-09T21:46:35","guid":{"rendered":"https:\/\/carreraymartinez.co\/?page_id=787"},"modified":"2023-08-16T21:52:01","modified_gmt":"2023-08-16T21:52:01","slug":"asesorias-y-consultorias","status":"publish","type":"page","link":"https:\/\/carmarbg.com\/index.php\/home\/asesorias-y-consultorias\/","title":{"rendered":"Asesor\u00edas y Consultor\u00edas"},"content":{"rendered":"\t\t<div data-elementor-type=\"wp-page\" data-elementor-id=\"787\" class=\"elementor elementor-787\">\n\t\t\t\t\t\t<section class=\"elementor-section elementor-top-section elementor-element elementor-element-93c5f8e elementor-section-boxed elementor-section-height-default elementor-section-height-default\" data-id=\"93c5f8e\" data-element_type=\"section\" data-e-type=\"section\">\n\t\t\t\t\t\t<div class=\"elementor-container elementor-column-gap-default\">\n\t\t\t\t\t<div class=\"elementor-column elementor-col-100 elementor-top-column elementor-element elementor-element-8e6cb4c\" data-id=\"8e6cb4c\" data-element_type=\"column\" data-e-type=\"column\">\n\t\t\t<div class=\"elementor-widget-wrap elementor-element-populated\">\n\t\t\t\t\t\t<div class=\"elementor-element elementor-element-cc12660 elementor-widget elementor-widget-heading\" data-id=\"cc12660\" data-element_type=\"widget\" data-e-type=\"widget\" data-widget_type=\"heading.default\">\n\t\t\t\t<div class=\"elementor-widget-container\">\n\t\t\t\t\t<h2 class=\"elementor-heading-title elementor-size-default\">Razones que nos inspiran<\/h2>\t\t\t\t<\/div>\n\t\t\t\t<\/div>\n\t\t\t\t\t<\/div>\n\t\t<\/div>\n\t\t\t\t\t<\/div>\n\t\t<\/section>\n\t\t\t\t<section class=\"elementor-section elementor-top-section elementor-element elementor-element-6894046 elementor-section-boxed elementor-section-height-default elementor-section-height-default\" data-id=\"6894046\" data-element_type=\"section\" data-e-type=\"section\">\n\t\t\t\t\t\t<div class=\"elementor-container elementor-column-gap-default\">\n\t\t\t\t\t<div class=\"elementor-column elementor-col-100 elementor-top-column elementor-element elementor-element-5fb6596\" data-id=\"5fb6596\" data-element_type=\"column\" data-e-type=\"column\">\n\t\t\t<div class=\"elementor-widget-wrap elementor-element-populated\">\n\t\t\t\t\t\t<div class=\"elementor-element elementor-element-1728d7a elementor-widget elementor-widget-text-editor\" data-id=\"1728d7a\" data-element_type=\"widget\" data-e-type=\"widget\" data-widget_type=\"text-editor.default\">\n\t\t\t\t<div class=\"elementor-widget-container\">\n\t\t\t\t\t\t\t\t\t<p>En muchas oportunidades nuestro esfuerzo ha estado concentrado en el dirigir, ejecutar y comercializar; pero a lo largo de nuestra experiencia hemos encontrado la importancia y el valor que podemos dar a empresas, empresarios y proyectos cuando ayudamos, apoyamos y acompa\u00f1amos.<\/p><p>Encontramos empresas que necesitan un acompa\u00f1amiento guiado para procesos de planeaci\u00f3n estrat\u00e9gica, de relevo generacional y consultor\u00edas especializadas.\u00a0 Participamos en eventos como conferencistas y dictamos talleres enfocados al emprendimiento en \u00e1reas espec\u00edficas.<\/p><p>Tambi\u00e9n hemos participado en proyectos donde nuestra tarea es engranar especialidades, hacer empalmes de procesos y acompa\u00f1ar momentos complejos, como son el fin de una obra, el inicio de una operaci\u00f3n hotelera, el proceso de una remodelaci\u00f3n programada de una propiedad de gran tama\u00f1o, con sus an\u00e1lisis de costos e informes a los interesados que estos momentos requieren.\u00a0<\/p><p>Y aunque nuestra experiencia no est\u00e1 directamente relacionada a actividades netas de finca ra\u00edz, nuestra experiencia nos permite acompa\u00f1ar a posibles compradores con recomendaciones espec\u00edficas como agentes inmobiliarios, zonas id\u00f3neas seg\u00fan sus expectativas y calidad de la edificaci\u00f3n y de acabados del inmueble.\u00a0<\/p><p>Siempre estamos aprendiendo y capacit\u00e1ndonos para poder aportar cada vez m\u00e1s en cada uno de estos grandes cap\u00edtulos.\u00a0<\/p>\t\t\t\t\t\t\t\t<\/div>\n\t\t\t\t<\/div>\n\t\t\t\t\t<\/div>\n\t\t<\/div>\n\t\t\t\t\t<\/div>\n\t\t<\/section>\n\t\t\t\t<section class=\"elementor-section elementor-top-section elementor-element elementor-element-a3a0754 elementor-section-boxed elementor-section-height-default elementor-section-height-default\" data-id=\"a3a0754\" data-element_type=\"section\" data-e-type=\"section\">\n\t\t\t\t\t\t<div class=\"elementor-container elementor-column-gap-default\">\n\t\t\t\t\t<div class=\"elementor-column elementor-col-50 elementor-top-column elementor-element elementor-element-5b3fbd8\" data-id=\"5b3fbd8\" data-element_type=\"column\" data-e-type=\"column\">\n\t\t\t<div class=\"elementor-widget-wrap elementor-element-populated\">\n\t\t\t\t\t\t<div class=\"elementor-element elementor-element-ec4c55d elementor-position-top elementor-widget elementor-widget-image-box\" data-id=\"ec4c55d\" data-element_type=\"widget\" data-e-type=\"widget\" data-widget_type=\"image-box.default\">\n\t\t\t\t<div class=\"elementor-widget-container\">\n\t\t\t\t\t<div class=\"elementor-image-box-wrapper\"><figure class=\"elementor-image-box-img\"><a href=\"https:\/\/carmarbg.com\/index.php\/home\/asesorias-y-consultorias\/consultorias-empresariales\/\" tabindex=\"-1\"><img fetchpriority=\"high\" decoding=\"async\" width=\"597\" height=\"392\" src=\"https:\/\/carmarbg.com\/wp-content\/uploads\/2023\/08\/CONSULTORIAS-JC-2.png\" class=\"attachment-full size-full wp-image-1302\" alt=\"\" srcset=\"https:\/\/carmarbg.com\/wp-content\/uploads\/2023\/08\/CONSULTORIAS-JC-2.png 597w, https:\/\/carmarbg.com\/wp-content\/uploads\/2023\/08\/CONSULTORIAS-JC-2-300x197.png 300w\" sizes=\"(max-width: 597px) 100vw, 597px\" \/><\/a><\/figure><div class=\"elementor-image-box-content\"><h3 class=\"elementor-image-box-title\"><a href=\"https:\/\/carmarbg.com\/index.php\/home\/asesorias-y-consultorias\/consultorias-empresariales\/\"><br>Consultor\u00edas empresariales, conferencias y talleres<\/a><\/h3><\/div><\/div>\t\t\t\t<\/div>\n\t\t\t\t<\/div>\n\t\t\t\t\t<\/div>\n\t\t<\/div>\n\t\t\t\t<div class=\"elementor-column elementor-col-50 elementor-top-column elementor-element elementor-element-167ae7f\" data-id=\"167ae7f\" data-element_type=\"column\" data-e-type=\"column\">\n\t\t\t<div class=\"elementor-widget-wrap elementor-element-populated\">\n\t\t\t\t\t\t<div class=\"elementor-element elementor-element-7da6643 elementor-position-top elementor-widget elementor-widget-image-box\" data-id=\"7da6643\" data-element_type=\"widget\" data-e-type=\"widget\" data-widget_type=\"image-box.default\">\n\t\t\t\t<div class=\"elementor-widget-container\">\n\t\t\t\t\t<div class=\"elementor-image-box-wrapper\"><figure class=\"elementor-image-box-img\"><a href=\"https:\/\/carmarbg.com\/index.php\/home\/asesorias-y-consultorias\/consultorias-y-asesorias-en-proyectos-hoteleros-y-residenciales\/\" tabindex=\"-1\"><img decoding=\"async\" width=\"215\" height=\"225\" src=\"https:\/\/carmarbg.com\/wp-content\/uploads\/2023\/08\/SUSANA-1.png\" class=\"attachment-full size-full wp-image-1390\" alt=\"\" \/><\/a><\/figure><div class=\"elementor-image-box-content\"><h3 class=\"elementor-image-box-title\"><a href=\"https:\/\/carmarbg.com\/index.php\/home\/asesorias-y-consultorias\/consultorias-y-asesorias-en-proyectos-hoteleros-y-residenciales\/\">Consultor\u00edas y asesor\u00edas en proyectos hoteleros y residenciales<\/a><\/h3><\/div><\/div>\t\t\t\t<\/div>\n\t\t\t\t<\/div>\n\t\t\t\t\t<\/div>\n\t\t<\/div>\n\t\t\t\t\t<\/div>\n\t\t<\/section>\n\t\t\t\t<\/div>\n\t\t","protected":false},"excerpt":{"rendered":"<p>Razones que nos inspiran En muchas oportunidades nuestro esfuerzo ha estado concentrado en el dirigir, ejecutar y comercializar; pero a lo largo de nuestra experiencia hemos encontrado la importancia y el valor que podemos dar a empresas, empresarios y proyectos cuando ayudamos, apoyamos y acompa\u00f1amos. Encontramos empresas que necesitan un acompa\u00f1amiento guiado para procesos de [&hellip;]<\/p>\n","protected":false},"author":1,"featured_media":639,"parent":21,"menu_order":0,"comment_status":"closed","ping_status":"closed","template":"","meta":{"vkexunit_cta_each_option":"","footnotes":""},"class_list":["post-787","page","type-page","status-publish","has-post-thumbnail","hentry"],"yoast_head":"<!-- This site is optimized with the Yoast SEO plugin v27.3 - https:\/\/yoast.com\/product\/yoast-seo-wordpress\/ -->\n<title>Asesor\u00edas y Consultor\u00edas - CARMAR BUSINESS GROUP<\/title>\n<meta name=\"robots\" content=\"index, follow, max-snippet:-1, max-image-preview:large, max-video-preview:-1\" \/>\n<link rel=\"canonical\" href=\"https:\/\/carmarbg.com\/index.php\/home\/asesorias-y-consultorias\/\" \/>\n<meta property=\"og:locale\" content=\"es_ES\" \/>\n<meta property=\"og:type\" content=\"article\" \/>\n<meta property=\"og:title\" content=\"Asesor\u00edas y Consultor\u00edas - CARMAR BUSINESS GROUP\" \/>\n<meta property=\"og:description\" content=\"Razones que nos inspiran En muchas oportunidades nuestro esfuerzo ha estado concentrado en el dirigir, ejecutar y comercializar; pero a lo largo de nuestra experiencia hemos encontrado la importancia y el valor que podemos dar a empresas, empresarios y proyectos cuando ayudamos, apoyamos y acompa\u00f1amos. Encontramos empresas que necesitan un acompa\u00f1amiento guiado para procesos de [&hellip;]\" \/>\n<meta property=\"og:url\" content=\"https:\/\/carmarbg.com\/index.php\/home\/asesorias-y-consultorias\/\" \/>\n<meta property=\"og:site_name\" content=\"CARMAR BUSINESS GROUP\" \/>\n<meta property=\"article:modified_time\" content=\"2023-08-16T21:52:01+00:00\" \/>\n<meta property=\"og:image\" content=\"https:\/\/carmarbg.com\/wp-content\/uploads\/2023\/08\/CONSULTORIAS-JC-2.png\" \/>\n<meta name=\"twitter:card\" content=\"summary_large_image\" \/>\n<meta name=\"twitter:label1\" content=\"Tiempo de lectura\" \/>\n\t<meta name=\"twitter:data1\" content=\"1 minuto\" \/>\n<script type=\"application\/ld+json\" class=\"yoast-schema-graph\">{\"@context\":\"https:\\\/\\\/schema.org\",\"@graph\":[{\"@type\":\"WebPage\",\"@id\":\"https:\\\/\\\/carmarbg.com\\\/index.php\\\/home\\\/asesorias-y-consultorias\\\/\",\"url\":\"https:\\\/\\\/carmarbg.com\\\/index.php\\\/home\\\/asesorias-y-consultorias\\\/\",\"name\":\"Asesor\u00edas y Consultor\u00edas - CARMAR BUSINESS GROUP\",\"isPartOf\":{\"@id\":\"https:\\\/\\\/carmarbg.com\\\/#website\"},\"primaryImageOfPage\":{\"@id\":\"https:\\\/\\\/carmarbg.com\\\/index.php\\\/home\\\/asesorias-y-consultorias\\\/#primaryimage\"},\"image\":{\"@id\":\"https:\\\/\\\/carmarbg.com\\\/index.php\\\/home\\\/asesorias-y-consultorias\\\/#primaryimage\"},\"thumbnailUrl\":\"https:\\\/\\\/carmarbg.com\\\/wp-content\\\/uploads\\\/2021\\\/06\\\/CARRERA-MARTINEZ.jpg\",\"datePublished\":\"2023-08-09T21:46:35+00:00\",\"dateModified\":\"2023-08-16T21:52:01+00:00\",\"breadcrumb\":{\"@id\":\"https:\\\/\\\/carmarbg.com\\\/index.php\\\/home\\\/asesorias-y-consultorias\\\/#breadcrumb\"},\"inLanguage\":\"es\",\"potentialAction\":[{\"@type\":\"ReadAction\",\"target\":[\"https:\\\/\\\/carmarbg.com\\\/index.php\\\/home\\\/asesorias-y-consultorias\\\/\"]}]},{\"@type\":\"ImageObject\",\"inLanguage\":\"es\",\"@id\":\"https:\\\/\\\/carmarbg.com\\\/index.php\\\/home\\\/asesorias-y-consultorias\\\/#primaryimage\",\"url\":\"https:\\\/\\\/carmarbg.com\\\/wp-content\\\/uploads\\\/2021\\\/06\\\/CARRERA-MARTINEZ.jpg\",\"contentUrl\":\"https:\\\/\\\/carmarbg.com\\\/wp-content\\\/uploads\\\/2021\\\/06\\\/CARRERA-MARTINEZ.jpg\",\"width\":1280,\"height\":720},{\"@type\":\"BreadcrumbList\",\"@id\":\"https:\\\/\\\/carmarbg.com\\\/index.php\\\/home\\\/asesorias-y-consultorias\\\/#breadcrumb\",\"itemListElement\":[{\"@type\":\"ListItem\",\"position\":1,\"name\":\"Portada\",\"item\":\"https:\\\/\\\/carmarbg.com\\\/\"},{\"@type\":\"ListItem\",\"position\":2,\"name\":\"Home\",\"item\":\"https:\\\/\\\/carmarbg.com\\\/\"},{\"@type\":\"ListItem\",\"position\":3,\"name\":\"Asesor\u00edas y Consultor\u00edas\"}]},{\"@type\":\"WebSite\",\"@id\":\"https:\\\/\\\/carmarbg.com\\\/#website\",\"url\":\"https:\\\/\\\/carmarbg.com\\\/\",\"name\":\"CARMAR BUSINESS GROUP\",\"description\":\"\",\"potentialAction\":[{\"@type\":\"SearchAction\",\"target\":{\"@type\":\"EntryPoint\",\"urlTemplate\":\"https:\\\/\\\/carmarbg.com\\\/?s={search_term_string}\"},\"query-input\":{\"@type\":\"PropertyValueSpecification\",\"valueRequired\":true,\"valueName\":\"search_term_string\"}}],\"inLanguage\":\"es\"}]}<\/script>\n<!-- \/ Yoast SEO plugin. -->","yoast_head_json":{"title":"Asesor\u00edas y Consultor\u00edas - CARMAR BUSINESS GROUP","robots":{"index":"index","follow":"follow","max-snippet":"max-snippet:-1","max-image-preview":"max-image-preview:large","max-video-preview":"max-video-preview:-1"},"canonical":"https:\/\/carmarbg.com\/index.php\/home\/asesorias-y-consultorias\/","og_locale":"es_ES","og_type":"article","og_title":"Asesor\u00edas y Consultor\u00edas - CARMAR BUSINESS GROUP","og_description":"Razones que nos inspiran En muchas oportunidades nuestro esfuerzo ha estado concentrado en el dirigir, ejecutar y comercializar; pero a lo largo de nuestra experiencia hemos encontrado la importancia y el valor que podemos dar a empresas, empresarios y proyectos cuando ayudamos, apoyamos y acompa\u00f1amos. Encontramos empresas que necesitan un acompa\u00f1amiento guiado para procesos de [&hellip;]","og_url":"https:\/\/carmarbg.com\/index.php\/home\/asesorias-y-consultorias\/","og_site_name":"CARMAR BUSINESS GROUP","article_modified_time":"2023-08-16T21:52:01+00:00","og_image":[{"url":"https:\/\/carmarbg.com\/wp-content\/uploads\/2023\/08\/CONSULTORIAS-JC-2.png","type":"","width":"","height":""}],"twitter_card":"summary_large_image","twitter_misc":{"Tiempo de lectura":"1 minuto"},"schema":{"@context":"https:\/\/schema.org","@graph":[{"@type":"WebPage","@id":"https:\/\/carmarbg.com\/index.php\/home\/asesorias-y-consultorias\/","url":"https:\/\/carmarbg.com\/index.php\/home\/asesorias-y-consultorias\/","name":"Asesor\u00edas y Consultor\u00edas - CARMAR BUSINESS GROUP","isPartOf":{"@id":"https:\/\/carmarbg.com\/#website"},"primaryImageOfPage":{"@id":"https:\/\/carmarbg.com\/index.php\/home\/asesorias-y-consultorias\/#primaryimage"},"image":{"@id":"https:\/\/carmarbg.com\/index.php\/home\/asesorias-y-consultorias\/#primaryimage"},"thumbnailUrl":"https:\/\/carmarbg.com\/wp-content\/uploads\/2021\/06\/CARRERA-MARTINEZ.jpg","datePublished":"2023-08-09T21:46:35+00:00","dateModified":"2023-08-16T21:52:01+00:00","breadcrumb":{"@id":"https:\/\/carmarbg.com\/index.php\/home\/asesorias-y-consultorias\/#breadcrumb"},"inLanguage":"es","potentialAction":[{"@type":"ReadAction","target":["https:\/\/carmarbg.com\/index.php\/home\/asesorias-y-consultorias\/"]}]},{"@type":"ImageObject","inLanguage":"es","@id":"https:\/\/carmarbg.com\/index.php\/home\/asesorias-y-consultorias\/#primaryimage","url":"https:\/\/carmarbg.com\/wp-content\/uploads\/2021\/06\/CARRERA-MARTINEZ.jpg","contentUrl":"https:\/\/carmarbg.com\/wp-content\/uploads\/2021\/06\/CARRERA-MARTINEZ.jpg","width":1280,"height":720},{"@type":"BreadcrumbList","@id":"https:\/\/carmarbg.com\/index.php\/home\/asesorias-y-consultorias\/#breadcrumb","itemListElement":[{"@type":"ListItem","position":1,"name":"Portada","item":"https:\/\/carmarbg.com\/"},{"@type":"ListItem","position":2,"name":"Home","item":"https:\/\/carmarbg.com\/"},{"@type":"ListItem","position":3,"name":"Asesor\u00edas y Consultor\u00edas"}]},{"@type":"WebSite","@id":"https:\/\/carmarbg.com\/#website","url":"https:\/\/carmarbg.com\/","name":"CARMAR BUSINESS GROUP","description":"","potentialAction":[{"@type":"SearchAction","target":{"@type":"EntryPoint","urlTemplate":"https:\/\/carmarbg.com\/?s={search_term_string}"},"query-input":{"@type":"PropertyValueSpecification","valueRequired":true,"valueName":"search_term_string"}}],"inLanguage":"es"}]}},"_links":{"self":[{"href":"https:\/\/carmarbg.com\/index.php\/wp-json\/wp\/v2\/pages\/787","targetHints":{"allow":["GET"]}}],"collection":[{"href":"https:\/\/carmarbg.com\/index.php\/wp-json\/wp\/v2\/pages"}],"about":[{"href":"https:\/\/carmarbg.com\/index.php\/wp-json\/wp\/v2\/types\/page"}],"author":[{"embeddable":true,"href":"https:\/\/carmarbg.com\/index.php\/wp-json\/wp\/v2\/users\/1"}],"replies":[{"embeddable":true,"href":"https:\/\/carmarbg.com\/index.php\/wp-json\/wp\/v2\/comments?post=787"}],"version-history":[{"count":25,"href":"https:\/\/carmarbg.com\/index.php\/wp-json\/wp\/v2\/pages\/787\/revisions"}],"predecessor-version":[{"id":1403,"href":"https:\/\/carmarbg.com\/index.php\/wp-json\/wp\/v2\/pages\/787\/revisions\/1403"}],"up":[{"embeddable":true,"href":"https:\/\/carmarbg.com\/index.php\/wp-json\/wp\/v2\/pages\/21"}],"wp:featuredmedia":[{"embeddable":true,"href":"https:\/\/carmarbg.com\/index.php\/wp-json\/wp\/v2\/media\/639"}],"wp:attachment":[{"href":"https:\/\/carmarbg.com\/index.php\/wp-json\/wp\/v2\/media?parent=787"}],"curies":[{"name":"wp","href":"https:\/\/api.w.org\/{rel}","templated":true}]}}