{"id":805,"date":"2023-08-09T22:04:23","date_gmt":"2023-08-09T22:04:23","guid":{"rendered":"https:\/\/carreraymartinez.co\/?page_id=805"},"modified":"2023-08-16T21:04:56","modified_gmt":"2023-08-16T21:04:56","slug":"consultorias-empresariales","status":"publish","type":"page","link":"https:\/\/carmarbg.com\/index.php\/home\/asesorias-y-consultorias\/consultorias-empresariales\/","title":{"rendered":"Consultor\u00edas empresariales, conferencias y talleres"},"content":{"rendered":"\t\t<div data-elementor-type=\"wp-page\" data-elementor-id=\"805\" class=\"elementor elementor-805\">\n\t\t\t\t\t\t<section class=\"elementor-section elementor-top-section elementor-element elementor-element-dd3e6ca elementor-section-boxed elementor-section-height-default elementor-section-height-default\" data-id=\"dd3e6ca\" data-element_type=\"section\" data-e-type=\"section\">\n\t\t\t\t\t\t<div class=\"elementor-container elementor-column-gap-default\">\n\t\t\t\t\t<div class=\"elementor-column elementor-col-100 elementor-top-column elementor-element elementor-element-5355255\" data-id=\"5355255\" data-element_type=\"column\" data-e-type=\"column\">\n\t\t\t<div class=\"elementor-widget-wrap elementor-element-populated\">\n\t\t\t\t\t\t<div class=\"elementor-element elementor-element-49e4db9 elementor-widget elementor-widget-text-editor\" data-id=\"49e4db9\" data-element_type=\"widget\" data-e-type=\"widget\" data-widget_type=\"text-editor.default\">\n\t\t\t\t<div class=\"elementor-widget-container\">\n\t\t\t\t\t\t\t\t\t<p>En el camino como empresarios, emprendedores y directivos gremiales, ha sido fundamental el investigar y capacitarnos para entender los retos y desaf\u00edos que afrontamos todos los empresarios, especialmente los peque\u00f1os, medianos empresarios y emprendedores.<\/p><p>Encontramos que existe una brecha importante entre la percepci\u00f3n de los empresarios colombianos sobre sus capacidades gerenciales y la calificaci\u00f3n real que evidencian encuestas mundiales en este tema. Siendo mucha m\u00e1s alta la percepci\u00f3n que la calificaci\u00f3n real, evidenciando vac\u00edos en habilidades importantes para el desarrollo empresarial en general.<\/p><p>Seg\u00fan el documento COMPES 4011, las principales barreras para el ecosistema en Colombia son:\u00a0<\/p><ul><li><span style=\"color: var( --e-global-color-text ); font-family: var( --e-global-typography-text-font-family ), Sans-serif; font-weight: var( --e-global-typography-text-font-weight ); font-size: var(--vk-size-text);\">Insuficientes habilidades y competencias para el emprendimiento<\/span><\/li><li><span style=\"color: var( --e-global-color-text ); font-family: var( --e-global-typography-text-font-family ), Sans-serif; font-size: var(--vk-size-text); font-weight: var( --e-global-typography-text-font-weight );\">Inadecuado acceso e incipiente desarrollo de mecanismos de financiamiento<\/span><\/li><li><span style=\"color: var( --e-global-color-text ); font-family: var( --e-global-typography-text-font-family ), Sans-serif; font-size: var(--vk-size-text); font-weight: var( --e-global-typography-text-font-weight );\">D\u00e9biles redes y baja comercializaci\u00f3n de los emprendimientos<\/span><\/li><li><span style=\"color: var( --e-global-color-text ); font-family: var( --e-global-typography-text-font-family ), Sans-serif; font-size: var(--vk-size-text); font-weight: var( --e-global-typography-text-font-weight );\">Limitado desarrollo tecnol\u00f3gico e innovaci\u00f3n<\/span><\/li><li><span style=\"color: var( --e-global-color-text ); font-family: var( --e-global-typography-text-font-family ), Sans-serif; font-size: var(--vk-size-text); font-weight: var( --e-global-typography-text-font-weight );\">Debilidades en la institucionalidad que apoya el ecosistema emprendedor.\u00a0<\/span><\/li><\/ul><p>Estas\u00a0<span style=\"color: var( --e-global-color-text ); font-family: var( --e-global-typography-text-font-family ), Sans-serif; font-weight: var( --e-global-typography-text-font-weight ); font-size: var(--vk-size-text);\">insuficientes habilidades y competencias para el emprendimiento identifican un bajo desarrollo de las habilidades blandas de los emprendedores como son la inteligencia emocional, el pensamiento cr\u00edtico, el liderazgo, la resiliencia entre otras; as\u00ed como deficiencias tambi\u00e9n en las habilidades duras y conocimientos espec\u00edficos para el emprendimiento.<\/span><\/p><p>Estas son algunas de las razones por las que iniciamos desde hace 10 a\u00f1os con este compromiso de responsabilidad social empresarial de transmitir desde diferentes escenarios y modalidades, herramientas que sirvan de apoyo y guia a personas, empleados, emprendedores y empresarios.<\/p>\t\t\t\t\t\t\t\t<\/div>\n\t\t\t\t<\/div>\n\t\t\t\t\t<\/div>\n\t\t<\/div>\n\t\t\t\t\t<\/div>\n\t\t<\/section>\n\t\t\t\t<section class=\"elementor-section elementor-top-section elementor-element elementor-element-d4eb678 elementor-section-boxed elementor-section-height-default elementor-section-height-default\" data-id=\"d4eb678\" data-element_type=\"section\" data-e-type=\"section\">\n\t\t\t\t\t\t<div class=\"elementor-container elementor-column-gap-default\">\n\t\t\t\t\t<div class=\"elementor-column elementor-col-33 elementor-top-column elementor-element elementor-element-2c01cf2\" data-id=\"2c01cf2\" data-element_type=\"column\" data-e-type=\"column\">\n\t\t\t<div class=\"elementor-widget-wrap elementor-element-populated\">\n\t\t\t\t\t\t<div class=\"elementor-element elementor-element-da4e397 elementor-position-top elementor-widget elementor-widget-image-box\" data-id=\"da4e397\" data-element_type=\"widget\" data-e-type=\"widget\" data-widget_type=\"image-box.default\">\n\t\t\t\t<div class=\"elementor-widget-container\">\n\t\t\t\t\t<div class=\"elementor-image-box-wrapper\"><figure class=\"elementor-image-box-img\"><img fetchpriority=\"high\" decoding=\"async\" width=\"597\" height=\"392\" src=\"https:\/\/carmarbg.com\/wp-content\/uploads\/2023\/08\/CONSULTORIAS-JC-2.png\" class=\"attachment-full size-full wp-image-1302\" alt=\"\" srcset=\"https:\/\/carmarbg.com\/wp-content\/uploads\/2023\/08\/CONSULTORIAS-JC-2.png 597w, https:\/\/carmarbg.com\/wp-content\/uploads\/2023\/08\/CONSULTORIAS-JC-2-300x197.png 300w\" sizes=\"(max-width: 597px) 100vw, 597px\" \/><\/figure><div class=\"elementor-image-box-content\"><h3 class=\"elementor-image-box-title\">Consultor\u00edas empresariales <\/h3><p class=\"elementor-image-box-description\">Como Consultores Senior de Fundaci\u00f3n Coomeva, hemos impactado a m\u00e1s de 100 empresarios, de manera directa y espec\u00edfica atendiendo sus necesidades. <br>2020 - 2023<\/p><\/div><\/div>\t\t\t\t<\/div>\n\t\t\t\t<\/div>\n\t\t\t\t\t<\/div>\n\t\t<\/div>\n\t\t\t\t<div class=\"elementor-column elementor-col-33 elementor-top-column elementor-element elementor-element-ee2b163\" data-id=\"ee2b163\" data-element_type=\"column\" data-e-type=\"column\">\n\t\t\t<div class=\"elementor-widget-wrap elementor-element-populated\">\n\t\t\t\t\t\t<div class=\"elementor-element elementor-element-9b73ebc elementor-position-top elementor-widget elementor-widget-image-box\" data-id=\"9b73ebc\" data-element_type=\"widget\" data-e-type=\"widget\" data-widget_type=\"image-box.default\">\n\t\t\t\t<div class=\"elementor-widget-container\">\n\t\t\t\t\t<div class=\"elementor-image-box-wrapper\"><figure class=\"elementor-image-box-img\"><a href=\"https:\/\/carmarbg.com\/index.php\/home\/asesorias-y-consultorias\/consultorias-empresariales\/conferencias\/\" tabindex=\"-1\"><img decoding=\"async\" width=\"363\" height=\"253\" src=\"https:\/\/carmarbg.com\/wp-content\/uploads\/2023\/08\/CONFERENCIA-JC-2.jpg\" class=\"attachment-full size-full wp-image-1297\" alt=\"\" srcset=\"https:\/\/carmarbg.com\/wp-content\/uploads\/2023\/08\/CONFERENCIA-JC-2.jpg 363w, https:\/\/carmarbg.com\/wp-content\/uploads\/2023\/08\/CONFERENCIA-JC-2-300x209.jpg 300w\" sizes=\"(max-width: 363px) 100vw, 363px\" \/><\/a><\/figure><div class=\"elementor-image-box-content\"><h3 class=\"elementor-image-box-title\"><a href=\"https:\/\/carmarbg.com\/index.php\/home\/asesorias-y-consultorias\/consultorias-empresariales\/conferencias\/\"><br>Conferencias <\/a><\/h3><p class=\"elementor-image-box-description\">Hemos sido invitados a participar en diferentes escenarios, exponiendo desde nuestro conocimiento y experencia, temas fundamentales para el desarrollo empresarial.<br>2013- 2023<\/p><\/div><\/div>\t\t\t\t<\/div>\n\t\t\t\t<\/div>\n\t\t\t\t\t<\/div>\n\t\t<\/div>\n\t\t\t\t<div class=\"elementor-column elementor-col-33 elementor-top-column elementor-element elementor-element-9761f2c\" data-id=\"9761f2c\" data-element_type=\"column\" data-e-type=\"column\">\n\t\t\t<div class=\"elementor-widget-wrap elementor-element-populated\">\n\t\t\t\t\t\t<div class=\"elementor-element elementor-element-4493f2a elementor-position-top elementor-widget elementor-widget-image-box\" data-id=\"4493f2a\" data-element_type=\"widget\" data-e-type=\"widget\" data-widget_type=\"image-box.default\">\n\t\t\t\t<div class=\"elementor-widget-container\">\n\t\t\t\t\t<div class=\"elementor-image-box-wrapper\"><figure class=\"elementor-image-box-img\"><img decoding=\"async\" width=\"1280\" height=\"853\" src=\"https:\/\/carmarbg.com\/wp-content\/uploads\/2023\/08\/TALLER-JC-5.jpeg\" class=\"attachment-full size-full wp-image-1296\" alt=\"\" srcset=\"https:\/\/carmarbg.com\/wp-content\/uploads\/2023\/08\/TALLER-JC-5.jpeg 1280w, https:\/\/carmarbg.com\/wp-content\/uploads\/2023\/08\/TALLER-JC-5-300x200.jpeg 300w, https:\/\/carmarbg.com\/wp-content\/uploads\/2023\/08\/TALLER-JC-5-1024x682.jpeg 1024w, https:\/\/carmarbg.com\/wp-content\/uploads\/2023\/08\/TALLER-JC-5-768x512.jpeg 768w\" sizes=\"(max-width: 1280px) 100vw, 1280px\" \/><\/figure><div class=\"elementor-image-box-content\"><h3 class=\"elementor-image-box-title\"><br>Talleres <\/h3><p class=\"elementor-image-box-description\">Un taller es el aprender haciendo; el lograr involucrar a sus participantes generando acciones positivas para ellos como personas, estudiantes, empleados y empresarios, es un reto que nos impulsa a mejorar y actualizar nuestro contenido. <br>\n2013 - 2023<\/p><\/div><\/div>\t\t\t\t<\/div>\n\t\t\t\t<\/div>\n\t\t\t\t\t<\/div>\n\t\t<\/div>\n\t\t\t\t\t<\/div>\n\t\t<\/section>\n\t\t\t\t<\/div>\n\t\t","protected":false},"excerpt":{"rendered":"<p>En el camino como empresarios, emprendedores y directivos gremiales, ha sido fundamental el investigar y capacitarnos para entender los retos y desaf\u00edos que afrontamos todos los empresarios, especialmente los peque\u00f1os, medianos empresarios y emprendedores. Encontramos que existe una brecha importante entre la percepci\u00f3n de los empresarios colombianos sobre sus capacidades gerenciales y la calificaci\u00f3n real [&hellip;]<\/p>\n","protected":false},"author":1,"featured_media":639,"parent":787,"menu_order":0,"comment_status":"closed","ping_status":"closed","template":"","meta":{"vkexunit_cta_each_option":"","footnotes":""},"class_list":["post-805","page","type-page","status-publish","has-post-thumbnail","hentry"],"yoast_head":"<!-- This site is optimized with the Yoast SEO plugin v27.3 - https:\/\/yoast.com\/product\/yoast-seo-wordpress\/ -->\n<title>Consultor\u00edas empresariales, conferencias y talleres - CARMAR BUSINESS GROUP<\/title>\n<meta name=\"robots\" content=\"index, follow, max-snippet:-1, max-image-preview:large, max-video-preview:-1\" \/>\n<link rel=\"canonical\" href=\"https:\/\/carmarbg.com\/index.php\/home\/asesorias-y-consultorias\/consultorias-empresariales\/\" \/>\n<meta property=\"og:locale\" content=\"es_ES\" \/>\n<meta property=\"og:type\" content=\"article\" \/>\n<meta property=\"og:title\" content=\"Consultor\u00edas empresariales, conferencias y talleres - CARMAR BUSINESS GROUP\" \/>\n<meta property=\"og:description\" content=\"En el camino como empresarios, emprendedores y directivos gremiales, ha sido fundamental el investigar y capacitarnos para entender los retos y desaf\u00edos que afrontamos todos los empresarios, especialmente los peque\u00f1os, medianos empresarios y emprendedores. Encontramos que existe una brecha importante entre la percepci\u00f3n de los empresarios colombianos sobre sus capacidades gerenciales y la calificaci\u00f3n real [&hellip;]\" \/>\n<meta property=\"og:url\" content=\"https:\/\/carmarbg.com\/index.php\/home\/asesorias-y-consultorias\/consultorias-empresariales\/\" \/>\n<meta property=\"og:site_name\" content=\"CARMAR BUSINESS GROUP\" \/>\n<meta property=\"article:modified_time\" content=\"2023-08-16T21:04:56+00:00\" \/>\n<meta property=\"og:image\" content=\"https:\/\/carmarbg.com\/wp-content\/uploads\/2023\/08\/CONSULTORIAS-JC-2.png\" \/>\n<meta name=\"twitter:card\" content=\"summary_large_image\" \/>\n<meta name=\"twitter:label1\" content=\"Tiempo de lectura\" \/>\n\t<meta name=\"twitter:data1\" content=\"2 minutos\" \/>\n<script type=\"application\/ld+json\" class=\"yoast-schema-graph\">{\"@context\":\"https:\\\/\\\/schema.org\",\"@graph\":[{\"@type\":\"WebPage\",\"@id\":\"https:\\\/\\\/carmarbg.com\\\/index.php\\\/home\\\/asesorias-y-consultorias\\\/consultorias-empresariales\\\/\",\"url\":\"https:\\\/\\\/carmarbg.com\\\/index.php\\\/home\\\/asesorias-y-consultorias\\\/consultorias-empresariales\\\/\",\"name\":\"Consultor\u00edas empresariales, conferencias y talleres - CARMAR BUSINESS GROUP\",\"isPartOf\":{\"@id\":\"https:\\\/\\\/carmarbg.com\\\/#website\"},\"primaryImageOfPage\":{\"@id\":\"https:\\\/\\\/carmarbg.com\\\/index.php\\\/home\\\/asesorias-y-consultorias\\\/consultorias-empresariales\\\/#primaryimage\"},\"image\":{\"@id\":\"https:\\\/\\\/carmarbg.com\\\/index.php\\\/home\\\/asesorias-y-consultorias\\\/consultorias-empresariales\\\/#primaryimage\"},\"thumbnailUrl\":\"https:\\\/\\\/carmarbg.com\\\/wp-content\\\/uploads\\\/2021\\\/06\\\/CARRERA-MARTINEZ.jpg\",\"datePublished\":\"2023-08-09T22:04:23+00:00\",\"dateModified\":\"2023-08-16T21:04:56+00:00\",\"breadcrumb\":{\"@id\":\"https:\\\/\\\/carmarbg.com\\\/index.php\\\/home\\\/asesorias-y-consultorias\\\/consultorias-empresariales\\\/#breadcrumb\"},\"inLanguage\":\"es\",\"potentialAction\":[{\"@type\":\"ReadAction\",\"target\":[\"https:\\\/\\\/carmarbg.com\\\/index.php\\\/home\\\/asesorias-y-consultorias\\\/consultorias-empresariales\\\/\"]}]},{\"@type\":\"ImageObject\",\"inLanguage\":\"es\",\"@id\":\"https:\\\/\\\/carmarbg.com\\\/index.php\\\/home\\\/asesorias-y-consultorias\\\/consultorias-empresariales\\\/#primaryimage\",\"url\":\"https:\\\/\\\/carmarbg.com\\\/wp-content\\\/uploads\\\/2021\\\/06\\\/CARRERA-MARTINEZ.jpg\",\"contentUrl\":\"https:\\\/\\\/carmarbg.com\\\/wp-content\\\/uploads\\\/2021\\\/06\\\/CARRERA-MARTINEZ.jpg\",\"width\":1280,\"height\":720},{\"@type\":\"BreadcrumbList\",\"@id\":\"https:\\\/\\\/carmarbg.com\\\/index.php\\\/home\\\/asesorias-y-consultorias\\\/consultorias-empresariales\\\/#breadcrumb\",\"itemListElement\":[{\"@type\":\"ListItem\",\"position\":1,\"name\":\"Portada\",\"item\":\"https:\\\/\\\/carmarbg.com\\\/\"},{\"@type\":\"ListItem\",\"position\":2,\"name\":\"Home\",\"item\":\"https:\\\/\\\/carmarbg.com\\\/\"},{\"@type\":\"ListItem\",\"position\":3,\"name\":\"Asesor\u00edas y Consultor\u00edas\",\"item\":\"https:\\\/\\\/carmarbg.com\\\/index.php\\\/home\\\/asesorias-y-consultorias\\\/\"},{\"@type\":\"ListItem\",\"position\":4,\"name\":\"Consultor\u00edas empresariales, conferencias y talleres\"}]},{\"@type\":\"WebSite\",\"@id\":\"https:\\\/\\\/carmarbg.com\\\/#website\",\"url\":\"https:\\\/\\\/carmarbg.com\\\/\",\"name\":\"CARMAR BUSINESS GROUP\",\"description\":\"\",\"potentialAction\":[{\"@type\":\"SearchAction\",\"target\":{\"@type\":\"EntryPoint\",\"urlTemplate\":\"https:\\\/\\\/carmarbg.com\\\/?s={search_term_string}\"},\"query-input\":{\"@type\":\"PropertyValueSpecification\",\"valueRequired\":true,\"valueName\":\"search_term_string\"}}],\"inLanguage\":\"es\"}]}<\/script>\n<!-- \/ Yoast SEO plugin. -->","yoast_head_json":{"title":"Consultor\u00edas empresariales, conferencias y talleres - CARMAR BUSINESS GROUP","robots":{"index":"index","follow":"follow","max-snippet":"max-snippet:-1","max-image-preview":"max-image-preview:large","max-video-preview":"max-video-preview:-1"},"canonical":"https:\/\/carmarbg.com\/index.php\/home\/asesorias-y-consultorias\/consultorias-empresariales\/","og_locale":"es_ES","og_type":"article","og_title":"Consultor\u00edas empresariales, conferencias y talleres - CARMAR BUSINESS GROUP","og_description":"En el camino como empresarios, emprendedores y directivos gremiales, ha sido fundamental el investigar y capacitarnos para entender los retos y desaf\u00edos que afrontamos todos los empresarios, especialmente los peque\u00f1os, medianos empresarios y emprendedores. Encontramos que existe una brecha importante entre la percepci\u00f3n de los empresarios colombianos sobre sus capacidades gerenciales y la calificaci\u00f3n real [&hellip;]","og_url":"https:\/\/carmarbg.com\/index.php\/home\/asesorias-y-consultorias\/consultorias-empresariales\/","og_site_name":"CARMAR BUSINESS GROUP","article_modified_time":"2023-08-16T21:04:56+00:00","og_image":[{"url":"https:\/\/carmarbg.com\/wp-content\/uploads\/2023\/08\/CONSULTORIAS-JC-2.png","type":"","width":"","height":""}],"twitter_card":"summary_large_image","twitter_misc":{"Tiempo de lectura":"2 minutos"},"schema":{"@context":"https:\/\/schema.org","@graph":[{"@type":"WebPage","@id":"https:\/\/carmarbg.com\/index.php\/home\/asesorias-y-consultorias\/consultorias-empresariales\/","url":"https:\/\/carmarbg.com\/index.php\/home\/asesorias-y-consultorias\/consultorias-empresariales\/","name":"Consultor\u00edas empresariales, conferencias y talleres - CARMAR BUSINESS GROUP","isPartOf":{"@id":"https:\/\/carmarbg.com\/#website"},"primaryImageOfPage":{"@id":"https:\/\/carmarbg.com\/index.php\/home\/asesorias-y-consultorias\/consultorias-empresariales\/#primaryimage"},"image":{"@id":"https:\/\/carmarbg.com\/index.php\/home\/asesorias-y-consultorias\/consultorias-empresariales\/#primaryimage"},"thumbnailUrl":"https:\/\/carmarbg.com\/wp-content\/uploads\/2021\/06\/CARRERA-MARTINEZ.jpg","datePublished":"2023-08-09T22:04:23+00:00","dateModified":"2023-08-16T21:04:56+00:00","breadcrumb":{"@id":"https:\/\/carmarbg.com\/index.php\/home\/asesorias-y-consultorias\/consultorias-empresariales\/#breadcrumb"},"inLanguage":"es","potentialAction":[{"@type":"ReadAction","target":["https:\/\/carmarbg.com\/index.php\/home\/asesorias-y-consultorias\/consultorias-empresariales\/"]}]},{"@type":"ImageObject","inLanguage":"es","@id":"https:\/\/carmarbg.com\/index.php\/home\/asesorias-y-consultorias\/consultorias-empresariales\/#primaryimage","url":"https:\/\/carmarbg.com\/wp-content\/uploads\/2021\/06\/CARRERA-MARTINEZ.jpg","contentUrl":"https:\/\/carmarbg.com\/wp-content\/uploads\/2021\/06\/CARRERA-MARTINEZ.jpg","width":1280,"height":720},{"@type":"BreadcrumbList","@id":"https:\/\/carmarbg.com\/index.php\/home\/asesorias-y-consultorias\/consultorias-empresariales\/#breadcrumb","itemListElement":[{"@type":"ListItem","position":1,"name":"Portada","item":"https:\/\/carmarbg.com\/"},{"@type":"ListItem","position":2,"name":"Home","item":"https:\/\/carmarbg.com\/"},{"@type":"ListItem","position":3,"name":"Asesor\u00edas y Consultor\u00edas","item":"https:\/\/carmarbg.com\/index.php\/home\/asesorias-y-consultorias\/"},{"@type":"ListItem","position":4,"name":"Consultor\u00edas empresariales, conferencias y talleres"}]},{"@type":"WebSite","@id":"https:\/\/carmarbg.com\/#website","url":"https:\/\/carmarbg.com\/","name":"CARMAR BUSINESS GROUP","description":"","potentialAction":[{"@type":"SearchAction","target":{"@type":"EntryPoint","urlTemplate":"https:\/\/carmarbg.com\/?s={search_term_string}"},"query-input":{"@type":"PropertyValueSpecification","valueRequired":true,"valueName":"search_term_string"}}],"inLanguage":"es"}]}},"_links":{"self":[{"href":"https:\/\/carmarbg.com\/index.php\/wp-json\/wp\/v2\/pages\/805","targetHints":{"allow":["GET"]}}],"collection":[{"href":"https:\/\/carmarbg.com\/index.php\/wp-json\/wp\/v2\/pages"}],"about":[{"href":"https:\/\/carmarbg.com\/index.php\/wp-json\/wp\/v2\/types\/page"}],"author":[{"embeddable":true,"href":"https:\/\/carmarbg.com\/index.php\/wp-json\/wp\/v2\/users\/1"}],"replies":[{"embeddable":true,"href":"https:\/\/carmarbg.com\/index.php\/wp-json\/wp\/v2\/comments?post=805"}],"version-history":[{"count":39,"href":"https:\/\/carmarbg.com\/index.php\/wp-json\/wp\/v2\/pages\/805\/revisions"}],"predecessor-version":[{"id":1377,"href":"https:\/\/carmarbg.com\/index.php\/wp-json\/wp\/v2\/pages\/805\/revisions\/1377"}],"up":[{"embeddable":true,"href":"https:\/\/carmarbg.com\/index.php\/wp-json\/wp\/v2\/pages\/787"}],"wp:featuredmedia":[{"embeddable":true,"href":"https:\/\/carmarbg.com\/index.php\/wp-json\/wp\/v2\/media\/639"}],"wp:attachment":[{"href":"https:\/\/carmarbg.com\/index.php\/wp-json\/wp\/v2\/media?parent=805"}],"curies":[{"name":"wp","href":"https:\/\/api.w.org\/{rel}","templated":true}]}}